{"id":8468,"date":"2020-12-02T14:29:27","date_gmt":"2020-12-02T14:29:27","guid":{"rendered":"https:\/\/cdtrp.ca\/7eme-congres-scientifique-annuel-du-prdtc-code-de-conduite-et-politiques\/"},"modified":"2020-12-02T14:46:05","modified_gmt":"2020-12-02T14:46:05","slug":"7eme-congres-scientifique-annuel-du-prdtc-code-de-conduite-et-politiques","status":"publish","type":"page","link":"https:\/\/cdtrp.ca\/fr\/7eme-congres-scientifique-annuel-du-prdtc-code-de-conduite-et-politiques\/","title":{"rendered":"7\u00e8me Congr\u00e8s scientifique Annuel du PRDTC &#8211; Code de conduite et politiques"},"content":{"rendered":"<div class=\"fusion-fullwidth fullwidth-box fusion-builder-row-1 fusion-flex-container nonhundred-percent-fullwidth non-hundred-percent-height-scrolling\" style=\"--awb-border-radius-top-left:0px;--awb-border-radius-top-right:0px;--awb-border-radius-bottom-right:0px;--awb-border-radius-bottom-left:0px;--awb-flex-wrap:wrap;\" ><div class=\"fusion-builder-row fusion-row fusion-flex-align-items-flex-start fusion-flex-content-wrap\" style=\"max-width:1216.8px;margin-left: calc(-4% \/ 2 );margin-right: calc(-4% \/ 2 );\"><div class=\"fusion-layout-column fusion_builder_column fusion-builder-column-0 fusion_builder_column_1_1 1_1 fusion-flex-column\" style=\"--awb-bg-size:cover;--awb-width-large:100%;--awb-margin-top-large:0px;--awb-spacing-right-large:1.92%;--awb-margin-bottom-large:0px;--awb-spacing-left-large:1.92%;--awb-width-medium:100%;--awb-order-medium:0;--awb-spacing-right-medium:1.92%;--awb-spacing-left-medium:1.92%;--awb-width-small:100%;--awb-order-small:0;--awb-spacing-right-small:1.92%;--awb-spacing-left-small:1.92%;\"><div class=\"fusion-column-wrapper fusion-column-has-shadow fusion-flex-justify-content-flex-start fusion-content-layout-column\"><div class=\"fusion-text fusion-text-1\"><p>Le PRDTC s&rsquo;engage \u00e0 fournir un environnement professionnel, amical, s\u00fbr et accueillant pour tous les participants \u00e0 ses r\u00e9unions, ind\u00e9pendamment du sexe, de l&rsquo;orientation sexuelle, du handicap, de la race ou de toute autre caract\u00e9ristique de l&rsquo;identit\u00e9 d&rsquo;une personne. Nous accueillons les chercheurs de toutes les disciplines universitaires et les organisations partenaires qui peuvent contribuer \u00e0 la recherche sur le don et la transplantation, ainsi que les patients, les familles et les donneurs.<\/p>\n<p>Nous attendons de tous les participants et orateurs aux r\u00e9unions et \u00e9v\u00e9nements virtuels qu&rsquo;ils contribuent \u00e0 garantir une exp\u00e9rience positive pour tous.<\/p>\n<p>Vous pouvez apporter une contribution positive \u00e0 notre communaut\u00e9 en :<\/p>\n<ul>\n<li>Posant des questions aux intervenants pendant les p\u00e9riodes de questions, par le biais du chat ou en levant la main;<\/li>\n<li>Participant \u00e0 la session de posters pour soutenir les stagiaires du CDTRP;<\/li>\n<li>Respectant les opinions, l&rsquo;expertise et l&rsquo;exp\u00e9rience des autres participants en se comportant avec courtoisie.<\/li>\n<\/ul>\n<h5><strong>Politique de confidentialit\u00e9<\/strong><\/h5>\n<p>La participation aux jours 1 et 2 du Congr\u00e8s annuel du PRDTC est limit\u00e9e aux membres du PRDTC ainsi qu&rsquo;aux patients, familles et donneurs. Toutes les recherches et les r\u00e9sultats pr\u00e9sent\u00e9s sont confidentiels. Sauf autorisation expresse du pr\u00e9sentateur, aucune partie des pr\u00e9sentations ou des r\u00e9sultats pr\u00e9sent\u00e9s ne peut \u00eatre copi\u00e9e, utilis\u00e9e ou reproduite de quelque mani\u00e8re que ce soit.<\/p>\n<p>Le troisi\u00e8me jour, nous accueillons les partenaires et collaborateurs qui ne font pas partie de notre accord de coalition pour des discussions ouvertes et non confidentielles.<\/p>\n<h5><strong>Comportements inacceptables<\/strong><\/h5>\n<p>Aucun comportement inacceptable ne sera tol\u00e9r\u00e9 pendant une quelconque partie de la r\u00e9union. Les comportements inacceptables incluent, mais ne se limitent pas \u00e0 :<\/p>\n<ul>\n<li>Des paroles ou des actes intimidants, harcelants, abusifs, discriminatoires ou d\u00e9gradants;<\/li>\n<li>Des commentaires ou images verbales ou \u00e9crites inappropri\u00e9es;<\/li>\n<li>Une utilisation inappropri\u00e9e de la nudit\u00e9 et\/ou d&rsquo;images sexuelles;<\/li>\n<li>Une perturbation inappropri\u00e9e des pr\u00e9sentations, soit verbalement, soit dans la bo\u00eete de discussion.<\/li>\n<\/ul>\n<p>Les cons\u00e9quences d&rsquo;une mauvaise conduite peuvent inclure :<\/p>\n<ul>\n<li>L&rsquo;exclusion imm\u00e9diate de la r\u00e9union ou de l&rsquo;\u00e9v\u00e9nement sans avertissement;<\/li>\n<li>Des restrictions concernant les r\u00e9unions et \u00e9v\u00e9nements futurs;<\/li>\n<li>La fin de l&rsquo;adh\u00e9sion au PRTDC.<\/li>\n<\/ul>\n<h6><strong>Signaler un comportement inappropri\u00e9<\/strong><\/h6>\n<p>Nous vous encourageons \u00e0 signaler tout comportement qui vous met mal \u00e0 l&rsquo;aise ou qui met mal \u00e0 l&rsquo;aise d&rsquo;autres personnes. Veuillez signaler tout harc\u00e8lement et tout comportement inappropri\u00e9 ou perturbateur au personnel du PRDTC \u00e0 l&rsquo;adresse suivante : <a href=\"mailto:info@cdtrp.ca\">info@cdtrp.ca<\/a>.<\/p>\n<h5><strong>Politique de r\u00e9mun\u00e9ration<\/strong><\/h5>\n<p>En reconnaissance de la participation de notre communaut\u00e9 diversifi\u00e9e, le PRDTC est heureux d&rsquo;offrir une inscription gratuite \u00e0 notre congr\u00e8s annuel \u00e0 tous les participants. Pour cette r\u00e9union virtuelle, les participants qui ne feront pas de pr\u00e9sentation ne seront pas r\u00e9mun\u00e9r\u00e9s.<\/p>\n<p>Les conf\u00e9renciers universitaires pour le congr\u00e8s annuel du PRDTC ne sont pas r\u00e9mun\u00e9r\u00e9s.<\/p>\n<p>Les conf\u00e9renciers qui sont des patients, des membres de la famille ou des donneurs recevront des honoraires modestes (100 $) pour les d\u00e9dommager du temps qu&rsquo;ils consacrent \u00e0 la pr\u00e9paration et \u00e0 la pr\u00e9sentation de leur expos\u00e9.<\/p>\n<\/div><\/div><\/div><\/div><\/div>\n","protected":false},"excerpt":{"rendered":"","protected":false},"author":6,"featured_media":0,"parent":0,"menu_order":0,"comment_status":"closed","ping_status":"closed","template":"","meta":{"footnotes":""},"class_list":["post-8468","page","type-page","status-publish","hentry"],"_links":{"self":[{"href":"https:\/\/cdtrp.ca\/fr\/wp-json\/wp\/v2\/pages\/8468"}],"collection":[{"href":"https:\/\/cdtrp.ca\/fr\/wp-json\/wp\/v2\/pages"}],"about":[{"href":"https:\/\/cdtrp.ca\/fr\/wp-json\/wp\/v2\/types\/page"}],"author":[{"embeddable":true,"href":"https:\/\/cdtrp.ca\/fr\/wp-json\/wp\/v2\/users\/6"}],"replies":[{"embeddable":true,"href":"https:\/\/cdtrp.ca\/fr\/wp-json\/wp\/v2\/comments?post=8468"}],"version-history":[{"count":6,"href":"https:\/\/cdtrp.ca\/fr\/wp-json\/wp\/v2\/pages\/8468\/revisions"}],"predecessor-version":[{"id":8475,"href":"https:\/\/cdtrp.ca\/fr\/wp-json\/wp\/v2\/pages\/8468\/revisions\/8475"}],"wp:attachment":[{"href":"https:\/\/cdtrp.ca\/fr\/wp-json\/wp\/v2\/media?parent=8468"}],"curies":[{"name":"wp","href":"https:\/\/api.w.org\/{rel}","templated":true}]}}