{"id":7963,"date":"2020-11-23T20:24:51","date_gmt":"2020-11-23T20:24:51","guid":{"rendered":"https:\/\/cdtrp.ca\/?page_id=7963"},"modified":"2020-11-30T21:25:23","modified_gmt":"2020-11-30T21:25:23","slug":"congres-scientifique-annuel-2020-du-prdtc","status":"publish","type":"page","link":"https:\/\/cdtrp.ca\/fr\/evenements\/congres-scientifique-annuel-2020-du-prdtc\/","title":{"rendered":"Congr\u00e8s Scientifique Annuel 2020 du PRDTC"},"content":{"rendered":"<p><div class=\"fusion-fullwidth fullwidth-box fusion-builder-row-1 nonhundred-percent-fullwidth non-hundred-percent-height-scrolling fusion-no-small-visibility fusion-no-medium-visibility\" style=\"--awb-background-position:left top;--awb-border-sizes-top:0px;--awb-border-sizes-bottom:0px;--awb-border-sizes-left:0px;--awb-border-sizes-right:0px;--awb-border-radius-top-left:0px;--awb-border-radius-top-right:0px;--awb-border-radius-bottom-right:0px;--awb-border-radius-bottom-left:0px;--awb-flex-wrap:wrap;\" ><div class=\"fusion-builder-row fusion-row\"><div class=\"fusion-layout-column fusion_builder_column fusion-builder-column-0 fusion_builder_column_1_1 1_1 fusion-one-full fusion-column-first fusion-column-last fusion-no-small-visibility fusion-no-medium-visibility\" style=\"--awb-padding-top:6rem;--awb-padding-right:3rem;--awb-padding-bottom:6rem;--awb-padding-left:3rem;--awb-bg-color:#ffffff;--awb-bg-color-hover:#ffffff;--awb-bg-size:cover;--awb-box-shadow:0px 0px 25px 0px rgba(0,0,0,0.5);;--awb-margin-top:-12rem;\"><div class=\"fusion-column-wrapper fusion-column-has-shadow fusion-flex-column-wrapper-legacy\"><div class=\"fusion-text fusion-text-1\"><p>Le <strong>Programme de recherche en don et transplantation du Canada<\/strong>, en collaboration avec ses partenaires fondateurs, Astellas Pharma Canada, Inc., est heureux d&rsquo;annoncer le <strong>7\u00e8me Congr\u00e8s scientifique annuel qui se tiendra du 2 au 4 d\u00e9cembre 2020<\/strong>.<\/p>\n<p>Ce riche programme a \u00e9t\u00e9 \u00e9labor\u00e9 par le comit\u00e9 de planification du Congr\u00e8s scientifique annuel du PRDTC, copr\u00e9sid\u00e9 par la Dre Samantha Anthony (Th\u00e8mes 1 et 5) et le Dr Fr\u00e9d\u00e9rick D&rsquo;Aragon (Th\u00e8me 2). Ian Rogers (Th\u00e8me 3), Jed Gross (Th\u00e8mes 1 et 2), Daniela Massierer (stagiaire du PRDTC et Th\u00e8me 5), Elaine Yong (co-responsable de la recherche PFD pour le Th\u00e8me 4) et Holly Mansell (Th\u00e8me 5).<\/p>\n<p>Nous sommes impatients d&rsquo;\u00eatre avec vous du 2 au 4 d\u00e9cembre pour discuter des nouveaut\u00e9s de la recherche en mati\u00e8re de don et de transplantation au Canada.<\/p>\n<p>Les membres et les participants du PRDTC sont invit\u00e9s \u00e0 se joindre aux sessions des 2 et 3 d\u00e9cembre. Le programme sera ouvert aux partenaires le 4 d\u00e9cembre 2020.<\/p>\n<h5 style=\"text-align: center;\"><a href=\"https:\/\/cdtrp.ca\/wp-content\/uploads\/2020\/11\/PUBLIC-Final-program-CDTRP-Annual-Scientific-Meeting-2020.pdf\">Cliquez ici pour avoir un aper\u00e7u du programme<\/a><br \/>\n<em>Note :Veuillez consulter la section \u00ab Membres inscrits uniquement \u00bb ci-dessous pour le programme complet avec les liens Zoom int\u00e9gr\u00e9s<\/em><\/h5>\n<h5 style=\"text-align: center;\"><a href=\"https:\/\/cdtrp.ca\/fr\/participer\/\">Cliquez ici pour devenir membre du PRDTC<\/a><\/h5>\n<\/div><div class=\"fusion-clearfix\"><\/div><\/div><\/div><\/div><\/div><div class=\"fusion-fullwidth fullwidth-box fusion-builder-row-2 nonhundred-percent-fullwidth non-hundred-percent-height-scrolling fusion-no-medium-visibility fusion-no-large-visibility\" style=\"--awb-background-position:left top;--awb-border-sizes-top:0px;--awb-border-sizes-bottom:0px;--awb-border-sizes-left:0px;--awb-border-sizes-right:0px;--awb-border-radius-top-left:0px;--awb-border-radius-top-right:0px;--awb-border-radius-bottom-right:0px;--awb-border-radius-bottom-left:0px;--awb-flex-wrap:wrap;\" ><div class=\"fusion-builder-row fusion-row\"><div class=\"fusion-layout-column fusion_builder_column fusion-builder-column-1 fusion_builder_column_1_1 1_1 fusion-one-full fusion-column-first fusion-column-last fusion-no-large-visibility\" style=\"--awb-bg-size:cover;\"><div class=\"fusion-column-wrapper fusion-column-has-shadow fusion-flex-column-wrapper-legacy\"><div class=\"fusion-text fusion-text-2\"><p>Le <strong>Programme de recherche en don et transplantation du Canada<\/strong>, en collaboration avec ses partenaires fondateurs, Astellas Pharma Canada, Inc., est heureux d&rsquo;annoncer le <strong>7\u00e8me congr\u00e8s scientifique annuel qui se tiendra du 2 au 4 d\u00e9cembre 2020<\/strong>.<\/p>\n<p>Ce riche programme a \u00e9t\u00e9 \u00e9labor\u00e9 par le comit\u00e9 de planification de la r\u00e9union scientifique annuelle du CDTRP, copr\u00e9sid\u00e9 par la Dre Samantha Anthony (Th\u00e8mes 1 et 5) et le Dr Fr\u00e9d\u00e9rick D&rsquo;Aragon (Th\u00e8me 2). Ian Rogers (Th\u00e8me 3), Jed Gross (Th\u00e8mes 1 et 2), Daniela Massierer (stagiaire du PRDTC et Th\u00e8me 5), Elaine Yong (co-responsable de la recherche PFD pour le Th\u00e8me 4) et Holly Mansell (Th\u00e8me 5).<\/p>\n<p>Nous sommes impatients de passer du 2 au 4 d\u00e9cembre \u00e0 discuter des nouveaut\u00e9s de la recherche en mati\u00e8re de don et de transplantation au Canada.<\/p>\n<p>Les membres et les participants du PRDTC sont invit\u00e9s \u00e0 se joindre aux sessions des 2 et 3 d\u00e9cembre. Le programme sera ouvert aux partenaires le 4 d\u00e9cembre 2020.<\/p>\n<h5 style=\"text-align: center;\"><a href=\"https:\/\/cdtrp.ca\/wp-content\/uploads\/2020\/11\/PUBLIC-Final-program-CDTRP-Annual-Scientific-Meeting-2020.pdf\">Cliquez ici pour avoir un aper\u00e7u du programme<\/a><br \/>\n<em>Note :Veuillez consulter la section \u00ab Membres inscrits uniquement \u00bb ci-dessous pour le programme complet avec les liens Zoom int\u00e9gr\u00e9s<\/em><\/h5>\n<h5 style=\"text-align: center;\"><a href=\"https:\/\/cdtrp.ca\/fr\/participer\/\">Cliquez ici pour devenir membre du PRDTC<\/a><\/h5>\n<\/div><div class=\"fusion-clearfix\"><\/div><\/div><\/div><\/div><\/div><div class=\"fusion-fullwidth fullwidth-box fusion-builder-row-3 hundred-percent-fullwidth non-hundred-percent-height-scrolling fusion-equal-height-columns\" style=\"--awb-background-position:left top;--awb-border-sizes-top:0px;--awb-border-sizes-bottom:0px;--awb-border-sizes-left:0px;--awb-border-sizes-right:0px;--awb-border-radius-top-left:0px;--awb-border-radius-top-right:0px;--awb-border-radius-bottom-right:0px;--awb-border-radius-bottom-left:0px;--awb-padding-top:1rem;--awb-padding-right:0px;--awb-padding-bottom:0px;--awb-padding-left:0px;--awb-flex-wrap:wrap;\" ><div class=\"fusion-builder-row fusion-row\"><div class=\"fusion-layout-column fusion_builder_column fusion-builder-column-2 fusion_builder_column_1_3 1_3 fusion-one-third fusion-column-first\" style=\"--awb-padding-top:8%;--awb-padding-right:6%;--awb-padding-bottom:10%;--awb-padding-left:6%;--awb-bg-color:#590d11;--awb-bg-color-hover:#590d11;--awb-bg-position:center center;--awb-bg-size:cover;\"><div class=\"fusion-column-wrapper fusion-column-has-shadow fusion-flex-column-wrapper-legacy\"><div class=\"fusion-column-content-centered\"><div class=\"fusion-column-content\"><div class=\"fusion-fa-align-center\"><i class=\"fb-icon-element-1 fb-icon-element fontawesome-icon fa-edit far circle-no\" style=\"--awb-font-size:48px;\"><\/i><\/div><div class=\"fusion-sep-clear\"><\/div><div class=\"fusion-separator fusion-full-width-sep\" style=\"margin-left: auto;margin-right: auto;margin-top:1rem;margin-bottom:1rem;width:100%;\"><\/div><div class=\"fusion-sep-clear\"><\/div><div class=\"fusion-text fusion-text-3\"><h3 style=\"text-align: center; font-weight: 400; color: #fff;\">Inscrivez-vous ici<\/h3>\n<\/div><div class=\"fusion-sep-clear\"><\/div><div class=\"fusion-separator fusion-full-width-sep\" style=\"margin-left: auto;margin-right: auto;margin-top:1rem;margin-bottom:1rem;width:100%;\"><\/div><div class=\"fusion-sep-clear\"><\/div><div class=\"fusion-text fusion-text-4\"><p style=\"text-align: center;\"><span style=\"color: #ffffff;\">Profitez de l&rsquo;inscription gratuite pour les trois jours<\/span><\/p>\n<\/div><div class=\"fusion-sep-clear\"><\/div><div class=\"fusion-separator fusion-full-width-sep\" style=\"margin-left: auto;margin-right: auto;margin-top:1rem;margin-bottom:1rem;width:100%;\"><\/div><div class=\"fusion-sep-clear\"><\/div><div class=\"fusion-aligncenter\"><a class=\"fusion-button button-flat button-large button-custom fusion-button-default button-1 fusion-button-span-no fusion-button-default-type\" style=\"--button_accent_color:#ffffff;--button_border_color:#ffffff;--button_accent_hover_color:#3697c3;--button_border_hover_color:#3697c3;--button_border_width-top:2px;--button_border_width-right:2px;--button_border_width-bottom:2px;--button_border_width-left:2px;--button-border-radius-top-left:0;--button-border-radius-top-right:0;--button-border-radius-bottom-right:0;--button-border-radius-bottom-left:0;--button_gradient_top_color:ghost;--button_gradient_bottom_color:ghost;--button_gradient_top_color_hover:#ffffff;--button_gradient_bottom_color_hover:#ffffff;\" target=\"_self\" href=\"https:\/\/docs.google.com\/forms\/d\/e\/1FAIpQLScIikwgvZMClrJpNFcuJJfEB_6lE8SygV_XG9qFvrH_HXPffw\/viewform\"><span class=\"fusion-button-text\">Inscrivez-vous maintenant<\/span><\/a><\/div><\/div><\/div><div class=\"fusion-clearfix\"><\/div><\/div><\/div><div class=\"fusion-layout-column fusion_builder_column fusion-builder-column-3 fusion_builder_column_1_3 1_3 fusion-one-third\" style=\"--awb-padding-top:8%;--awb-padding-right:6%;--awb-padding-bottom:10%;--awb-padding-left:6%;--awb-bg-color:#57a5b8;--awb-bg-color-hover:#57a5b8;--awb-bg-position:center center;--awb-bg-size:cover;\"><div class=\"fusion-column-wrapper fusion-column-has-shadow fusion-flex-column-wrapper-legacy\"><div class=\"fusion-column-content-centered\"><div class=\"fusion-column-content\"><div class=\"fusion-fa-align-center\"><i class=\"fb-icon-element-2 fb-icon-element fontawesome-icon fa-clipboard-list fas circle-no\" style=\"--awb-font-size:48px;\"><\/i><\/div><div class=\"fusion-sep-clear\"><\/div><div class=\"fusion-separator fusion-full-width-sep\" style=\"margin-left: auto;margin-right: auto;margin-top:1rem;margin-bottom:1rem;width:100%;\"><\/div><div class=\"fusion-sep-clear\"><\/div><div class=\"fusion-text fusion-text-5\"><h3 style=\"text-align: center; font-weight: 400; color: #fff;\">Membres inscrits uniquement<\/h3>\n<\/div><div class=\"fusion-sep-clear\"><\/div><div class=\"fusion-separator fusion-full-width-sep\" style=\"margin-left: auto;margin-right: auto;margin-top:1rem;margin-bottom:1rem;width:100%;\"><\/div><div class=\"fusion-sep-clear\"><\/div><div class=\"fusion-text fusion-text-6\"><p style=\"text-align: center; color: #fff;\">Cliquez ici pour consulter le programme complet, les activit\u00e9s sociales et les r\u00e9sum\u00e9s des posters.<\/p>\n<p style=\"text-align: center;\"><span style=\"color: #ffffff;\"><strong>Si vous vous \u00eates inscrit mais n&rsquo;avez pas re\u00e7u le mot de passe, veuillez envoyer un courriel \u00e0 <\/strong><\/span><a class=\"c-link\" href=\"mailto:info@cdtrp.ca\" target=\"_blank\" rel=\"noopener noreferrer\" data-stringify-link=\"mailto:info@cdtrp.ca\" data-sk=\"tooltip_parent\"><span style=\"color: #ffffff;\"><strong>info@cdtrp.ca<\/strong><\/span><\/a><\/p>\n<\/div><div class=\"fusion-sep-clear\"><\/div><div class=\"fusion-separator fusion-full-width-sep\" style=\"margin-left: auto;margin-right: auto;margin-top:30px;width:100%;\"><\/div><div class=\"fusion-sep-clear\"><\/div><div class=\"fusion-aligncenter\"><a class=\"fusion-button button-flat button-large button-custom fusion-button-default button-2 fusion-button-span-no fusion-button-default-type\" style=\"--button_accent_color:#ffffff;--button_border_color:#ffffff;--button_accent_hover_color:#327ec7;--button_border_hover_color:#327ec7;--button_border_width-top:2px;--button_border_width-right:2px;--button_border_width-bottom:2px;--button_border_width-left:2px;--button-border-radius-top-left:0;--button-border-radius-top-right:0;--button-border-radius-bottom-right:0;--button-border-radius-bottom-left:0;--button_gradient_top_color:ghost;--button_gradient_bottom_color:ghost;--button_gradient_top_color_hover:#ffffff;--button_gradient_bottom_color_hover:#ffffff;\" target=\"_self\" href=\"https:\/\/cdtrp.ca\/fr\/programme-congres-scientifique-annuel-2020-du-prdtc\/\"><span class=\"fusion-button-text\">Acc\u00e9dez ici<\/span><\/a><\/div><\/div><\/div><div class=\"fusion-clearfix\"><\/div><\/div><\/div><div class=\"fusion-layout-column fusion_builder_column fusion-builder-column-4 fusion_builder_column_1_3 1_3 fusion-one-third fusion-column-last\" style=\"--awb-padding-top:8%;--awb-padding-right:6%;--awb-padding-bottom:10%;--awb-padding-left:6%;--awb-bg-color:#23424a;--awb-bg-color-hover:#23424a;--awb-bg-position:center center;--awb-bg-size:cover;\"><div class=\"fusion-column-wrapper fusion-column-has-shadow fusion-flex-column-wrapper-legacy\"><div class=\"fusion-column-content-centered\"><div class=\"fusion-column-content\"><div class=\"fusion-fa-align-center\"><i class=\"fb-icon-element-3 fb-icon-element fontawesome-icon fa-chalkboard-teacher fas circle-no\" style=\"--awb-font-size:48px;\"><\/i><\/div><div class=\"fusion-sep-clear\"><\/div><div class=\"fusion-separator fusion-full-width-sep\" style=\"margin-left: auto;margin-right: auto;margin-top:1rem;margin-bottom:1rem;width:100%;\"><\/div><div class=\"fusion-sep-clear\"><\/div><div class=\"fusion-text fusion-text-7\"><h3 class=\"fusion-responsive-typography-calculated\" style=\"text-align: center; font-weight: 400; color: #ffffff; --fontsize: 28; line-height: 1.5;\" data-fontsize=\"28\" data-lineheight=\"42px\">Code de conduite et politiques<\/h3>\n<\/div><div class=\"fusion-sep-clear\"><\/div><div class=\"fusion-separator fusion-full-width-sep\" style=\"margin-left: auto;margin-right: auto;margin-top:1rem;margin-bottom:1rem;width:100%;\"><\/div><div class=\"fusion-sep-clear\"><\/div><div class=\"fusion-text fusion-text-8\"><p style=\"text-align: center;\"><span style=\"color: #ffffff;\">Veuillez consulter les politiques de la r\u00e9union avant d&rsquo;y assister<\/span><\/p>\n<\/div><div class=\"fusion-sep-clear\"><\/div><div class=\"fusion-separator fusion-full-width-sep\" style=\"margin-left: auto;margin-right: auto;margin-top:1rem;margin-bottom:1rem;width:100%;\"><\/div><div class=\"fusion-sep-clear\"><\/div><div class=\"fusion-aligncenter\"><a class=\"fusion-button button-flat button-large button-custom fusion-button-default button-3 fusion-button-span-no fusion-button-default-type\" style=\"--button_accent_color:#ffffff;--button_border_color:#ffffff;--button_accent_hover_color:#327ec7;--button_border_hover_color:#327ec7;--button_border_width-top:2px;--button_border_width-right:2px;--button_border_width-bottom:2px;--button_border_width-left:2px;--button-border-radius-top-left:0;--button-border-radius-top-right:0;--button-border-radius-bottom-right:0;--button-border-radius-bottom-left:0;--button_gradient_top_color:ghost;--button_gradient_bottom_color:ghost;--button_gradient_top_color_hover:#ffffff;--button_gradient_bottom_color_hover:#ffffff;\" target=\"_self\" href=\"\/en?page_id=8158\"><span class=\"fusion-button-text\">Code de conduite et politiques<\/span><\/a><\/div><\/div><\/div><div class=\"fusion-clearfix\"><\/div><\/div><\/div><\/div><\/div><\/p>\n","protected":false},"excerpt":{"rendered":"","protected":false},"author":6,"featured_media":0,"parent":2830,"menu_order":21,"comment_status":"closed","ping_status":"closed","template":"100-width.php","meta":{"footnotes":""},"class_list":["post-7963","page","type-page","status-publish","hentry"],"_links":{"self":[{"href":"https:\/\/cdtrp.ca\/fr\/wp-json\/wp\/v2\/pages\/7963"}],"collection":[{"href":"https:\/\/cdtrp.ca\/fr\/wp-json\/wp\/v2\/pages"}],"about":[{"href":"https:\/\/cdtrp.ca\/fr\/wp-json\/wp\/v2\/types\/page"}],"author":[{"embeddable":true,"href":"https:\/\/cdtrp.ca\/fr\/wp-json\/wp\/v2\/users\/6"}],"replies":[{"embeddable":true,"href":"https:\/\/cdtrp.ca\/fr\/wp-json\/wp\/v2\/comments?post=7963"}],"version-history":[{"count":6,"href":"https:\/\/cdtrp.ca\/fr\/wp-json\/wp\/v2\/pages\/7963\/revisions"}],"predecessor-version":[{"id":8352,"href":"https:\/\/cdtrp.ca\/fr\/wp-json\/wp\/v2\/pages\/7963\/revisions\/8352"}],"up":[{"embeddable":true,"href":"https:\/\/cdtrp.ca\/fr\/wp-json\/wp\/v2\/pages\/2830"}],"wp:attachment":[{"href":"https:\/\/cdtrp.ca\/fr\/wp-json\/wp\/v2\/media?parent=7963"}],"curies":[{"name":"wp","href":"https:\/\/api.w.org\/{rel}","templated":true}]}}