{"id":7102,"date":"2020-09-15T13:17:44","date_gmt":"2020-09-15T13:17:44","guid":{"rendered":"https:\/\/cdtrp.ca\/presentations-pre-symposium\/"},"modified":"2020-09-29T17:53:11","modified_gmt":"2020-09-29T17:53:11","slug":"presentations-pre-symposium","status":"publish","type":"page","link":"https:\/\/cdtrp.ca\/fr\/presentations-pre-symposium\/","title":{"rendered":"Pr\u00e9sentations pr\u00e9-symposium"},"content":{"rendered":"<div class=\"fusion-fullwidth fullwidth-box fusion-builder-row-1 nonhundred-percent-fullwidth non-hundred-percent-height-scrolling\" style=\"--awb-background-position:left top;--awb-border-sizes-top:0px;--awb-border-sizes-bottom:0px;--awb-border-sizes-left:0px;--awb-border-sizes-right:0px;--awb-border-radius-top-left:0px;--awb-border-radius-top-right:0px;--awb-border-radius-bottom-right:0px;--awb-border-radius-bottom-left:0px;--awb-flex-wrap:wrap;\" ><div class=\"fusion-builder-row fusion-row\"><div class=\"fusion-layout-column fusion_builder_column fusion-builder-column-0 fusion_builder_column_1_1 1_1 fusion-one-full fusion-column-first fusion-column-last fusion-no-small-visibility fusion-no-medium-visibility\" style=\"--awb-padding-top:6rem;--awb-padding-right:3rem;--awb-padding-bottom:6rem;--awb-padding-left:3rem;--awb-bg-color:#ffffff;--awb-bg-color-hover:#ffffff;--awb-bg-size:cover;--awb-box-shadow:0px 0px 25px 0px rgba(0,0,0,0.5);;--awb-margin-top:-12rem;\"><div class=\"fusion-column-wrapper fusion-column-has-shadow fusion-flex-column-wrapper-legacy\"><div class=\"fusion-text fusion-text-1\"><p>La plateforme d&rsquo;\u00e9ducation et de formation du PRDTC a pr\u00e9par\u00e9 deux pr\u00e9sentations pour faire le point sur nos comp\u00e9tences avant de participer \u00e0 l&rsquo;\u00e9v\u00e9nement des 15 et 16 octobre 2020 :<\/p>\n<h5 style=\"text-align: left;\">Introduction au syst\u00e8me immunitaire dans la transplantation*, par Lauren Westhaver<\/h5>\n<p>Lauren Westhaver est actuellement stagiaire du PRDTC et candidate au doctorat au d\u00e9partement de pathologie de l&rsquo;universit\u00e9 Dalhousie, \u00e0 Halifax. Elle \u00e9tudie le r\u00f4le des cellules tueuses naturelles dans les l\u00e9sions d&rsquo;isch\u00e9mie-reperfusion afin de contribuer aux strat\u00e9gies visant \u00e0 am\u00e9liorer l&rsquo;inflammation et \u00e0 favoriser l&rsquo;acceptation du greffon lors de la transplantation du foie.<\/p>\n<p>Lauren nous enseignera \u00e0 ce sujet : Introduction au syst\u00e8me immunitaire dans la transplantation (<em>Introduction to the Immune System in Transplantation<\/em>). \u00c0 la fin de sa pr\u00e9sentation, vous devriez \u00eatre en mesure de : 1. d\u00e9crire les principaux acteurs d&rsquo;une r\u00e9ponse immunitaire ; 2. comprendre comment une r\u00e9ponse immunitaire est g\u00e9n\u00e9r\u00e9e, dirig\u00e9e et compl\u00e9t\u00e9e ; 3. comprendre comment les cellules immunitaires r\u00e9agissent au non-soi et le r\u00f4le de l&rsquo;antig\u00e8ne leucocytaire humain (HLA) ; 4. d\u00e9crire comment les immunosuppresseurs sont utilis\u00e9s pour contr\u00f4ler la r\u00e9ponse immunitaire ; et 5. comprendre l&rsquo;\u00e9chelle de rejet et comment elle est \u00e9valu\u00e9e.<\/p>\n<p>*La vid\u00e9o est pr\u00e9sent\u00e9e en anglais.<\/p>\n<\/div><div class=\"fusion-sep-clear\"><\/div><div class=\"fusion-separator fusion-full-width-sep\" style=\"margin-left: auto;margin-right: auto;margin-top:20px;margin-bottom:20px;width:100%;\"><\/div><div class=\"fusion-sep-clear\"><\/div><div class=\"fusion-video fusion-selfhosted-video\" style=\"max-width:100%;\"><div class=\"video-wrapper\"><video playsinline=\"true\" width=\"100%\" style=\"object-fit: cover;\" autoplay=\"true\" muted=\"true\" loop=\"true\" preload=\"metadata\" controls=\"1\"><source src=\"https:\/\/cdtrp.ca\/wp-content\/uploads\/2020\/09\/Lauren-Westhaver.mp4\" type=\"video\/mp4\">Sorry, your browser doesn&#039;t support embedded videos.<\/video><\/div><\/div><div class=\"fusion-sep-clear\"><\/div><div class=\"fusion-separator fusion-full-width-sep\" style=\"margin-left: auto;margin-right: auto;margin-top:20px;margin-bottom:20px;width:100%;\"><\/div><div class=\"fusion-sep-clear\"><\/div><div class=\"fusion-text fusion-text-2\"><h4 class=\"fusion-responsive-typography-calculated\" style=\"text-align: center;\" data-fontsize=\"24\" data-lineheight=\"36px\">QUESTIONS-R\u00c9PONSES le 6 octobre \u00e0 11h00 HE<\/h4>\n<\/div><div class=\"fusion-aligncenter\"><a class=\"fusion-button button-flat fusion-button-default-size button-default fusion-button-default button-1 fusion-button-default-span fusion-button-default-type\" target=\"_self\" href=\"https:\/\/cdtrp.zoom.us\/meeting\/register\/tJIkceGurDotHdNrbSz4SIy0RfMiMHA_fRGw\"><span class=\"fusion-button-text\">Enregistrez-vous ici pour la s\u00e9ance de Questions-r\u00e9ponses<\/span><\/a><\/div><div class=\"fusion-sep-clear\"><\/div><div class=\"fusion-separator fusion-full-width-sep\" style=\"margin-left: auto;margin-right: auto;margin-top:30px;margin-bottom:30px;width:100%;\"><div class=\"fusion-separator-border sep-single sep-solid\" style=\"--awb-height:20px;--awb-amount:20px;border-color:#e0dede;border-top-width:2px;\"><\/div><\/div><div class=\"fusion-sep-clear\"><\/div><div class=\"fusion-text fusion-text-3\"><h5>Comprendre et interpr\u00e9ter les publications et les chiffres scientifiques*, par Alissa Rutman<\/h5>\n<p>Ali Rutman est \u00e9tudiante en m\u00e9decine et en doctorat \u00e0 l&rsquo;universit\u00e9 McGill, \u00e0 Montr\u00e9al, et termine son doctorat au laboratoire de transplantation d&rsquo;\u00eelots humains dans la division de chirurgie exp\u00e9rimentale. Elle a obtenu son Baccalaur\u00e9at en sciences (BSc) \u00e0 l&rsquo;universit\u00e9 McGill en 2015 (anatomie et biologie cellulaire). Actuellement, ses recherches se concentrent sur l&rsquo;\u00e9lucidation du r\u00f4le immunologique des v\u00e9sicules extracellulaires dans la transplantation et la pathogen\u00e8se du diab\u00e8te de type 1. Elle est \u00e9galement stagiaire du PRDTC.<\/p>\n<p>Ali nous aidera \u00e0 comprendre le processus de publication, comment analyser et examiner les publications scientifiques et comment lire et interpr\u00e9ter les graphiques.<\/p>\n<p>*La vid\u00e9o est pr\u00e9sent\u00e9e en anglais.<\/p>\n<\/div><div class=\"fusion-sep-clear\"><\/div><div class=\"fusion-separator fusion-full-width-sep\" style=\"margin-left: auto;margin-right: auto;margin-top:20px;margin-bottom:20px;width:100%;\"><\/div><div class=\"fusion-sep-clear\"><\/div><div class=\"fusion-video fusion-selfhosted-video\" style=\"max-width:100%;\"><div class=\"video-wrapper\"><video playsinline=\"true\" width=\"100%\" style=\"object-fit: cover;\" autoplay=\"true\" muted=\"true\" loop=\"true\" preload=\"metadata\" controls=\"1\"><source src=\"https:\/\/cdtrp.ca\/wp-content\/uploads\/2020\/09\/Ali-Rutman.mp4\" type=\"video\/mp4\">Sorry, your browser doesn&#039;t support embedded videos.<\/video><\/div><\/div><div class=\"fusion-sep-clear\"><\/div><div class=\"fusion-separator fusion-full-width-sep\" style=\"margin-left: auto;margin-right: auto;margin-top:20px;margin-bottom:20px;width:100%;\"><\/div><div class=\"fusion-sep-clear\"><\/div><div class=\"fusion-text fusion-text-4\"><h4 class=\"fusion-responsive-typography-calculated\" style=\"text-align: center;\" data-fontsize=\"24\" data-lineheight=\"36px\">QUESTIONS-R\u00c9PONSES le 6 octobre \u00e0 11h00 HE<\/h4>\n<\/div><div class=\"fusion-aligncenter\"><a class=\"fusion-button button-flat fusion-button-default-size button-default fusion-button-default button-2 fusion-button-default-span fusion-button-default-type\" target=\"_self\" href=\"https:\/\/cdtrp.zoom.us\/meeting\/register\/tJIkceGurDotHdNrbSz4SIy0RfMiMHA_fRGw\"><span class=\"fusion-button-text\">Enregistrez-vous ici pour la s\u00e9ance de Questions-r\u00e9ponses<\/span><\/a><\/div><div class=\"fusion-clearfix\"><\/div><\/div><\/div><div class=\"fusion-layout-column fusion_builder_column fusion-builder-column-1 fusion_builder_column_1_1 1_1 fusion-one-full fusion-column-first fusion-column-last fusion-no-large-visibility\" style=\"--awb-bg-size:cover;\"><div class=\"fusion-column-wrapper fusion-column-has-shadow fusion-flex-column-wrapper-legacy\"><div class=\"fusion-text fusion-text-5\"><p>La plateforme d&rsquo;\u00e9ducation et de formation du PRDTC a pr\u00e9par\u00e9 deux pr\u00e9sentations pour faire le point sur nos comp\u00e9tences avant de participer \u00e0 l&rsquo;\u00e9v\u00e9nement des 15 et 16 octobre 2020 :<\/p>\n<h5 style=\"text-align: left;\">Introduction au syst\u00e8me immunitaire dans la transplantation, par Lauren Westhaver<\/h5>\n<p>Lauren Westhaver est actuellement stagiaire du PRDTC et candidate au doctorat au d\u00e9partement de pathologie de l&rsquo;universit\u00e9 Dalhousie, \u00e0 Halifax. Elle \u00e9tudie le r\u00f4le des cellules tueuses naturelles dans les l\u00e9sions d&rsquo;isch\u00e9mie-reperfusion afin de contribuer aux strat\u00e9gies visant \u00e0 am\u00e9liorer l&rsquo;inflammation et \u00e0 favoriser l&rsquo;acceptation du greffon lors de la transplantation du foie.<\/p>\n<p>Lauren nous enseignera \u00e0 ce sujet : Introduction au syst\u00e8me immunitaire dans la transplantation (<em>Introduction to the Immune System in Transplantation<\/em>). \u00c0 la fin de sa pr\u00e9sentation, vous devriez \u00eatre en mesure de : 1. d\u00e9crire les principaux acteurs d&rsquo;une r\u00e9ponse immunitaire ; 2. comprendre comment une r\u00e9ponse immunitaire est g\u00e9n\u00e9r\u00e9e, dirig\u00e9e et compl\u00e9t\u00e9e ; 3. comprendre comment les cellules immunitaires r\u00e9agissent au non-soi et le r\u00f4le de l&rsquo;antig\u00e8ne leucocytaire humain (HLA) ; 4. d\u00e9crire comment les immunosuppresseurs sont utilis\u00e9s pour contr\u00f4ler la r\u00e9ponse immunitaire ; et 5. comprendre l&rsquo;\u00e9chelle de rejet et comment elle est \u00e9valu\u00e9e.<\/p>\n<h5>Comprendre et interpr\u00e9ter les publications et les chiffres scientifiques, par Alissa Rutman<\/h5>\n<p>Ali Rutman est \u00e9tudiante en m\u00e9decine et en doctorat \u00e0 l&rsquo;universit\u00e9 McGill, \u00e0 Montr\u00e9al, et termine son doctorat au laboratoire de transplantation d&rsquo;\u00eelots humains dans la division de chirurgie exp\u00e9rimentale. Elle a obtenu son Baccalaur\u00e9at en sciences (BSc) \u00e0 l&rsquo;universit\u00e9 McGill en 2015 (anatomie et biologie cellulaire). Actuellement, ses recherches se concentrent sur l&rsquo;\u00e9lucidation du r\u00f4le immunologique des v\u00e9sicules extracellulaires dans la transplantation et la pathogen\u00e8se du diab\u00e8te de type 1. Elle est \u00e9galement stagiaire du PRDTC.<\/p>\n<p>Ali nous aidera \u00e0 comprendre le processus de publication, comment analyser et examiner les publications scientifiques et comment lire et interpr\u00e9ter les graphiques.<\/p>\n<h4 style=\"text-align: center;\">Rejoignez-nous le 6 octobre pour une s\u00e9ance de questions-r\u00e9ponses en direct avec Lauren et Ali.<\/h4>\n<\/div><div class=\"fusion-sep-clear\"><\/div><div class=\"fusion-separator fusion-full-width-sep\" style=\"margin-left: auto;margin-right: auto;margin-top:1rem;margin-bottom:1rem;width:100%;\"><\/div><div class=\"fusion-sep-clear\"><\/div><div class=\"fusion-aligncenter\"><a class=\"fusion-button button-flat button-large button-default fusion-button-default button-3 fusion-button-default-span fusion-button-default-type\" style=\"--button_text_transform:uppercase;\" target=\"_self\" href=\"https:\/\/cdtrp.zoom.us\/meeting\/register\/tJIkceGurDotHdNrbSz4SIy0RfMiMHA_fRGw\"><span class=\"fusion-button-text\">Enregistrez-vous ici pour la s\u00e9ance de Questions-r\u00e9ponses<\/span><\/a><\/div><div class=\"fusion-clearfix\"><\/div><\/div><\/div><\/div><\/div>\n","protected":false},"excerpt":{"rendered":"","protected":false},"author":6,"featured_media":0,"parent":0,"menu_order":0,"comment_status":"closed","ping_status":"closed","template":"","meta":{"footnotes":""},"class_list":["post-7102","page","type-page","status-publish","hentry"],"_links":{"self":[{"href":"https:\/\/cdtrp.ca\/fr\/wp-json\/wp\/v2\/pages\/7102"}],"collection":[{"href":"https:\/\/cdtrp.ca\/fr\/wp-json\/wp\/v2\/pages"}],"about":[{"href":"https:\/\/cdtrp.ca\/fr\/wp-json\/wp\/v2\/types\/page"}],"author":[{"embeddable":true,"href":"https:\/\/cdtrp.ca\/fr\/wp-json\/wp\/v2\/users\/6"}],"replies":[{"embeddable":true,"href":"https:\/\/cdtrp.ca\/fr\/wp-json\/wp\/v2\/comments?post=7102"}],"version-history":[{"count":5,"href":"https:\/\/cdtrp.ca\/fr\/wp-json\/wp\/v2\/pages\/7102\/revisions"}],"predecessor-version":[{"id":7282,"href":"https:\/\/cdtrp.ca\/fr\/wp-json\/wp\/v2\/pages\/7102\/revisions\/7282"}],"wp:attachment":[{"href":"https:\/\/cdtrp.ca\/fr\/wp-json\/wp\/v2\/media?parent=7102"}],"curies":[{"name":"wp","href":"https:\/\/api.w.org\/{rel}","templated":true}]}}