{"id":6565,"date":"2020-09-15T14:08:58","date_gmt":"2020-09-15T14:08:58","guid":{"rendered":"https:\/\/cdtrp.ca\/?page_id=6565"},"modified":"2021-11-08T08:26:57","modified_gmt":"2021-11-08T13:26:57","slug":"forum-de-recherche-2020-des-patients-familles-et-donneurs","status":"publish","type":"page","link":"https:\/\/cdtrp.ca\/fr\/evenements\/forum-de-recherche-2020-des-patients-familles-et-donneurs\/","title":{"rendered":"Forum de recherche 2020 des patients, familles et donneurs"},"content":{"rendered":"<p><div class=\"fusion-fullwidth fullwidth-box fusion-builder-row-1 nonhundred-percent-fullwidth non-hundred-percent-height-scrolling fusion-no-small-visibility fusion-no-medium-visibility\" style=\"--awb-background-position:left top;--awb-border-sizes-top:0px;--awb-border-sizes-bottom:0px;--awb-border-sizes-left:0px;--awb-border-sizes-right:0px;--awb-border-radius-top-left:0px;--awb-border-radius-top-right:0px;--awb-border-radius-bottom-right:0px;--awb-border-radius-bottom-left:0px;--awb-flex-wrap:wrap;\" ><div class=\"fusion-builder-row fusion-row\"><div class=\"fusion-layout-column fusion_builder_column fusion-builder-column-0 fusion_builder_column_1_1 1_1 fusion-one-full fusion-column-first fusion-column-last fusion-no-small-visibility fusion-no-medium-visibility\" style=\"--awb-padding-top:6rem;--awb-padding-right:3rem;--awb-padding-bottom:6rem;--awb-padding-left:3rem;--awb-bg-color:#ffffff;--awb-bg-color-hover:#ffffff;--awb-bg-size:cover;--awb-box-shadow:0px 0px 25px 0px rgba(0,0,0,0.5);;--awb-margin-top:-12rem;\"><div class=\"fusion-column-wrapper fusion-column-has-shadow fusion-flex-column-wrapper-legacy\"><div class=\"fusion-text fusion-text-1\"><p>Le Programme de recherche en don et transplantation du Canada, en coop\u00e9ration avec la <a href=\"https:\/\/www.canada.ca\/fr\/sante-publique\/services\/vie-saine\/dons-sang-tissus-organes\/collaboration-matiere-dons-greffes-organes.html\">Collaboration sur le don et la transplantation d&rsquo;organes<\/a>, est heureux d&rsquo;annoncer la cr\u00e9ation du <strong>Forum de recherche en ligne des patients, familles et donneurs<\/strong>. Pendant deux jours, les <strong>15 et 16 octobre 2020<\/strong>, nous entendrons les derni\u00e8res nouvelles sur la recherche sur le don et la transplantation d&rsquo;organes de partenaires \u00e0 travers le Canada. Cet \u00e9v\u00e9nement remplacera la conf\u00e9rence pr\u00e9sentielle d&rsquo;une journ\u00e9e qui se tient g\u00e9n\u00e9ralement avant le Congr\u00e8s annuel du PRDTC.<\/p>\n<h5 style=\"text-align: center;\"><span style=\"color: #ac0e14;\"><a style=\"color: #ac0e14;\" href=\"https:\/\/cdtrp.ca\/wp-content\/uploads\/2020\/10\/PFDRF-Post-Event-Report-Oct-20-2020.pdf\"><strong>Cliquez ici pour t\u00e9l\u00e9charger le rapport du Forum<\/strong><\/a><\/span> (en anglais)<\/h5>\n<h5 style=\"text-align: center;\"><span style=\"color: #ac0e14;\"><strong><a style=\"color: #ac0e14;\" href=\"https:\/\/cdtrp.ca\/en\/programday1\/\">Cliquez pour consulter les enregistrements<\/a><\/strong><\/span><\/h5>\n<p>Nous cherchons \u00e0 \u00e9lever la voix de nos participants gr\u00e2ce \u00e0 des opportunit\u00e9s d&rsquo;\u00e9ducation et de formation, ainsi qu\u2019\u00e0 nous engager dans une collaboration efficace avec les cliniciens et les chercheurs dans tout le spectre de la recherche du don et de la transplantation d&rsquo;organes.<\/p>\n<p>En plus de la conf\u00e9rence en direct en octobre, le PRDTC mettra \u00e9galement \u00e0 disposition des ateliers avant l&rsquo;\u00e9v\u00e9nement. Cliquez sur le bouton <strong>Programme<\/strong> ci-dessous pour en savoir plus.<\/p>\n<\/div><div class=\"fusion-clearfix\"><\/div><\/div><\/div><\/div><\/div><div class=\"fusion-fullwidth fullwidth-box fusion-builder-row-2 nonhundred-percent-fullwidth non-hundred-percent-height-scrolling fusion-no-medium-visibility fusion-no-large-visibility\" style=\"--awb-background-position:left top;--awb-border-sizes-top:0px;--awb-border-sizes-bottom:0px;--awb-border-sizes-left:0px;--awb-border-sizes-right:0px;--awb-border-radius-top-left:0px;--awb-border-radius-top-right:0px;--awb-border-radius-bottom-right:0px;--awb-border-radius-bottom-left:0px;--awb-flex-wrap:wrap;\" ><div class=\"fusion-builder-row fusion-row\"><div class=\"fusion-layout-column fusion_builder_column fusion-builder-column-1 fusion_builder_column_1_1 1_1 fusion-one-full fusion-column-first fusion-column-last fusion-no-large-visibility\" style=\"--awb-bg-size:cover;\"><div class=\"fusion-column-wrapper fusion-column-has-shadow fusion-flex-column-wrapper-legacy\"><div class=\"fusion-text fusion-text-2\"><p>Le Programme de recherche en don et transplantation du Canada, en coop\u00e9ration avec la <a href=\"https:\/\/www.canada.ca\/fr\/sante-publique\/services\/vie-saine\/dons-sang-tissus-organes\/collaboration-matiere-dons-greffes-organes.html\">Collaboration sur le don et la transplantation d&rsquo;organes<\/a>, est heureux d&rsquo;annoncer la cr\u00e9ation du <strong>Forum de recherche en ligne des patients, familles et donneurs<\/strong>. Pendant deux jours, les <strong>15 et 16 octobre 2020<\/strong>, nous entendrons les derni\u00e8res nouvelles sur la recherche sur le don et la transplantation d&rsquo;organes de partenaires \u00e0 travers le Canada. Cet \u00e9v\u00e9nement remplacera la conf\u00e9rence pr\u00e9sentielle d&rsquo;une journ\u00e9e qui se tient g\u00e9n\u00e9ralement avant le Congr\u00e8s annuel du PRDTC.<\/p>\n<h5 style=\"text-align: center;\"><span style=\"color: #ac0e14;\"><a style=\"color: #ac0e14;\" href=\"https:\/\/cdtrp.ca\/wp-content\/uploads\/2020\/10\/PFDRF-Post-Event-Report-Oct-20-2020.pdf\"><strong>Cliquez ici pour t\u00e9l\u00e9charger le rapport du Forum<\/strong><\/a><\/span> (en anglais)<\/h5>\n<h5 style=\"text-align: center;\"><span style=\"color: #ac0e14;\"><strong><a style=\"color: #ac0e14;\" href=\"https:\/\/cdtrp.ca\/en\/programday1\/\">Cliquez pour consulter les enregistrements<\/a><\/strong><\/span><\/h5>\n<p>Nous cherchons \u00e0 \u00e9lever la voix de nos participants gr\u00e2ce \u00e0 des opportunit\u00e9s d&rsquo;\u00e9ducation et de formation, ainsi qu\u2019\u00e0 nous engager dans une collaboration efficace avec les cliniciens et les chercheurs dans tout le spectre de la recherche du don et de la transplantation d&rsquo;organes.<\/p>\n<p>En plus de la conf\u00e9rence en direct en octobre, le PRDTC mettra \u00e9galement \u00e0 disposition des ateliers avant l&rsquo;\u00e9v\u00e9nement. Cliquez sur le bouton <strong>Programme<\/strong> ci-dessous pour en savoir plus.<\/p>\n<\/div><div class=\"fusion-clearfix\"><\/div><\/div><\/div><\/div><\/div><div class=\"fusion-fullwidth fullwidth-box fusion-builder-row-3 hundred-percent-fullwidth non-hundred-percent-height-scrolling fusion-equal-height-columns\" style=\"--awb-background-position:left top;--awb-border-sizes-top:0px;--awb-border-sizes-bottom:0px;--awb-border-sizes-left:0px;--awb-border-sizes-right:0px;--awb-border-radius-top-left:0px;--awb-border-radius-top-right:0px;--awb-border-radius-bottom-right:0px;--awb-border-radius-bottom-left:0px;--awb-padding-top:1rem;--awb-padding-right:0px;--awb-padding-bottom:0px;--awb-padding-left:0px;--awb-flex-wrap:wrap;\" ><div class=\"fusion-builder-row fusion-row\"><div class=\"fusion-layout-column fusion_builder_column fusion-builder-column-2 fusion_builder_column_1_3 1_3 fusion-one-third fusion-column-first\" style=\"--awb-padding-top:8%;--awb-padding-right:6%;--awb-padding-bottom:10%;--awb-padding-left:6%;--awb-bg-color:#590d11;--awb-bg-color-hover:#590d11;--awb-bg-position:center center;--awb-bg-size:cover;\"><div class=\"fusion-column-wrapper fusion-column-has-shadow fusion-flex-column-wrapper-legacy\"><div class=\"fusion-column-content-centered\"><div class=\"fusion-column-content\"><div class=\"fusion-fa-align-center\"><i class=\"fb-icon-element-1 fb-icon-element fontawesome-icon fa-edit far circle-no\" style=\"--awb-font-size:48px;\"><\/i><\/div><div class=\"fusion-sep-clear\"><\/div><div class=\"fusion-separator fusion-full-width-sep\" style=\"margin-left: auto;margin-right: auto;margin-top:1rem;margin-bottom:1rem;width:100%;\"><\/div><div class=\"fusion-sep-clear\"><\/div><div class=\"fusion-text fusion-text-3\"><h3 style=\"text-align: center; font-weight: 400; color: #fff;\">Inscription gratuite<\/h3>\n<\/div><div class=\"fusion-sep-clear\"><\/div><div class=\"fusion-separator fusion-full-width-sep\" style=\"margin-left: auto;margin-right: auto;margin-top:1rem;margin-bottom:1rem;width:100%;\"><\/div><div class=\"fusion-sep-clear\"><\/div><div class=\"fusion-text fusion-text-4\"><p style=\"text-align: center; color: #fff;\">Inscriptions ferm\u00e9es<\/p>\n<\/div><div class=\"fusion-sep-clear\"><\/div><div class=\"fusion-separator fusion-full-width-sep\" style=\"margin-left: auto;margin-right: auto;margin-top:1rem;margin-bottom:1rem;width:100%;\"><\/div><div class=\"fusion-sep-clear\"><\/div><div class=\"fusion-aligncenter\"><a class=\"fusion-button button-flat button-large button-custom fusion-button-default button-1 fusion-button-span-no fusion-button-default-type\" style=\"--button_accent_color:#ffffff;--button_border_color:#ffffff;--button_accent_hover_color:#3697c3;--button_border_hover_color:#3697c3;--button_border_width-top:2px;--button_border_width-right:2px;--button_border_width-bottom:2px;--button_border_width-left:2px;--button-border-radius-top-left:0;--button-border-radius-top-right:0;--button-border-radius-bottom-right:0;--button-border-radius-bottom-left:0;--button_gradient_top_color:ghost;--button_gradient_bottom_color:ghost;--button_gradient_top_color_hover:#ffffff;--button_gradient_bottom_color_hover:#ffffff;\" target=\"_self\"><span class=\"fusion-button-text\">Ferm\u00e9<\/span><\/a><\/div><\/div><\/div><div class=\"fusion-clearfix\"><\/div><\/div><\/div><div class=\"fusion-layout-column fusion_builder_column fusion-builder-column-3 fusion_builder_column_1_3 1_3 fusion-one-third\" style=\"--awb-padding-top:8%;--awb-padding-right:6%;--awb-padding-bottom:10%;--awb-padding-left:6%;--awb-bg-color:#57a5b8;--awb-bg-color-hover:#57a5b8;--awb-bg-position:center center;--awb-bg-size:cover;\"><div class=\"fusion-column-wrapper fusion-column-has-shadow fusion-flex-column-wrapper-legacy\"><div class=\"fusion-column-content-centered\"><div class=\"fusion-column-content\"><div class=\"fusion-fa-align-center\"><i class=\"fb-icon-element-2 fb-icon-element fontawesome-icon fa-clipboard-list fas circle-no\" style=\"--awb-font-size:48px;\"><\/i><\/div><div class=\"fusion-sep-clear\"><\/div><div class=\"fusion-separator fusion-full-width-sep\" style=\"margin-left: auto;margin-right: auto;margin-top:1rem;margin-bottom:1rem;width:100%;\"><\/div><div class=\"fusion-sep-clear\"><\/div><div class=\"fusion-text fusion-text-5\"><h3 style=\"text-align: center; font-weight: 400; color: #fff;\">Programme<\/h3>\n<\/div><div class=\"fusion-sep-clear\"><\/div><div class=\"fusion-separator fusion-full-width-sep\" style=\"margin-left: auto;margin-right: auto;margin-top:1rem;margin-bottom:1rem;width:100%;\"><\/div><div class=\"fusion-sep-clear\"><\/div><div class=\"fusion-text fusion-text-6\"><p style=\"text-align: center; color: #fff;\">Cliquez ici pour consulter le programme complet et les ateliers pr\u00e9-symposium.<\/p>\n<\/div><div class=\"fusion-sep-clear\"><\/div><div class=\"fusion-separator fusion-full-width-sep\" style=\"margin-left: auto;margin-right: auto;margin-top:30px;width:100%;\"><\/div><div class=\"fusion-sep-clear\"><\/div><div class=\"fusion-aligncenter\"><a class=\"fusion-button button-flat button-large button-custom fusion-button-default button-2 fusion-button-span-no fusion-button-default-type\" style=\"--button_accent_color:#ffffff;--button_border_color:#ffffff;--button_accent_hover_color:#327ec7;--button_border_hover_color:#327ec7;--button_border_width-top:2px;--button_border_width-right:2px;--button_border_width-bottom:2px;--button_border_width-left:2px;--button-border-radius-top-left:0;--button-border-radius-top-right:0;--button-border-radius-bottom-right:0;--button-border-radius-bottom-left:0;--button_gradient_top_color:ghost;--button_gradient_bottom_color:ghost;--button_gradient_top_color_hover:#ffffff;--button_gradient_bottom_color_hover:#ffffff;\" target=\"_self\" href=\"https:\/\/cdtrp.ca\/fr\/programme-forum-de-recherche-des-patients-familles-et-donneurs-2020\/\"><span class=\"fusion-button-text\">Consulter le programme<\/span><\/a><\/div><\/div><\/div><div class=\"fusion-clearfix\"><\/div><\/div><\/div><div class=\"fusion-layout-column fusion_builder_column fusion-builder-column-4 fusion_builder_column_1_3 1_3 fusion-one-third fusion-column-last\" style=\"--awb-padding-top:8%;--awb-padding-right:6%;--awb-padding-bottom:10%;--awb-padding-left:6%;--awb-bg-color:#23424a;--awb-bg-color-hover:#23424a;--awb-bg-position:center center;--awb-bg-size:cover;\"><div class=\"fusion-column-wrapper fusion-column-has-shadow fusion-flex-column-wrapper-legacy\"><div class=\"fusion-column-content-centered\"><div class=\"fusion-column-content\"><div class=\"fusion-fa-align-center\"><i class=\"fb-icon-element-3 fb-icon-element fontawesome-icon fa-hands-helping fas circle-no\" style=\"--awb-font-size:48px;\"><\/i><\/div><div class=\"fusion-sep-clear\"><\/div><div class=\"fusion-separator fusion-full-width-sep\" style=\"margin-left: auto;margin-right: auto;margin-top:1rem;margin-bottom:1rem;width:100%;\"><\/div><div class=\"fusion-sep-clear\"><\/div><div class=\"fusion-text fusion-text-7\"><h3 class=\"fusion-responsive-typography-calculated\" style=\"text-align: center; font-weight: 400; color: #ffffff; --fontsize: 28; line-height: 1.5;\" data-fontsize=\"28\" data-lineheight=\"42px\">Nos Collaborateurs<\/h3>\n<\/div><div class=\"fusion-sep-clear\"><\/div><div class=\"fusion-separator fusion-full-width-sep\" style=\"margin-left: auto;margin-right: auto;margin-top:1rem;margin-bottom:1rem;width:100%;\"><\/div><div class=\"fusion-sep-clear\"><\/div><div class=\"fusion-text fusion-text-8\"><p style=\"text-align: center; color: #fff;\">Merci \u00e0 nos collaborateurs qui contribuent \u00e0 la promotion de cet \u00e9v\u00e9nement !<\/p>\n<\/div><div class=\"fusion-sep-clear\"><\/div><div class=\"fusion-separator fusion-full-width-sep\" style=\"margin-left: auto;margin-right: auto;margin-top:1rem;margin-bottom:1rem;width:100%;\"><\/div><div class=\"fusion-sep-clear\"><\/div><div class=\"fusion-aligncenter\"><a class=\"fusion-button button-flat button-large button-custom fusion-button-default button-3 fusion-button-span-no fusion-button-default-type\" style=\"--button_accent_color:#ffffff;--button_border_color:#ffffff;--button_accent_hover_color:#327ec7;--button_border_hover_color:#327ec7;--button_border_width-top:2px;--button_border_width-right:2px;--button_border_width-bottom:2px;--button_border_width-left:2px;--button-border-radius-top-left:0;--button-border-radius-top-right:0;--button-border-radius-bottom-right:0;--button-border-radius-bottom-left:0;--button_gradient_top_color:ghost;--button_gradient_bottom_color:ghost;--button_gradient_top_color_hover:#ffffff;--button_gradient_bottom_color_hover:#ffffff;\" target=\"_self\" href=\"https:\/\/cdtrp.ca\/fr\/nos-collaborateurs\/\"><span class=\"fusion-button-text\">Qui nous soutient<\/span><\/a><\/div><\/div><\/div><div class=\"fusion-clearfix\"><\/div><\/div><\/div><\/div><\/div><\/p>\n","protected":false},"excerpt":{"rendered":"","protected":false},"author":1,"featured_media":0,"parent":2830,"menu_order":25,"comment_status":"closed","ping_status":"closed","template":"100-width.php","meta":{"footnotes":""},"class_list":["post-6565","page","type-page","status-publish","hentry"],"_links":{"self":[{"href":"https:\/\/cdtrp.ca\/fr\/wp-json\/wp\/v2\/pages\/6565"}],"collection":[{"href":"https:\/\/cdtrp.ca\/fr\/wp-json\/wp\/v2\/pages"}],"about":[{"href":"https:\/\/cdtrp.ca\/fr\/wp-json\/wp\/v2\/types\/page"}],"author":[{"embeddable":true,"href":"https:\/\/cdtrp.ca\/fr\/wp-json\/wp\/v2\/users\/1"}],"replies":[{"embeddable":true,"href":"https:\/\/cdtrp.ca\/fr\/wp-json\/wp\/v2\/comments?post=6565"}],"version-history":[{"count":11,"href":"https:\/\/cdtrp.ca\/fr\/wp-json\/wp\/v2\/pages\/6565\/revisions"}],"predecessor-version":[{"id":14062,"href":"https:\/\/cdtrp.ca\/fr\/wp-json\/wp\/v2\/pages\/6565\/revisions\/14062"}],"up":[{"embeddable":true,"href":"https:\/\/cdtrp.ca\/fr\/wp-json\/wp\/v2\/pages\/2830"}],"wp:attachment":[{"href":"https:\/\/cdtrp.ca\/fr\/wp-json\/wp\/v2\/media?parent=6565"}],"curies":[{"name":"wp","href":"https:\/\/api.w.org\/{rel}","templated":true}]}}