{"id":6109,"date":"2020-07-20T19:03:16","date_gmt":"2020-07-20T19:03:16","guid":{"rendered":"https:\/\/cdtrp.ca\/?page_id=6109"},"modified":"2020-07-20T19:03:16","modified_gmt":"2020-07-20T19:03:16","slug":"essais-cliniques-en-cours-sur-la-covid-19-focus-sur-le-don-et-la-transplantation-dorganes","status":"publish","type":"page","link":"https:\/\/cdtrp.ca\/fr\/publications\/essais-cliniques-en-cours-sur-la-covid-19-focus-sur-le-don-et-la-transplantation-dorganes\/","title":{"rendered":"Essais cliniques en cours sur la COVID-19 \u2013 Focus sur le don et la transplantation d\u2019organes"},"content":{"rendered":"<p><div class=\"fusion-fullwidth fullwidth-box fusion-builder-row-1 nonhundred-percent-fullwidth non-hundred-percent-height-scrolling fusion-no-small-visibility\" style=\"--awb-border-radius-top-left:0px;--awb-border-radius-top-right:0px;--awb-border-radius-bottom-right:0px;--awb-border-radius-bottom-left:0px;--awb-margin-top:-16rem;--awb-flex-wrap:wrap;\" ><div class=\"fusion-builder-row fusion-row\"><div class=\"fusion-layout-column fusion_builder_column fusion-builder-column-0 fusion_builder_column_1_1 1_1 fusion-one-full fusion-column-first fusion-column-last\" style=\"--awb-padding-top:3rem;--awb-padding-right:3rem;--awb-padding-bottom:3rem;--awb-padding-left:3rem;--awb-bg-color:#ffffff;--awb-bg-color-hover:#ffffff;--awb-bg-size:cover;--awb-box-shadow:0px 0px 25px 0px rgba(0,0,0,0.50);;\"><div class=\"fusion-column-wrapper fusion-column-has-shadow fusion-flex-column-wrapper-legacy\"><div class=\"fusion-text fusion-text-1\"><p>La <a href=\"https:\/\/www.blood.ca\/fr\">Soci\u00e9t\u00e9 canadienne du sang<\/a>, le Programme de Recherche en Don et Transplantation du Canada, la <a href=\"https:\/\/www.cst-transplant.ca\/index_fr.html\">Soci\u00e9t\u00e9 canadienne de transplantation<\/a> et le <em>Sir Peter Morris Centre for Evidence in Transplantation<\/em> ont compil\u00e9 une liste d\u2019essais cliniques en cours sur la <strong>COVID-19 et le don d\u2019organes, la transplantation, l\u2019immunosuppression et autres.<\/strong><\/p>\n<p>Une \u00e9quipe de sp\u00e9cialistes de l\u2019information compos\u00e9e de Robin Featherstone, Liset Pengel et Marc-Andr\u00e9 Simard, a con\u00e7u et ex\u00e9cut\u00e9 une recherche compl\u00e8te entre le 18 et le 21 juin 2020 avec des mots-cl\u00e9 et des termes de vocabulaire combinant des concepts pour COVID-19 \/ SARS-CoV-2 et transplantation d\u2019organes. Les r\u00e9sultats de la recherche ont \u00e9t\u00e9 limit\u00e9s aux r\u00e9f\u00e9rences publi\u00e9es depuis 2019. Aucune limite de langue ou de type de publication n\u2019ont \u00e9t\u00e9 appliqu\u00e9 \u00e0 la recherche.<\/p>\n<p>Cette liste (en anglais) a \u00e9t\u00e9 mise \u00e0 jour le 17 juillet et continuera d\u2019\u00eatre mise \u00e0 jour r\u00e9guli\u00e8rement.<\/p>\n<\/div><div class=\"fusion-clearfix\"><\/div><\/div><\/div><\/div><\/div><div class=\"fusion-fullwidth fullwidth-box fusion-builder-row-2 nonhundred-percent-fullwidth non-hundred-percent-height-scrolling\" style=\"--awb-border-radius-top-left:0px;--awb-border-radius-top-right:0px;--awb-border-radius-bottom-right:0px;--awb-border-radius-bottom-left:0px;--awb-flex-wrap:wrap;\" ><div class=\"fusion-builder-row fusion-row\"><div class=\"fusion-layout-column fusion_builder_column fusion-builder-column-1 fusion_builder_column_1_1 1_1 fusion-one-full fusion-column-first fusion-column-last\" style=\"--awb-bg-size:cover;\"><div class=\"fusion-column-wrapper fusion-column-has-shadow fusion-flex-column-wrapper-legacy\"><div class=\"accordian fusion-accordian\" style=\"--awb-border-size:1px;--awb-icon-size:13px;--awb-content-font-size:1rem;--awb-icon-alignment:left;--awb-hover-color:#f9f9f9;--awb-border-color:#cccccc;--awb-background-color:#ffffff;--awb-divider-color:#e0dede;--awb-divider-hover-color:#e0dede;--awb-icon-color:#ffffff;--awb-title-color:#aa0e13;--awb-content-color:#7e8890;--awb-icon-box-color:#333333;--awb-toggle-hover-accent-color:#ab8b65;--awb-title-font-family:&quot;Open Sans&quot;;--awb-title-font-weight:regular;--awb-title-font-style:normal;--awb-title-font-size:18px;--awb-content-font-family:&quot;Open Sans&quot;;--awb-content-font-style:normal;--awb-content-font-weight:regular;\"><div class=\"panel-group fusion-toggle-icon-boxed\" id=\"accordion-6109-1\"><div class=\"fusion-panel panel-default panel-6ac1d5fb20b6d8a20 fusion-toggle-has-divider\"><div class=\"panel-heading\"><h4 class=\"panel-title toggle\" id=\"toggle_6ac1d5fb20b6d8a20\"><a aria-expanded=\"false\" aria-controls=\"6ac1d5fb20b6d8a20\" role=\"button\" data-toggle=\"collapse\" data-parent=\"#accordion-6109-1\" data-target=\"#6ac1d5fb20b6d8a20\" href=\"#6ac1d5fb20b6d8a20\"><span class=\"fusion-toggle-icon-wrapper\" aria-hidden=\"true\"><i class=\"fa-fusion-box active-icon awb-icon-minus\" aria-hidden=\"true\"><\/i><i class=\"fa-fusion-box inactive-icon awb-icon-plus\" aria-hidden=\"true\"><\/i><\/span><span class=\"fusion-toggle-heading\">Essais cliniques en cours sur la COVID-19 \u2013 Focus sur le don et la transplantation d\u2019organes<\/span><\/a><\/h4><\/div><div id=\"6ac1d5fb20b6d8a20\" class=\"panel-collapse collapse \" aria-labelledby=\"toggle_6ac1d5fb20b6d8a20\"><div class=\"panel-body toggle-content fusion-clearfix\">\n<p><span style=\"color: #ff0000;\">Mise \u00e0 jour: 17 juillet, 2020<br \/>\n<\/span><\/p>\n\n<table id=\"tablepress-92\" class=\"tablepress tablepress-id-92\">\n<thead>\n<tr class=\"row-1\">\n\t<th class=\"column-1\">Title<\/th><th class=\"column-2\">Author<\/th><th class=\"column-3\">Abstract<\/th><th class=\"column-4\">URL<\/th>\n<\/tr>\n<\/thead>\n<tbody class=\"row-striping row-hover\">\n<tr class=\"row-2\">\n\t<td class=\"column-1\">Maintenance Versus Reduction of Immunosuppression for Renal Transplant Patients Hospitalized With COVID-19 Disease<\/td><td class=\"column-2\">Brigham, Women's Hospital<\/td><td class=\"column-3\"><u class=\"popmake-6040\">Read Abstract<\/u><\/td><td class=\"column-4\">https:\/\/clinicaltrials.gov\/show\/NCT04420364<\/td>\n<\/tr>\n<tr class=\"row-3\">\n\t<td class=\"column-1\">Preventative treatment for patients at risk of COVID-19 infection (PROTECT)<\/td><td class=\"column-2\">Cambridge University Hospitals, N. H. S. Foundation Trust<\/td><td class=\"column-3\"><u class=\"popmake-6042\"> Read Abstract<\/u><\/td><td class=\"column-4\">http:\/\/www.isrctn.com\/ISRCTN88057279<\/td>\n<\/tr>\n<tr class=\"row-4\">\n\t<td class=\"column-1\">AlloSure Guided Immuno-Optimization for COVID-19: An Early Experience<\/td><td class=\"column-2\">CareDx<\/td><td class=\"column-3\"><u class=\"popmake-6045\"> Read Abstract<\/u><\/td><td class=\"column-4\">https:\/\/clinicaltrials.gov\/show\/NCT04341103<\/td>\n<\/tr>\n<tr class=\"row-5\">\n\t<td class=\"column-1\">Blood Biomarkers as Predictors of COVID-19 Disease Progression in Recently Infected Kidney Transplant Patients<\/td><td class=\"column-2\">Centre Hospitalier Universitaire de Nice<\/td><td class=\"column-3\"><u class=\"popmake-6047\">Read Abstract<\/u><\/td><td class=\"column-4\">https:\/\/clinicaltrials.gov\/show\/NCT04369456<\/td>\n<\/tr>\n<tr class=\"row-6\">\n\t<td class=\"column-1\">COVID-19 OUTBREAK AND SOLID ORGAN TRANSPLANTATION (SOT) : AN INTERNATIONAL WEB-BASED SURVEY<\/td><td class=\"column-2\">Fondazione Policlinico, Universitario Agostino Gemelli IRCCS<\/td><td class=\"column-3\"><u class=\"popmake-6049\">Read Abstract<\/u><\/td><td class=\"column-4\">https:\/\/clinicaltrials.gov\/show\/NCT04367896<\/td>\n<\/tr>\n<tr class=\"row-7\">\n\t<td class=\"column-1\">Multicentric Study of Coronavirus Disease 2019 (COVID-2019) in Solid Organ Transplant Recipients<\/td><td class=\"column-2\">Fundacion Publica Andaluza para la gestion de la Investigacion en Sevilla<\/td><td class=\"column-3\"><u class=\"popmake-6051\">Read Abstract<\/u><\/td><td class=\"column-4\">https:\/\/clinicaltrials.gov\/ct2\/show\/NCT04319172<\/td>\n<\/tr>\n<tr class=\"row-8\">\n\t<td class=\"column-1\">COVID-19 in Liver Transplant Recipients<\/td><td class=\"column-2\">Hospital Clinic of Barcelona<\/td><td class=\"column-3\"><u class=\"popmake-6053\">Read Abstract<\/u><\/td><td class=\"column-4\">https:\/\/clinicaltrials.gov\/show\/NCT04361591<\/td>\n<\/tr>\n<tr class=\"row-9\">\n\t<td class=\"column-1\">Coronavirus Outcomes Registries in Immunocompromised Individuals Australia (CORIA)<\/td><td class=\"column-2\">Kirby Institute<\/td><td class=\"column-3\"><u class=\"popmake-6055\">Read Abstract<\/u><\/td><td class=\"column-4\">https:\/\/clinicaltrials.gov\/show\/NCT04354818<\/td>\n<\/tr>\n<tr class=\"row-10\">\n\t<td class=\"column-1\">Humoral Immunity Against SARS-CoV-2 in Liver Transplanted Patients in Comparison With Immunocompetent Patients<\/td><td class=\"column-2\">Magdalena Salcedo<\/td><td class=\"column-3\"><u class=\"popmake-6057\">Read Abstract<\/u><\/td><td class=\"column-4\">https:\/\/clinicaltrials.gov\/show\/NCT04410471<\/td>\n<\/tr>\n<tr class=\"row-11\">\n\t<td class=\"column-1\">Impact of the Covid-19 Pandemic on Gastrointestinal and Liver Diseases<\/td><td class=\"column-2\">Medical University of Graz<\/td><td class=\"column-3\"><u class=\"popmake-6059\">Read Abstract<\/u><\/td><td class=\"column-4\">https:\/\/clinicaltrials.gov\/show\/NCT04420637<\/td>\n<\/tr>\n<tr class=\"row-12\">\n\t<td class=\"column-1\">COVID-19 Pandemic and Worldwide Organ Procurement<\/td><td class=\"column-2\">Paris Translational Research Center for Organ Transplantation<\/td><td class=\"column-3\"><u class=\"popmake-6061\">Read Abstract<\/u><\/td><td class=\"column-4\">https:\/\/clinicaltrials.gov\/show\/NCT04416256<\/td>\n<\/tr>\n<tr class=\"row-13\">\n\t<td class=\"column-1\">Observational Study Concerning COVID-19 Infection in Transplanted Kidney, Pancreas or Pancreatic Islet Patients<\/td><td class=\"column-2\">IRCCS San Raffaele<\/td><td class=\"column-3\"><u class=\"popmake-6063\">Read Abstract<\/u><\/td><td class=\"column-4\">https:\/\/clinicaltrials.gov\/show\/NCT04377776<\/td>\n<\/tr>\n<tr class=\"row-14\">\n\t<td class=\"column-1\">Assessment of the Impact of COVID-19 on Transplant Patients and on Patients Awaiting Transplantation<\/td><td class=\"column-2\">University Hospital, Bordeaux<\/td><td class=\"column-3\"><u class=\"popmake-6065\">Read Abstract<\/u><\/td><td class=\"column-4\">https:\/\/clinicaltrials.gov\/show\/NCT04376775<\/td>\n<\/tr>\n<tr class=\"row-15\">\n\t<td class=\"column-1\">Solid Organ Transplant Recipients With Covid-19 French Registry<\/td><td class=\"column-2\">University Hospital, Strasbourg France<\/td><td class=\"column-3\"><u class=\"popmake-6067\">Read Abstract<\/u><\/td><td class=\"column-4\">https:\/\/clinicaltrials.gov\/show\/NCT04360707<\/td>\n<\/tr>\n<tr class=\"row-16\">\n\t<td class=\"column-1\">COVID-19 Research in Organ Transplant Recipients<\/td><td class=\"column-2\">Vastra Gotaland Region<\/td><td class=\"column-3\"><u class=\"popmake-6069\">Read Abstract<\/u><\/td><td class=\"column-4\">https:\/\/clinicaltrials.gov\/show\/NCT04407221<\/td>\n<\/tr>\n<\/tbody>\n<\/table>\n<!-- #tablepress-92 from cache -->\n<\/div><\/div><\/div><\/div><\/div><div class=\"accordian fusion-accordian\" style=\"--awb-border-size:1px;--awb-icon-size:13px;--awb-content-font-size:1rem;--awb-icon-alignment:left;--awb-hover-color:#f9f9f9;--awb-border-color:#cccccc;--awb-background-color:#ffffff;--awb-divider-color:#e0dede;--awb-divider-hover-color:#e0dede;--awb-icon-color:#ffffff;--awb-title-color:#aa0e13;--awb-content-color:#7e8890;--awb-icon-box-color:#333333;--awb-toggle-hover-accent-color:#ab8b65;--awb-title-font-family:&quot;Open Sans&quot;;--awb-title-font-weight:regular;--awb-title-font-style:normal;--awb-title-font-size:18px;--awb-content-font-family:&quot;Open Sans&quot;;--awb-content-font-style:normal;--awb-content-font-weight:regular;\"><div class=\"panel-group fusion-toggle-icon-boxed\" id=\"accordion-6109-2\"><div class=\"fusion-panel panel-default panel-f8219be15a3d5dff6 fusion-toggle-has-divider\"><div class=\"panel-heading\"><h4 class=\"panel-title toggle\" id=\"toggle_f8219be15a3d5dff6\"><a aria-expanded=\"false\" aria-controls=\"f8219be15a3d5dff6\" role=\"button\" data-toggle=\"collapse\" data-parent=\"#accordion-6109-2\" data-target=\"#f8219be15a3d5dff6\" href=\"#f8219be15a3d5dff6\"><span class=\"fusion-toggle-icon-wrapper\" aria-hidden=\"true\"><i class=\"fa-fusion-box active-icon awb-icon-minus\" aria-hidden=\"true\"><\/i><i class=\"fa-fusion-box inactive-icon awb-icon-plus\" aria-hidden=\"true\"><\/i><\/span><span class=\"fusion-toggle-heading\">Essais cliniques en cours sur la COVID-19 \u2013 Autre<\/span><\/a><\/h4><\/div><div id=\"f8219be15a3d5dff6\" class=\"panel-collapse collapse \" aria-labelledby=\"toggle_f8219be15a3d5dff6\"><div class=\"panel-body toggle-content fusion-clearfix\">\n<p><span style=\"color: #ff0000;\">Mise \u00e0 jour: 17 juillet, 2020<br \/>\n<\/span><\/p>\n\n<table id=\"tablepress-93\" class=\"tablepress tablepress-id-93\">\n<thead>\n<tr class=\"row-1\">\n\t<th class=\"column-1\">Title<\/th><th class=\"column-2\">Author<\/th><th class=\"column-3\">Abstratct<\/th><th class=\"column-4\">URL<\/th>\n<\/tr>\n<\/thead>\n<tbody class=\"row-striping row-hover\">\n<tr class=\"row-2\">\n\t<td class=\"column-1\">The Effect of Convalescent Plasma Therapy on Patients with COVID-19<\/td><td class=\"column-2\">Ardabil University of Medical  Sciences<\/td><td class=\"column-3\"><u class=\"popmake-6071\">Read Abstract<\/u><\/td><td class=\"column-4\">https:\/\/en.irct.ir\/trial\/47594<\/td>\n<\/tr>\n<tr class=\"row-3\">\n\t<td class=\"column-1\">Adding Colchicine to the Antiretroviral Medication - Lopinavir\/Ritonavir (Kaletra) in Hospitalized Patients with Non-Severe Covid-19 Pneumonia: A Structured Summary of a Study Protocol for a Randomized Controlled Trial<\/td><td class=\"column-2\">Biofarma<\/td><td class=\"column-3\"><u class=\"popmake-6073\">Read Abstract<\/u><\/td><td class=\"column-4\">https:\/\/clinicaltrials.gov\/show\/NCT04407208<\/td>\n<\/tr>\n<tr class=\"row-4\">\n\t<td class=\"column-1\">Evaluating the efficacy and safety of human anti-SARS-CoV-2 convalescent plasma in severely ill adults with COVID-19: a structured summary of a study protocol for a randomized controlled trial<\/td><td class=\"column-2\">Christina M Eckhardt,\u00a0Matthew J Cummings,\u00a0Kartik N Rajagopalan,\u00a0Sarah Borden,\u00a0Zachary C Bitan,\u00a0Allison Wolf,\u00a0Alex Kantor,\u00a0Thomas Briese,\u00a0Benjamin J Meyer,\u00a0Samuel D Jacobson,\u00a0Dawn Scotto,\u00a0Nischay Mishra,\u00a0Neena M Philip,\u00a0Brie A Stotler,\u00a0Joseph Schwartz,\u00a0Beth Shaz,\u00a0Steven L Spitalnik,\u00a0Andrew Eisenberger,\u00a0Eldad A Hod,\u00a0Jessica Justman,\u00a0Ken Cheung,\u00a0W Ian Lipkin,\u00a0Max R O'Donnell<\/td><td class=\"column-3\"><u class=\"popmake-6075\">Read Abstract<\/u><\/td><td class=\"column-4\">https:\/\/pubmed.ncbi.nlm.nih.gov\/32513308<\/td>\n<\/tr>\n<tr class=\"row-5\">\n\t<td class=\"column-1\">Repair of Acute Respiratory Distress Syndrome by Stromal Cell Administration in COVID-19 (REALIST-COVID-19): a structured summary of a study protocol for a randomised, controlled trial<\/td><td class=\"column-2\">Gorman, E., Shankar-Hari, M., Hopkins, P., Tunnicliffe, W. S.,  Perkins, G. D., Silversides, J., McGuigan, P., Jackson, C., Boyle, R., McFerran, J., McDowell, C., Campbell, C., McFarland, M., Smythe, J., Thompson, J., Williams, B., Curley, G., Laffey, J. G.,  Clarke, M., O'Kane, C., McAuley, D. F.<\/td><td class=\"column-3\"><u class=\"popmake-6077\">Read Abstract<\/u><\/td><td class=\"column-4\">https:\/\/pubmed.ncbi.nlm.nih.gov\/32493473<\/td>\n<\/tr>\n<tr class=\"row-6\">\n\t<td class=\"column-1\">Convalescent Plasma of Covid-19 to Treat SARS-COV-2 a Randomized Doble Blind 2 Center Trial<\/td><td class=\"column-2\">Grupo Mexicano para el Estudio de la Medicina Intensiva<\/td><td class=\"column-3\"><u class=\"popmake-6079\">Read Abstract<\/u><\/td><td class=\"column-4\">https:\/\/clinicaltrials.gov\/show\/NCT04405310<\/td>\n<\/tr>\n<tr class=\"row-7\">\n\t<td class=\"column-1\">Blood Donor Recruitment During Epidemic of COVID-19<\/td><td class=\"column-2\">Guangzhou Blood Center<\/td><td class=\"column-3\"><u class=\"popmake-6081\">Read Abstract<\/u><\/td><td class=\"column-4\">https:\/\/ClinicalTrials.gov\/show\/NCT04306055<\/td>\n<\/tr>\n<tr class=\"row-8\">\n\t<td class=\"column-1\">Clinical Use of Stem Cells for the Treatment of Covid-19<\/td><td class=\"column-2\">S. B. U. Dr Sadi Konuk Egitim ve Arast\u0131rma Hastanesi<\/td><td class=\"column-3\"><u class=\"popmake-6083\">Read Abstract<\/u><\/td><td class=\"column-4\">https:\/\/clinicaltrials.gov\/show\/NCT04392778<\/td>\n<\/tr>\n<tr class=\"row-9\">\n\t<td class=\"column-1\">Surgical Activity During the Covid-19 Pandemic: Results for 112 Patients in a French Tertiary Care Center<\/td><td class=\"column-2\">Hospices Civils de Lyon<\/td><td class=\"column-3\"><u class=\"popmake-6085\">Read Abstract<\/u><\/td><td class=\"column-4\">https:\/\/clinicaltrials.gov\/show\/NCT04379232<\/td>\n<\/tr>\n<tr class=\"row-10\">\n\t<td class=\"column-1\">Mesenchymal Stem Cell for Acute Respiratory Distress Syndrome Due for COVID-19<\/td><td class=\"column-2\">Instituto Nacional de Ciencias Medicas y Nutricion Salvador  Zubiran<\/td><td class=\"column-3\"><u class=\"popmake-6087\">Read Abstract<\/u><\/td><td class=\"column-4\">https:\/\/clinicaltrials.gov\/show\/NCT04416139<\/td>\n<\/tr>\n<tr class=\"row-11\">\n\t<td class=\"column-1\">Umbilical cord blood therapy to prevent progression of COVID-19 related pneumonia: a structured summary of a study protocol for a pilot randomised controlled trial<\/td><td class=\"column-2\">Malhotra, Atul,  Ernest, David, Rogers, Benjamin A., Haylock, David,  Watt, Ashalyn, Moeneclaey, Guy, Jenkin, Graham<\/td><td class=\"column-3\"><u class=\"popmake-6089\">Read Abstract<\/u><\/td><td class=\"column-4\">https:\/\/dx.doi.org\/10.1186\/s13063-020-04387-y<\/td>\n<\/tr>\n<tr class=\"row-12\">\n\t<td class=\"column-1\">Study to Determine the Immunization Status Among Nephrological Health Care Personnel Against SARS-CoV-2 in a Single Center Over the Course of 12 Months<\/td><td class=\"column-2\">Medical University of, Vienna<\/td><td class=\"column-3\"><u class=\"popmake-6091\">Read Abstract<\/u><\/td><td class=\"column-4\">https:\/\/clinicaltrials.gov\/show\/NCT04347694<\/td>\n<\/tr>\n<tr class=\"row-13\">\n\t<td class=\"column-1\">Clinical Study for Human Menstrual Blood-Derived Stem Cells in the Treatment of Acute Novel Coronavirus Pneumonia (COVID-19)<\/td><td class=\"column-2\">The First Affiliated Hospital, College of Medicine, Zhejiang University<\/td><td class=\"column-3\"><u class=\"popmake-6091\">Read Abstract<\/u><\/td><td class=\"column-4\">http:\/\/www.chictr.org.cn\/showproj.aspx?proj=49146<\/td>\n<\/tr>\n<tr class=\"row-14\">\n\t<td class=\"column-1\">A Study to Collect Bone Marrow for Process Development and Production of BM-MSC to Treat Severe COVID19 Pneumonitis<\/td><td class=\"column-2\">CCTU-Cancer Theme<\/td><td class=\"column-3\"><u class=\"popmake-6095\">Read Abstract<\/u><\/td><td class=\"column-4\">https:\/\/clinicaltrials.gov\/show\/NCT04397471<\/td>\n<\/tr>\n<tr class=\"row-15\">\n\t<td class=\"column-1\">Safety of TY027, a Treatment for COVID-19, in Humans<\/td><td class=\"column-2\">Tychan Pte, Ltd<\/td><td class=\"column-3\"><u class=\"popmake-6097\">Read Abstract<\/u><\/td><td class=\"column-4\">https:\/\/clinicaltrials.gov\/show\/NCT04429529<\/td>\n<\/tr>\n<tr class=\"row-16\">\n\t<td class=\"column-1\">Monocytes and NK Cells Activity in Covid-19 Patients<\/td><td class=\"column-2\">Universita degli Studi  dell'Insubria<\/td><td class=\"column-3\"><u class=\"popmake-6099\">Read Abstract<\/u><\/td><td class=\"column-4\">https:\/\/clinicaltrials.gov\/show\/NCT04375176<\/td>\n<\/tr>\n<tr class=\"row-17\">\n\t<td class=\"column-1\">Role of Ibuprofen and Other Medicines on Severity of Coronavirus Disease 2019<\/td><td class=\"column-2\">University Hospital, Bordeaux<\/td><td class=\"column-3\"><u class=\"popmake-6101\">Read Abstract<\/u><\/td><td class=\"column-4\">https:\/\/clinicaltrials.gov\/show\/NCT04383899<\/td>\n<\/tr>\n<tr class=\"row-18\">\n\t<td class=\"column-1\">Safety and Efficacy of Ruxolitinib for COVID-19<\/td><td class=\"column-2\">University of Colorado, Denver<\/td><td class=\"column-3\"><u class=\"popmake-6103\">Read Abstract<\/u><\/td><td class=\"column-4\">https:\/\/clinicaltrials.gov\/show\/NCT04348071<\/td>\n<\/tr>\n<\/tbody>\n<\/table>\n<!-- #tablepress-93 from cache -->\n<\/div><\/div><\/div><\/div><\/div><div class=\"fusion-clearfix\"><\/div><\/div><\/div><\/div><\/div><\/p>\n","protected":false},"excerpt":{"rendered":"","protected":false},"author":6,"featured_media":0,"parent":2849,"menu_order":33,"comment_status":"closed","ping_status":"closed","template":"100-width.php","meta":{"footnotes":""},"class_list":["post-6109","page","type-page","status-publish","hentry"],"_links":{"self":[{"href":"https:\/\/cdtrp.ca\/fr\/wp-json\/wp\/v2\/pages\/6109"}],"collection":[{"href":"https:\/\/cdtrp.ca\/fr\/wp-json\/wp\/v2\/pages"}],"about":[{"href":"https:\/\/cdtrp.ca\/fr\/wp-json\/wp\/v2\/types\/page"}],"author":[{"embeddable":true,"href":"https:\/\/cdtrp.ca\/fr\/wp-json\/wp\/v2\/users\/6"}],"replies":[{"embeddable":true,"href":"https:\/\/cdtrp.ca\/fr\/wp-json\/wp\/v2\/comments?post=6109"}],"version-history":[{"count":2,"href":"https:\/\/cdtrp.ca\/fr\/wp-json\/wp\/v2\/pages\/6109\/revisions"}],"predecessor-version":[{"id":6197,"href":"https:\/\/cdtrp.ca\/fr\/wp-json\/wp\/v2\/pages\/6109\/revisions\/6197"}],"up":[{"embeddable":true,"href":"https:\/\/cdtrp.ca\/fr\/wp-json\/wp\/v2\/pages\/2849"}],"wp:attachment":[{"href":"https:\/\/cdtrp.ca\/fr\/wp-json\/wp\/v2\/media?parent=6109"}],"curies":[{"name":"wp","href":"https:\/\/api.w.org\/{rel}","templated":true}]}}