{"id":2830,"date":"2020-01-09T17:12:43","date_gmt":"2020-01-09T17:12:43","guid":{"rendered":"http:\/\/cdtrp-web.mobis.io\/events\/"},"modified":"2024-12-19T14:45:31","modified_gmt":"2024-12-19T18:45:31","slug":"evenements","status":"publish","type":"page","link":"https:\/\/cdtrp.ca\/fr\/evenements\/","title":{"rendered":"\u00c9v\u00e9nements"},"content":{"rendered":"<p><div class=\"fusion-fullwidth fullwidth-box fusion-builder-row-1 nonhundred-percent-fullwidth non-hundred-percent-height-scrolling fusion-no-small-visibility fusion-no-medium-visibility\" style=\"--awb-background-position:left top;--awb-border-sizes-top:1;--awb-border-sizes-bottom:1;--awb-border-sizes-left:1;--awb-border-sizes-right:1;--awb-border-radius-top-left:0px;--awb-border-radius-top-right:0px;--awb-border-radius-bottom-right:0px;--awb-border-radius-bottom-left:0px;--awb-flex-wrap:wrap;\" ><div class=\"fusion-builder-row fusion-row\"><div class=\"fusion-layout-column fusion_builder_column fusion-builder-column-0 fusion_builder_column_1_1 1_1 fusion-one-full fusion-column-first fusion-column-last\" style=\"--awb-bg-size:cover;\"><div class=\"fusion-column-wrapper fusion-column-has-shadow fusion-flex-column-wrapper-legacy\"><div class=\"fusion-text fusion-text-1\"><h4 style=\"text-align: left;\">Faire progresser les projets nationaux signifie aider les chercheurs \u00e0 perfectionner leurs comp\u00e9tences, et faciliter leur acc\u00e8s aux connaissances et leurs interactions avec leurs coll\u00e8gues. Le PRDTC est fier de promouvoir les \u00e9v\u00e9nements li\u00e9s \u00e0 ses th\u00e8mes de recherche, \u00e0 ses plateformes et \u00e0 ses priorit\u00e9s intersectorielles.<\/h4>\n<\/div><div class=\"fusion-sep-clear\"><\/div><div class=\"fusion-separator fusion-full-width-sep\" style=\"margin-left: auto;margin-right: auto;margin-top:1rem;margin-bottom:1rem;width:100%;\"><\/div><div class=\"fusion-sep-clear\"><\/div><div class=\"fusion-text fusion-text-2\"><h5 class=\"fusion-responsive-typography-calculated\" style=\"text-align: center;\" data-fontsize=\"20\" data-lineheight=\"30px\"><a href=\"https:\/\/cdtrp.ca\/fr\/contactez-nous\/\">Communiquez avec nous<\/a> pour plus d\u2019informations ou pour demander la promotion ou le soutien d\u2019un \u00e9v\u00e9nement.<\/h5>\n<\/div><div class=\"fusion-sep-clear\"><\/div><div class=\"fusion-separator fusion-full-width-sep\" style=\"margin-left: auto;margin-right: auto;margin-top:1rem;margin-bottom:1rem;width:100%;\"><\/div><div class=\"fusion-sep-clear\"><\/div><div class=\"fusion-builder-row fusion-builder-row-inner fusion-row\"><div class=\"fusion-layout-column fusion_builder_column_inner fusion-builder-nested-column-0 fusion_builder_column_inner_1_6 1_6 fusion-one-sixth fusion-column-first\" style=\"--awb-bg-size:cover;width:16.666666666667%;width:calc(16.666666666667% - ( ( 4% + 4% + 4% ) * 0.16666666666667 ) );margin-right: 4%;\"><div class=\"fusion-column-wrapper fusion-column-has-shadow fusion-flex-column-wrapper-legacy\"><div class=\"fusion-clearfix\"><\/div><\/div><\/div><div class=\"fusion-layout-column fusion_builder_column_inner fusion-builder-nested-column-1 fusion_builder_column_inner_1_3 1_3 fusion-one-third\" style=\"--awb-bg-size:cover;width:33.333333333333%;width:calc(33.333333333333% - ( ( 4% + 4% + 4% ) * 0.33333333333333 ) );margin-right: 4%;\"><div class=\"fusion-column-wrapper fusion-column-has-shadow fusion-flex-column-wrapper-legacy\"><div class=\"fusion-aligncenter\"><a class=\"fusion-button button-flat fusion-button-default-size button-custom fusion-button-default button-1 fusion-button-default-span fusion-button-default-type\" style=\"--button_accent_color:#ffffff;--button_border_color:#ffffff;--button_accent_hover_color:#edf2f7;--button_border_hover_color:#ffffff;--button_gradient_top_color:#aa0e13;--button_gradient_bottom_color:#aa0e13;--button_gradient_top_color_hover:#aa0e13;--button_gradient_bottom_color_hover:#aa0e13;\" target=\"_self\" href=\"https:\/\/cdtrp.ca\/wp-content\/uploads\/2023\/05\/CDTRP-PowerPoint-Template-2023-V2.pptx\"><i class=\"fa-download fas button-icon-left\" aria-hidden=\"true\"><\/i><span class=\"fusion-button-text\"><span class=\"fusion-button-text\">T\u00e9l\u00e9chargez le mod\u00e8le PowerPoint<\/span><\/span><\/a><\/div><div class=\"fusion-clearfix\"><\/div><\/div><\/div><div class=\"fusion-layout-column fusion_builder_column_inner fusion-builder-nested-column-2 fusion_builder_column_inner_1_3 1_3 fusion-one-third\" style=\"--awb-bg-size:cover;width:33.333333333333%;width:calc(33.333333333333% - ( ( 4% + 4% + 4% ) * 0.33333333333333 ) );margin-right: 4%;\"><div class=\"fusion-column-wrapper fusion-column-has-shadow fusion-flex-column-wrapper-legacy\"><div class=\"fusion-aligncenter\"><a class=\"fusion-button button-flat fusion-button-default-size button-custom fusion-button-default button-2 fusion-button-default-span fusion-button-default-type\" style=\"--button_accent_color:#ffffff;--button_border_color:#ffffff;--button_accent_hover_color:#edf2f7;--button_border_hover_color:#ffffff;--button_gradient_top_color:#aa0e13;--button_gradient_bottom_color:#aa0e13;--button_gradient_top_color_hover:#aa0e13;--button_gradient_bottom_color_hover:#aa0e13;\" target=\"_self\" href=\"https:\/\/cdtrp.ca\/wp-content\/uploads\/2023\/04\/CDTRP-Logos-2023.zip\"><i class=\"fa-download fas button-icon-left\" aria-hidden=\"true\"><\/i><span class=\"fusion-button-text\"><span class=\"fusion-button-text\">T\u00e9l\u00e9charges les logos du PRDTC<\/span><\/p>\n<div class=\"fusion-layout-column fusion_builder_column_inner fusion-builder-nested-column-1 fusion_builder_column_inner_1_3 1_3 fusion-one-third\">\n<div class=\"fusion-column-wrapper fusion-column-has-shadow fusion-flex-column-wrapper-legacy\">\n<div class=\"fusion-clearfix\"><\/div>\n<\/div>\n<\/div>\n<div class=\"fusion-layout-column fusion_builder_column_inner fusion-builder-nested-column-2 fusion_builder_column_inner_1_3 1_3 fusion-one-third\">\n<div class=\"fusion-column-wrapper fusion-column-has-shadow fusion-flex-column-wrapper-legacy\">\n<div class=\"fusion-aligncenter\"><\/div>\n<\/div>\n<\/div>\n<\/span><\/a><\/div><div class=\"fusion-clearfix\"><\/div><\/div><\/div><div class=\"fusion-layout-column fusion_builder_column_inner fusion-builder-nested-column-3 fusion_builder_column_inner_1_6 1_6 fusion-one-sixth fusion-column-last\" style=\"--awb-bg-size:cover;width:16.666666666667%;width:calc(16.666666666667% - ( ( 4% + 4% + 4% ) * 0.16666666666667 ) );\"><div class=\"fusion-column-wrapper fusion-column-has-shadow fusion-flex-column-wrapper-legacy\"><div class=\"fusion-clearfix\"><\/div><\/div><\/div><\/div><div class=\"fusion-clearfix\"><\/div><\/div><\/div><\/div><\/div><div class=\"fusion-fullwidth fullwidth-box fusion-builder-row-2 hundred-percent-fullwidth non-hundred-percent-height-scrolling fusion-equal-height-columns\" style=\"--awb-border-radius-top-left:0px;--awb-border-radius-top-right:0px;--awb-border-radius-bottom-right:0px;--awb-border-radius-bottom-left:0px;--awb-padding-top:0px;--awb-padding-right:0px;--awb-padding-bottom:0px;--awb-padding-left:0px;--awb-background-color:#f5f5f5;--awb-flex-wrap:wrap;\" ><div class=\"fusion-builder-row fusion-row\"><div class=\"fusion-layout-column fusion_builder_column fusion-builder-column-1 fusion_builder_column_1_6 1_6 fusion-one-sixth fusion-column-first\" style=\"--awb-bg-size:cover;width:16.666666666667%;width:calc(16.666666666667% - ( ( 4% + 4% ) * 0.16666666666667 ) );margin-right: 4%;\"><div class=\"fusion-column-wrapper fusion-column-has-shadow fusion-flex-column-wrapper-legacy\"><div class=\"fusion-clearfix\"><\/div><\/div><\/div><div class=\"fusion-layout-column fusion_builder_column fusion-builder-column-2 fusion_builder_column_2_3 2_3 fusion-two-third\" style=\"--awb-bg-size:cover;width:66.666666666667%;width:calc(66.666666666667% - ( ( 4% + 4% ) * 0.66666666666667 ) );margin-right: 4%;\"><div class=\"fusion-column-wrapper fusion-column-has-shadow fusion-flex-column-wrapper-legacy\"><div class=\"fusion-sep-clear\"><\/div><div class=\"fusion-separator fusion-full-width-sep\" style=\"margin-left: auto;margin-right: auto;margin-top:30px;margin-bottom:30px;width:100%;\"><\/div><div class=\"fusion-sep-clear\"><\/div><div class=\"fusion-title title fusion-title-1 fusion-sep-none fusion-title-text fusion-title-size-two\" style=\"--awb-text-color:#494c4e;\"><h2 class=\"fusion-title-heading title-heading-left fusion-responsive-typography-calculated\" style=\"margin:0;--fontSize:30;line-height:1.5;\"><h3 style=\"text-align: center;\">\u00c9v\u00e9nements majeurs du PRDTC<\/h3><\/h2><\/div><div class=\"fusion-sep-clear\"><\/div><div class=\"fusion-separator\" style=\"margin-left: auto;margin-right: auto;margin-top:1.5rem;margin-bottom:2rem;width:100%;max-width:40%;\"><div class=\"fusion-separator-border sep-single sep-solid\" style=\"--awb-height:20px;--awb-amount:20px;--awb-sep-color:#aa0e13;border-color:#aa0e13;border-top-width:4px;\"><\/div><\/div><div class=\"fusion-sep-clear\"><\/div><div class=\"fusion-text fusion-text-3\"><h5 class=\"fusion-responsive-typography-calculated\" style=\"text-align: center;\" data-fontsize=\"20\" data-lineheight=\"30px\">Le PRDTC est heureux d\u2019offrir une tribune aux chercheurs, patients, familles et donneurs partenaires ainsi qu\u2019aux cliniciens et \u00e9tudiants du domaine du don et de la transplantation. Avec nos deux \u00e9v\u00e9nements majeurs annuels : le Forum de recherche des patients, familles et donneurs ainsi que le Congr\u00e8s scientifique annuel, nous sommes fiers de faire cheminer la recherche pour accomplir la mission \u00ab Une transplantation pour la vie \u00bb<\/h5>\n<\/div><div class=\"fusion-sep-clear\"><\/div><div class=\"fusion-separator fusion-full-width-sep\" style=\"margin-left: auto;margin-right: auto;margin-top:10px;margin-bottom:10px;width:100%;\"><\/div><div class=\"fusion-sep-clear\"><\/div><div class=\"accordian fusion-accordian\" style=\"--awb-border-size:1px;--awb-icon-size:13px;--awb-content-font-size:1rem;--awb-icon-alignment:left;--awb-hover-color:#f9f9f9;--awb-border-color:#cccccc;--awb-background-color:#ffffff;--awb-divider-color:#e0dede;--awb-divider-hover-color:#e0dede;--awb-icon-color:#ffffff;--awb-title-color:#aa0e13;--awb-content-color:#7e8890;--awb-icon-box-color:#333333;--awb-toggle-hover-accent-color:#ab8b65;--awb-title-font-family:&quot;Open Sans&quot;;--awb-title-font-weight:regular;--awb-title-font-style:normal;--awb-title-font-size:18px;--awb-content-font-family:&quot;Open Sans&quot;;--awb-content-font-style:normal;--awb-content-font-weight:regular;\"><div class=\"panel-group fusion-toggle-icon-boxed\" id=\"accordion-2830-1\"><div class=\"fusion-panel panel-default panel-ecef85c557cf892bb fusion-toggle-has-divider\" style=\"--awb-title-color:#aa0e13;\"><div class=\"panel-heading\"><h4 class=\"panel-title toggle\" id=\"toggle_ecef85c557cf892bb\"><a aria-expanded=\"false\" aria-controls=\"ecef85c557cf892bb\" role=\"button\" data-toggle=\"collapse\" data-parent=\"#accordion-2830-1\" data-target=\"#ecef85c557cf892bb\" href=\"#ecef85c557cf892bb\"><span class=\"fusion-toggle-icon-wrapper\" aria-hidden=\"true\"><i class=\"fa-fusion-box active-icon awb-icon-minus\" aria-hidden=\"true\"><\/i><i class=\"fa-fusion-box inactive-icon awb-icon-plus\" aria-hidden=\"true\"><\/i><\/span><span class=\"fusion-toggle-heading\">Annual Scientific Meeting<\/span><\/a><\/h4><\/div><div id=\"ecef85c557cf892bb\" class=\"panel-collapse collapse \" aria-labelledby=\"toggle_ecef85c557cf892bb\"><div class=\"panel-body toggle-content fusion-clearfix\">\n<h5 data-fontsize=\"20\" data-lineheight=\"30px\"><\/h5>\n<h5 class=\"\" data-fontsize=\"20\" data-lineheight=\"30px\"><strong>1\u00e8re \u00c9DITION<\/strong> | 10 au 12 JUIN 2014 | HALIFAX, N-\u00c9<\/h5>\n<ul>\n<li>Congr\u00e8s en collaboration avec le Canadian Blood and Marrow Transplant group (CBMTG)<\/li>\n<\/ul>\n<h5 class=\"\" data-fontsize=\"20\" data-lineheight=\"30px\"><strong>2\u00e8me \u00c9DITION<\/strong> | 8 au 10 JUIN 2015 | MONTEBELLO, QC<\/h5>\n<ul>\n<li>Congr\u00e8s en collaboration avec le Canadian Critical Care Trials Group (CCCTG)<\/li>\n<\/ul>\n<h5 class=\"\" data-fontsize=\"20\" data-lineheight=\"30px\"><strong>3\u00e8me \u00c9DITION<\/strong> | 13 au 16 OCTOBRE 2016 | QU\u00c9BEC, QC<\/h5>\n<ul>\n<li>Congr\u00e8s en collaboration avec la Soci\u00e9t\u00e9 canadienne de transplantation (SCT)<\/li>\n<\/ul>\n<h5 class=\"\" data-fontsize=\"20\" data-lineheight=\"30px\"><strong>4\u00e8me \u00c9DITION<\/strong> | 8 au 10 NOVEMBRE 2017 | MONT TREMBLANT, QC<\/h5>\n<ul>\n<li>Congr\u00e8s du PRDTC<\/li>\n<\/ul>\n<h5 class=\"\" data-fontsize=\"20\" data-lineheight=\"30px\"><strong>5\u00e8me \u00c9DITION<\/strong> | 17 et 18 OCTOBRE 2018 | OTTAWA, ON<\/h5>\n<ul>\n<li>Congr\u00e8s en collaboration avec la Soci\u00e9t\u00e9 canadienne de transplantation (SCT), la Soci\u00e9t\u00e9 canadienne du sang (SCS) et le Canadian Blood and Marrow Transplant group (CBMTG)<\/li>\n<\/ul>\n<h5 class=\"\" data-fontsize=\"20\" data-lineheight=\"30px\"><strong>6\u00e8me \u00c9DITION<\/strong> | 15 et 16 OCTOBRE 2019 | BANFF, AB<\/h5>\n<ul>\n<li>Congr\u00e8s en collaboration avec la Soci\u00e9t\u00e9 canadienne de transplantation (SCT)<\/li>\n<\/ul>\n<h5 class=\"\" data-fontsize=\"20\" data-lineheight=\"30px\"><strong>7\u00e8me \u00c9DITION<\/strong> | 2 au 4 DECEMBRE 2020 | VIRTUEL<\/h5>\n<ul>\n<li><a href=\"https:\/\/cdtrp.ca\/fr\/evenements\/congres-scientifique-annuel-2020-du-prdtc\/\">Visitez le site web<\/a><\/li>\n<li><a href=\"https:\/\/cdtrp.ca\/fr\/programme-congres-scientifique-annuel-2020-du-prdtc\/\">Acc\u00e9dez aux enregistrements<\/a><\/li>\n<li><a href=\"https:\/\/cdtrp.ca\/wp-content\/uploads\/2023\/01\/CDTRP-7th-Annual-Scientific-Meeting-Post-Event-Report.pdf\">T\u00e9l\u00e9chargez le rapport de l\u2019\u00e9v\u00e9nement<\/a> (en anglais)<\/li>\n<\/ul>\n<h5 class=\"\" data-fontsize=\"20\" data-lineheight=\"30px\"><strong>8\u00e8me \u00c9DITION<\/strong> | 8 au 10 D\u00c9CEMBRE 2021 | VIRTUEL<\/h5>\n<ul>\n<li><a href=\"https:\/\/cdtrp.ca\/fr\/evenements\/asm-2021\/\">Visitez le site web<\/a><\/li>\n<li><a href=\"https:\/\/cdtrp.ca\/fr\/evenements\/asm-2021\/enregistrements\/\">Acc\u00e9dez aux enregistrements<\/a> (acc\u00e8s limit\u00e9)<\/li>\n<\/ul>\n<h5 class=\"\" data-fontsize=\"20\" data-lineheight=\"30px\"><strong>9\u00e8me \u00c9DITION<\/strong> | 7 au 9 D\u00c9CEMBRE 2022 | HYBRIDE \u2013 KELOWNA, C-B<\/h5>\n<ul>\n<li><a href=\"https:\/\/cdtrp.ca\/fr\/evenements\/asm-2022\/\">Visitez le site web<\/a><\/li>\n<li><a href=\"https:\/\/www.youtube.com\/playlist?list=PLhBJGRs7ZhR-7EEiO3547KQoKqoz2laMZ\">Acc\u00e9dez aux enregistrements<\/a><\/li>\n<li><a href=\"https:\/\/cdtrp.ca\/wp-content\/uploads\/2023\/01\/CDTRP-2022-Annual-Scientific-Meeting-Report.pdf\">T\u00e9l\u00e9chargez le rapport de l\u2019\u00e9v\u00e9nement<\/a> (en anglais)<\/li>\n<\/ul>\n<h5 class=\"\" data-fontsize=\"20\" data-lineheight=\"30px\"><strong>10\u00e8me \u00c9DITION<\/strong> | 5 au 7 D\u00c9CEMBRE 2023 | HYBRIDE \u2013 MONTR\u00c9AL, QC<\/h5>\n<ul>\n<li><a href=\"https:\/\/cdtrp.ca\/fr\/asm-2023-semaine-prochaine\/\">Visitez le site web<\/a><\/li>\n<li><a href=\"https:\/\/www.youtube.com\/playlist?list=PLhBJGRs7ZhR9iNdmfbLHxZP-pYnhnQ8ei\">Acc\u00e9dez aux enregistrements<\/a><\/li>\n<li><a href=\"https:\/\/cdtrp.ca\/wp-content\/uploads\/2023\/01\/CDTRP-2022-Annual-Scientific-Meeting-Report.pdf\">T\u00e9l\u00e9chargez le rapport de l\u2019\u00e9v\u00e9nement<\/a> (en anglais)<\/li>\n<\/ul>\n<h5 class=\"\" data-fontsize=\"20\" data-lineheight=\"30px\"><strong>11\u00e8me \u00c9DITION<\/strong> | 3 au 4 D\u00c9CEMBRE 2023 | HYBRIDE \u2013 CALGARY, AB<\/h5>\n<ul>\n<li><a href=\"https:\/\/cdtrp.ca\/fr\/evenements\/11e-congres-scientifique-annuel-du-prdtc\/\">Visitez le site web<\/a><\/li>\n<li>Acc\u00e9dez aux enregistrements<\/li>\n<li>T\u00e9l\u00e9chargez le rapport de l\u2019\u00e9v\u00e9nement (en anglais)<\/li>\n<\/ul>\n<\/div><\/div><\/div><div class=\"fusion-panel panel-default panel-ec71e1b183e2b904a fusion-toggle-has-divider\" style=\"--awb-title-color:#aa0e13;\"><div class=\"panel-heading\"><h4 class=\"panel-title toggle\" id=\"toggle_ec71e1b183e2b904a\"><a aria-expanded=\"false\" aria-controls=\"ec71e1b183e2b904a\" role=\"button\" data-toggle=\"collapse\" data-parent=\"#accordion-2830-1\" data-target=\"#ec71e1b183e2b904a\" href=\"#ec71e1b183e2b904a\"><span class=\"fusion-toggle-icon-wrapper\" aria-hidden=\"true\"><i class=\"fa-fusion-box active-icon awb-icon-minus\" aria-hidden=\"true\"><\/i><i class=\"fa-fusion-box inactive-icon awb-icon-plus\" aria-hidden=\"true\"><\/i><\/span><span class=\"fusion-toggle-heading\"> Forum de recherche des patients, familles et donneurs<\/span><\/a><\/h4><\/div><div id=\"ec71e1b183e2b904a\" class=\"panel-collapse collapse \" aria-labelledby=\"toggle_ec71e1b183e2b904a\"><div class=\"panel-body toggle-content fusion-clearfix\">\n<h5 class=\"\" data-fontsize=\"24\" data-lineheight=\"36px\"><strong>1\u00e8re \u00c9DITION<\/strong> | 15 ET 16 OCTOBRE 2020<\/h5>\n<ul>\n<li><a href=\"https:\/\/cdtrp.ca\/fr\/evenements\/forum-de-recherche-2020-des-patients-familles-et-donneurs\/\">Visitez le site web<\/a><\/li>\n<li><a href=\"https:\/\/cdtrp.ca\/fr\/programme-jour-1\/\">Visionnez les enregistrements Jour 1<\/a>\u00a0|\u00a0<a href=\"https:\/\/cdtrp.ca\/fr\/programme-jour-2\/\">Visionnez les enregistrements Jour 2<\/a><\/li>\n<li><a href=\"https:\/\/cdtrp.ca\/wp-content\/uploads\/2020\/10\/PFDRF-Post-Event-Report-Oct-20-2020.pdf\">T\u00e9l\u00e9chargez le rapport de l\u2019\u00e9v\u00e9nement<\/a> (en anglais)<\/li>\n<\/ul>\n<h5 class=\"\" data-fontsize=\"24\" data-lineheight=\"36px\"><strong>2\u00e8me \u00c9DITION<\/strong> | 4 ET 5 NOVEMBRE 2021<\/h5>\n<ul>\n<li><a href=\"https:\/\/cdtrp.ca\/fr\/evenements\/pfdrf2021\/\">Visitez le site web<\/a><\/li>\n<li><a href=\"https:\/\/cdtrp.ca\/fr\/evenements\/pfdrf2021\/programme\/4-novembre\/\">Visionnez les enregistrements Jour 1<\/a>\u00a0|\u00a0<a href=\"https:\/\/cdtrp.ca\/fr\/evenements\/pfdrf2021\/programme\/5-novembre\/\">Visionnez les enregistrements Jour 2<\/a><\/li>\n<li><a href=\"https:\/\/cdtrp.ca\/wp-content\/uploads\/2021\/11\/PFD-Forum-Post-event-Report.pdf\">T\u00e9l\u00e9chargez le rapport de l\u2019\u00e9v\u00e9nement<\/a> (en anglais)<\/li>\n<\/ul>\n<h5 class=\"\" data-fontsize=\"24\" data-lineheight=\"36px\"><strong>3\u00e8me \u00c9DITION<\/strong> | 22 ET 23 JUIN 2022<\/h5>\n<ul>\n<li><a href=\"https:\/\/cdtrp.ca\/fr\/evenements\/pfdrf2022\/\">Visitez le site web<\/a><\/li>\n<li><a href=\"https:\/\/cdtrp.ca\/fr\/evenements\/pfdrf2022\/enregistrements\/\">Visionnez les enregistrements<\/a><\/li>\n<li><a href=\"https:\/\/cdtrp.ca\/wp-content\/uploads\/2022\/07\/PFD-Forum-2022-Post-Event-Report_Final.pdf\">T\u00e9l\u00e9chargez le rapport de l\u2019\u00e9v\u00e9nement<\/a> (en anglais)<\/li>\n<\/ul>\n<h5 class=\"\" data-fontsize=\"24\" data-lineheight=\"36px\"><strong>4\u00e8me \u00c9DITION<\/strong><\/h5>\n<ul>\n<li><a href=\"https:\/\/cdtrp.ca\/fr\/evenements\/pfdrf2023\/\">Visitez le site web<\/a><\/li>\n<li><a href=\"https:\/\/www.youtube.com\/playlist?list=PLhBJGRs7ZhR_ULdgnG0p8EtfMlvrIpGvw\">Visionnez les enregistrements<\/a><\/li>\n<li><a href=\"https:\/\/cdtrp.ca\/wp-content\/uploads\/2023\/06\/PFD-Forum-2023-Post-Event-Report.pdf\">T\u00e9l\u00e9chargez le rapport de l&rsquo;\u00e9venement<\/a><\/li>\n<\/ul>\n<h5 class=\"\" data-fontsize=\"24\" data-lineheight=\"36px\"><strong>5\u00e8me \u00c9DITION<\/strong><\/h5>\n<ul>\n<li><a href=\"https:\/\/cdtrp.ca\/fr\/evenements\/forum-de-recherche-2024-des-patients-familles-et-donneurs\/\">Visitez le site web<\/a><\/li>\n<li><a href=\"https:\/\/www.youtube.com\/watch?v=yOqQ0MIsaZg&amp;list=PLhBJGRs7ZhR_mryYrkHNp__RSHOBYuuWt\">Visionnez les enregistrements <\/a><\/li>\n<li>T\u00e9l\u00e9chargez le rapport de l&rsquo;\u00e9v\u00e9nement<\/li>\n<\/ul>\n<\/div><\/div><\/div><div class=\"fusion-panel panel-default panel-490f7dbb57c8b50e1 fusion-toggle-has-divider\"><div class=\"panel-heading\"><h4 class=\"panel-title toggle\" id=\"toggle_490f7dbb57c8b50e1\"><a aria-expanded=\"false\" aria-controls=\"490f7dbb57c8b50e1\" role=\"button\" data-toggle=\"collapse\" data-parent=\"#accordion-2830-1\" data-target=\"#490f7dbb57c8b50e1\" href=\"#490f7dbb57c8b50e1\"><span class=\"fusion-toggle-icon-wrapper\" aria-hidden=\"true\"><i class=\"fa-fusion-box active-icon awb-icon-minus\" aria-hidden=\"true\"><\/i><i class=\"fa-fusion-box inactive-icon awb-icon-plus\" aria-hidden=\"true\"><\/i><\/span><span class=\"fusion-toggle-heading\">Forum l\u00e9gislatif et politique international sur le don et la transplantation<\/span><\/a><\/h4><\/div><div id=\"490f7dbb57c8b50e1\" class=\"panel-collapse collapse \" aria-labelledby=\"toggle_490f7dbb57c8b50e1\"><div class=\"panel-body toggle-content fusion-clearfix\">\n<h4><strong><a href=\"https:\/\/cdtrp.ca\/fr\/evenements\/foruminternational\/\">VISITEZ LE SITE WEB DU FORUM<\/a><\/strong><\/h4>\n<\/div><\/div><\/div><\/div><\/div><div class=\"fusion-sep-clear\"><\/div><div class=\"fusion-separator fusion-full-width-sep\" style=\"margin-left: auto;margin-right: auto;margin-top:10px;margin-bottom:10px;width:100%;\"><\/div><div class=\"fusion-sep-clear\"><\/div><div class=\"fusion-clearfix\"><\/div><\/div><\/div><div class=\"fusion-layout-column fusion_builder_column fusion-builder-column-3 fusion_builder_column_1_6 1_6 fusion-one-sixth fusion-column-last\" style=\"--awb-bg-size:cover;width:16.666666666667%;width:calc(16.666666666667% - ( ( 4% + 4% ) * 0.16666666666667 ) );\"><div class=\"fusion-column-wrapper fusion-column-has-shadow fusion-flex-column-wrapper-legacy\"><div class=\"fusion-clearfix\"><\/div><\/div><\/div><\/div><\/div><div class=\"fusion-fullwidth fullwidth-box fusion-builder-row-3 hundred-percent-fullwidth non-hundred-percent-height-scrolling fusion-equal-height-columns\" style=\"--awb-border-radius-top-left:0px;--awb-border-radius-top-right:0px;--awb-border-radius-bottom-right:0px;--awb-border-radius-bottom-left:0px;--awb-padding-top:0px;--awb-padding-right:0px;--awb-padding-bottom:0px;--awb-padding-left:0px;--awb-background-color:#f5f5f5;--awb-flex-wrap:wrap;\" ><div class=\"fusion-builder-row fusion-row\"><div class=\"fusion-layout-column fusion_builder_column fusion-builder-column-4 fusion_builder_column_1_2 1_2 fusion-one-half fusion-column-first fusion-no-small-visibility fusion-no-medium-visibility fusion-column-inner-bg-wrapper fusion-animated\" style=\"--awb-inner-bg-color:#ffffff;--awb-inner-bg-color-hover:#ffffff;--awb-inner-bg-size:cover;width:50%;width:calc(50% - ( ( 0 ) * 0.5 ) );margin-right: 0px;\" data-animationType=\"fadeInLeft\" data-animationDuration=\"0.6\" data-animationOffset=\"top-into-view\"><span class=\"fusion-column-inner-bg hover-type-zoomin\"><span class=\"fusion-column-anchor\"><span class=\"fusion-column-inner-bg-image lazyload\" data-bg=\"https:\/\/cdtrp.ca\/wp-content\/uploads\/2022\/01\/CDTRP-Website-1024x576.png\"><\/span><\/span><\/span><div class=\"fusion-column-wrapper fusion-column-has-shadow fusion-flex-column-wrapper-legacy fusion-empty-column-bg-image fusion-column-has-bg-image\" data-bg-url=\"https:\/\/cdtrp.ca\/wp-content\/uploads\/2022\/01\/CDTRP-Website-1024x576.png\"><img decoding=\"async\" class=\"fusion-empty-dims-img-placeholder fusion-no-large-visibility\" src=\"data:image\/svg+xml,%3Csvg%20xmlns%3D%27http%3A%2F%2Fwww.w3.org%2F2000%2Fsvg%27%20width%3D%271024%27%20height%3D%27576%27%20viewBox%3D%270%200%201024%20576%27%3E%3Crect%20width%3D%271024%27%20height%3D%27576%27%20fill-opacity%3D%220%22%2F%3E%3C%2Fsvg%3E\"><div class=\"fusion-clearfix\"><\/div><\/div><\/div><div class=\"fusion-layout-column fusion_builder_column fusion-builder-column-5 fusion_builder_column_1_2 1_2 fusion-one-half fusion-column-last\" style=\"--awb-padding-top:6rem;--awb-padding-right:6rem;--awb-padding-bottom:6rem;--awb-padding-left:6rem;--awb-bg-color:#ffffff;--awb-bg-color-hover:#ffffff;--awb-bg-size:cover;width:50%;width:calc(50% - ( ( 0 ) * 0.5 ) );\"><div class=\"fusion-column-wrapper fusion-column-has-shadow fusion-flex-column-wrapper-legacy\"><div class=\"fusion-title title fusion-title-2 fusion-sep-none fusion-title-text fusion-title-size-two\" style=\"--awb-text-color:#494c4e;\"><h2 class=\"fusion-title-heading title-heading-left fusion-responsive-typography-calculated\" style=\"margin:0;--fontSize:30;line-height:1.5;\"><p style=\"text-align: center;\">Webinaires<\/p><\/h2><\/div><div class=\"fusion-sep-clear\"><\/div><div class=\"fusion-separator\" style=\"margin-left: auto;margin-right: auto;margin-top:1.5rem;margin-bottom:2rem;width:100%;max-width:40%;\"><div class=\"fusion-separator-border sep-single sep-solid\" style=\"--awb-height:20px;--awb-amount:20px;--awb-sep-color:#aa0e13;border-color:#aa0e13;border-top-width:4px;\"><\/div><\/div><div class=\"fusion-sep-clear\"><\/div><div class=\"fusion-text fusion-text-4\"><p>Toutes les deux semaines, la plateforme d\u2019\u00e9ducation et de formation du PRDTC organise un webinaire sur un sujet pertinent avec des objectifs d\u2019apprentissage li\u00e9s aux th\u00e8mes et aux priorit\u00e9s intersectorielles. Les webinaires sont une occasion pour les stagiaires et les chercheurs de se rencontrer et de poser des questions au conf\u00e9rencier lors d\u2019un contexte de discussion informel.<\/p>\n<\/div><div class=\"fusion-aligncenter\"><a class=\"fusion-button button-flat fusion-button-default-size button-custom fusion-button-default button-3 fusion-button-default-span fusion-button-default-type\" style=\"--button_accent_color:#ffffff;--button_border_color:#ffffff;--button_accent_hover_color:#edf2f7;--button_border_hover_color:#ffffff;--button_gradient_top_color:#aa0e13;--button_gradient_bottom_color:#aa0e13;--button_gradient_top_color_hover:#aa0e13;--button_gradient_bottom_color_hover:#aa0e13;--button_text_transform:uppercase;\" target=\"_self\" href=\"https:\/\/cdtrp.ca\/en\/category\/webinars\/past-webinars\/\"><span class=\"fusion-button-text\">View past webinars<\/span><\/a><\/div><div class=\"fusion-clearfix\"><\/div><\/div><\/div><\/div><\/div><\/p>\n","protected":false},"excerpt":{"rendered":"","protected":false},"author":1,"featured_media":0,"parent":0,"menu_order":61,"comment_status":"closed","ping_status":"closed","template":"100-width.php","meta":{"footnotes":""},"class_list":["post-2830","page","type-page","status-publish","hentry"],"_links":{"self":[{"href":"https:\/\/cdtrp.ca\/fr\/wp-json\/wp\/v2\/pages\/2830"}],"collection":[{"href":"https:\/\/cdtrp.ca\/fr\/wp-json\/wp\/v2\/pages"}],"about":[{"href":"https:\/\/cdtrp.ca\/fr\/wp-json\/wp\/v2\/types\/page"}],"author":[{"embeddable":true,"href":"https:\/\/cdtrp.ca\/fr\/wp-json\/wp\/v2\/users\/1"}],"replies":[{"embeddable":true,"href":"https:\/\/cdtrp.ca\/fr\/wp-json\/wp\/v2\/comments?post=2830"}],"version-history":[{"count":48,"href":"https:\/\/cdtrp.ca\/fr\/wp-json\/wp\/v2\/pages\/2830\/revisions"}],"predecessor-version":[{"id":31084,"href":"https:\/\/cdtrp.ca\/fr\/wp-json\/wp\/v2\/pages\/2830\/revisions\/31084"}],"wp:attachment":[{"href":"https:\/\/cdtrp.ca\/fr\/wp-json\/wp\/v2\/media?parent=2830"}],"curies":[{"name":"wp","href":"https:\/\/api.w.org\/{rel}","templated":true}]}}