{"id":23409,"date":"2023-05-02T08:19:35","date_gmt":"2023-05-02T13:19:35","guid":{"rendered":"https:\/\/cdtrp.ca\/?page_id=23409"},"modified":"2023-12-19T10:14:10","modified_gmt":"2023-12-19T14:14:10","slug":"asm-2023","status":"publish","type":"page","link":"https:\/\/cdtrp.ca\/fr\/evenements\/asm-2023\/","title":{"rendered":"Congr\u00e8s scientifique annuel 2023 du PRDTC"},"content":{"rendered":"<p><div class=\"fusion-fullwidth fullwidth-box fusion-builder-row-1 nonhundred-percent-fullwidth non-hundred-percent-height-scrolling fusion-no-small-visibility fusion-no-medium-visibility\" style=\"--awb-background-position:left top;--awb-border-sizes-top:0px;--awb-border-sizes-bottom:0px;--awb-border-sizes-left:0px;--awb-border-sizes-right:0px;--awb-border-radius-top-left:0px;--awb-border-radius-top-right:0px;--awb-border-radius-bottom-right:0px;--awb-border-radius-bottom-left:0px;--awb-flex-wrap:wrap;\" ><div class=\"fusion-builder-row fusion-row\"><div class=\"fusion-layout-column fusion_builder_column fusion-builder-column-0 fusion_builder_column_1_1 1_1 fusion-one-full fusion-column-first fusion-column-last fusion-no-small-visibility fusion-no-medium-visibility\" style=\"--awb-padding-top:6rem;--awb-padding-right:3rem;--awb-padding-bottom:6rem;--awb-padding-left:3rem;--awb-bg-color:#ffffff;--awb-bg-color-hover:#ffffff;--awb-bg-size:cover;--awb-box-shadow:0px 0px 25px 0px rgba(0,0,0,0.5);;--awb-margin-top:-12rem;\"><div class=\"fusion-column-wrapper fusion-column-has-shadow fusion-flex-column-wrapper-legacy\"><div class=\"fusion-image-element fusion-image-align-center in-legacy-container\" style=\"text-align:center;--awb-caption-title-font-family:var(--h2_typography-font-family);--awb-caption-title-font-weight:var(--h2_typography-font-weight);--awb-caption-title-font-style:var(--h2_typography-font-style);--awb-caption-title-size:var(--h2_typography-font-size);--awb-caption-title-transform:var(--h2_typography-text-transform);--awb-caption-title-line-height:var(--h2_typography-line-height);--awb-caption-title-letter-spacing:var(--h2_typography-letter-spacing);\"><div class=\"imageframe-align-center\"><span class=\" fusion-imageframe imageframe-dropshadow imageframe-1 hover-type-none\" style=\"-webkit-box-shadow: 3px 3px 7px rgba(0,0,0,0.3);box-shadow: 3px 3px 7px rgba(0,0,0,0.3);\"><img decoding=\"async\" width=\"1024\" height=\"341\" title=\"ASM 2023 &#8211; Banner_FR\" src=\"https:\/\/cdtrp.ca\/wp-content\/uploads\/2023\/11\/ASM-2023-Banner_FR.png\" data-orig-src=\"https:\/\/cdtrp.ca\/wp-content\/uploads\/2023\/11\/ASM-2023-Banner_FR-1024x341.png\" alt class=\"lazyload img-responsive wp-image-26316\" srcset=\"data:image\/svg+xml,%3Csvg%20xmlns%3D%27http%3A%2F%2Fwww.w3.org%2F2000%2Fsvg%27%20width%3D%271500%27%20height%3D%27500%27%20viewBox%3D%270%200%201500%20500%27%3E%3Crect%20width%3D%271500%27%20height%3D%27500%27%20fill-opacity%3D%220%22%2F%3E%3C%2Fsvg%3E\" data-srcset=\"https:\/\/cdtrp.ca\/wp-content\/uploads\/2023\/11\/ASM-2023-Banner_FR-200x67.png 200w, https:\/\/cdtrp.ca\/wp-content\/uploads\/2023\/11\/ASM-2023-Banner_FR-400x133.png 400w, https:\/\/cdtrp.ca\/wp-content\/uploads\/2023\/11\/ASM-2023-Banner_FR-600x200.png 600w, https:\/\/cdtrp.ca\/wp-content\/uploads\/2023\/11\/ASM-2023-Banner_FR-800x267.png 800w, https:\/\/cdtrp.ca\/wp-content\/uploads\/2023\/11\/ASM-2023-Banner_FR-1200x400.png 1200w, https:\/\/cdtrp.ca\/wp-content\/uploads\/2023\/11\/ASM-2023-Banner_FR.png 1500w\" data-sizes=\"auto\" data-orig-sizes=\"(max-width: 1024px) 100vw, 1200px\" \/><\/span><\/div><\/div><div class=\"fusion-sep-clear\"><\/div><div class=\"fusion-separator fusion-full-width-sep\" style=\"margin-left: auto;margin-right: auto;margin-top:30px;margin-bottom:30px;width:100%;\"><\/div><div class=\"fusion-sep-clear\"><\/div><div class=\"fusion-text fusion-text-1\"><h5 style=\"text-align: center;\">Notre tr\u00e8s attendu 10e Congr\u00e8s scientifique annuel s&rsquo;est d\u00e9roul\u00e9 dans un format hybride, avec le volet pr\u00e9sentiel \u00e0 <strong>Montr\u00e9al, QC<\/strong>, du <strong>5 au 7 d\u00e9cembre 2023<\/strong>.\u202f Nous avons eu le plaisir d&rsquo;avoir <a href=\"#\" class=\"spu-open-23355\">Dre Siba Haykal<\/a> et <a href=\"#\" class=\"spu-open-13721\">Dre Vanessa Silva e Silva<\/a> comme copr\u00e9sidentes. Elles ont \u00e9t\u00e9 soutenues par un comit\u00e9 de planification compos\u00e9 de chercheurs, de stagiaires ainsi que de patient, famille et donneur partenaires du PRDTC.<\/h5>\n<ul>\n<li><a class=\"spu-open-25069 spu-clickable\" href=\"https:\/\/cdtrp.ca\/fr\/evenements\/asm-2023\/programme\/#\">Dr Amine Benmassaoud<\/a>\u00a0(Th\u00e8me 5, Univerist\u00e9 McGill)<\/li>\n<li><a class=\"spu-open-13971 spu-clickable\" href=\"https:\/\/cdtrp.ca\/fr\/evenements\/asm-2023\/programme\/#\">Dre Suze Berkhout<\/a>\u00a0(Th\u00e8me 5, University Health Network)<\/li>\n<li><a class=\"spu-open-20666 spu-clickable\" href=\"https:\/\/cdtrp.ca\/fr\/evenements\/asm-2023\/programme\/#\">Jorge Castillo-Prado<\/a>\u00a0(Th\u00e8me 3, stagiaire, Universit\u00e9 de Toronto)<\/li>\n<li><a class=\"spu-open-25067 spu-clickable\" href=\"https:\/\/cdtrp.ca\/fr\/evenements\/asm-2023\/programme\/#\">Charles Cook<\/a>\u00a0(Th\u00e8me 1, patient partenaire)<\/li>\n<li><a class=\"spu-open-17973 spu-clickable\" href=\"https:\/\/cdtrp.ca\/fr\/evenements\/asm-2023\/programme\/#\">Sean Delaney<\/a>\u00a0(Th\u00e8me 5, patient partenaire)<\/li>\n<li><a class=\"spu-open-25074 spu-clickable\" href=\"https:\/\/cdtrp.ca\/fr\/evenements\/asm-2023\/programme\/#\">Dre Esme Dijke<\/a>\u00a0(Th\u00e8me 4, Universit\u00e9 de l\u2019Alberta)<\/li>\n<li><a class=\"spu-open-21579 spu-clickable\" href=\"https:\/\/cdtrp.ca\/fr\/evenements\/asm-2023\/programme\/#\">Dr Mingyao Liu<\/a>\u00a0(Th\u00e8me 3, University Health Network)<\/li>\n<li><a class=\"spu-open-18955 spu-clickable\" href=\"https:\/\/cdtrp.ca\/fr\/evenements\/asm-2023\/programme\/#\">Dr Francis Migneault<\/a>\u00a0(Th\u00e8me 3, Centre de recherche du CHUM)<\/li>\n<li><a class=\"spu-open-22233 spu-clickable\" href=\"https:\/\/cdtrp.ca\/fr\/evenements\/asm-2023\/programme\/#\">Amy Thachil<\/a>\u00a0(Th\u00e8me 4, stagiaire, Universit\u00e9 de Colombie-Britannique)<\/li>\n<\/ul>\n<\/div><div class=\"fusion-sep-clear\"><\/div><div class=\"fusion-separator fusion-full-width-sep\" style=\"margin-left: auto;margin-right: auto;margin-top:10px;margin-bottom:10px;width:100%;\"><\/div><div class=\"fusion-sep-clear\"><\/div><div class=\"fusion-text fusion-text-2\"><p style=\"text-align: center;\"><a href=\"https:\/\/cdtrp.ca\/fr\/evenements\/asm-2022\/\"><strong>Visitez le site web de l&rsquo;\u00e9<\/strong><strong>dition 2022.<\/strong><\/a><\/p>\n<\/div><div class=\"fusion-clearfix\"><\/div><\/div><\/div><\/div><\/div><div class=\"fusion-fullwidth fullwidth-box fusion-builder-row-2 nonhundred-percent-fullwidth non-hundred-percent-height-scrolling fusion-no-medium-visibility fusion-no-large-visibility\" style=\"--awb-background-position:left top;--awb-border-sizes-top:0px;--awb-border-sizes-bottom:0px;--awb-border-sizes-left:0px;--awb-border-sizes-right:0px;--awb-border-radius-top-left:0px;--awb-border-radius-top-right:0px;--awb-border-radius-bottom-right:0px;--awb-border-radius-bottom-left:0px;--awb-flex-wrap:wrap;\" ><div class=\"fusion-builder-row fusion-row\"><div class=\"fusion-layout-column fusion_builder_column fusion-builder-column-1 fusion_builder_column_1_1 1_1 fusion-one-full fusion-column-first fusion-column-last fusion-no-large-visibility\" style=\"--awb-bg-size:cover;\"><div class=\"fusion-column-wrapper fusion-column-has-shadow fusion-flex-column-wrapper-legacy\"><div class=\"fusion-image-element fusion-image-align-center in-legacy-container\" style=\"text-align:center;--awb-caption-title-font-family:var(--h2_typography-font-family);--awb-caption-title-font-weight:var(--h2_typography-font-weight);--awb-caption-title-font-style:var(--h2_typography-font-style);--awb-caption-title-size:var(--h2_typography-font-size);--awb-caption-title-transform:var(--h2_typography-text-transform);--awb-caption-title-line-height:var(--h2_typography-line-height);--awb-caption-title-letter-spacing:var(--h2_typography-letter-spacing);\"><div class=\"imageframe-align-center\"><span class=\" fusion-imageframe imageframe-dropshadow imageframe-2 hover-type-none\" style=\"-webkit-box-shadow: 3px 3px 7px rgba(0,0,0,0.3);box-shadow: 3px 3px 7px rgba(0,0,0,0.3);\"><img decoding=\"async\" width=\"1024\" height=\"341\" title=\"ASM 2023 &#8211; Banner_FR\" src=\"https:\/\/cdtrp.ca\/wp-content\/uploads\/2023\/11\/ASM-2023-Banner_FR.png\" data-orig-src=\"https:\/\/cdtrp.ca\/wp-content\/uploads\/2023\/11\/ASM-2023-Banner_FR-1024x341.png\" alt class=\"lazyload img-responsive wp-image-26316\" srcset=\"data:image\/svg+xml,%3Csvg%20xmlns%3D%27http%3A%2F%2Fwww.w3.org%2F2000%2Fsvg%27%20width%3D%271500%27%20height%3D%27500%27%20viewBox%3D%270%200%201500%20500%27%3E%3Crect%20width%3D%271500%27%20height%3D%27500%27%20fill-opacity%3D%220%22%2F%3E%3C%2Fsvg%3E\" data-srcset=\"https:\/\/cdtrp.ca\/wp-content\/uploads\/2023\/11\/ASM-2023-Banner_FR-200x67.png 200w, https:\/\/cdtrp.ca\/wp-content\/uploads\/2023\/11\/ASM-2023-Banner_FR-400x133.png 400w, https:\/\/cdtrp.ca\/wp-content\/uploads\/2023\/11\/ASM-2023-Banner_FR-600x200.png 600w, https:\/\/cdtrp.ca\/wp-content\/uploads\/2023\/11\/ASM-2023-Banner_FR-800x267.png 800w, https:\/\/cdtrp.ca\/wp-content\/uploads\/2023\/11\/ASM-2023-Banner_FR-1200x400.png 1200w, https:\/\/cdtrp.ca\/wp-content\/uploads\/2023\/11\/ASM-2023-Banner_FR.png 1500w\" data-sizes=\"auto\" data-orig-sizes=\"(max-width: 1024px) 100vw, 1200px\" \/><\/span><\/div><\/div><div class=\"fusion-sep-clear\"><\/div><div class=\"fusion-separator fusion-full-width-sep\" style=\"margin-left: auto;margin-right: auto;margin-top:10px;margin-bottom:10px;width:100%;\"><\/div><div class=\"fusion-sep-clear\"><\/div><div class=\"fusion-text fusion-text-3\"><h6 style=\"text-align: center;\">Notre tr\u00e8s attendu 10e Congr\u00e8s scientifique annuel s&rsquo;est d\u00e9roul\u00e9 dans un format hybride, avec le volet en personne \u00e0 <strong>Montr\u00e9al, QC<\/strong>, du <strong>5 au 7 d\u00e9cembre 2023<\/strong>.\u202f Nous avons eu le plaisir d&rsquo;avoir <a href=\"#\" class=\"spu-open-23355\">Dre Siba Haykal<\/a> et <a href=\"#\" class=\"spu-open-13721\">Dre Vanessa Silva e Silva<\/a> comme copr\u00e9sidentes. Elles ont \u00e9t\u00e9 soutenues par un comit\u00e9 de planification compos\u00e9 de chercheurs, de stagiaires ainsi que de patient, famille et donneur partenaires du PRDTC.<\/h6>\n<\/div><div class=\"fusion-sep-clear\"><\/div><div class=\"fusion-separator fusion-full-width-sep\" style=\"margin-left: auto;margin-right: auto;margin-top:10px;margin-bottom:10px;width:100%;\"><\/div><div class=\"fusion-sep-clear\"><\/div><div class=\"fusion-text fusion-text-4\"><p style=\"text-align: center;\"><a href=\"https:\/\/cdtrp.ca\/fr\/evenements\/asm-2022\/\"><strong>Visitez le site web de l&rsquo;\u00e9<\/strong><strong>dition 2022.<\/strong><\/a><\/p>\n<\/div><div class=\"fusion-clearfix\"><\/div><\/div><\/div><\/div><\/div><div class=\"fusion-fullwidth fullwidth-box fusion-builder-row-3 fusion-flex-container nonhundred-percent-fullwidth non-hundred-percent-height-scrolling\" style=\"--awb-border-radius-top-left:0px;--awb-border-radius-top-right:0px;--awb-border-radius-bottom-right:0px;--awb-border-radius-bottom-left:0px;--awb-flex-wrap:wrap;\" ><div class=\"fusion-builder-row fusion-row fusion-flex-align-items-flex-start fusion-flex-content-wrap\" style=\"max-width:1216.8px;margin-left: calc(-4% \/ 2 );margin-right: calc(-4% \/ 2 );\"><div class=\"fusion-layout-column fusion_builder_column fusion-builder-column-2 fusion_builder_column_1_1 1_1 fusion-flex-column\" style=\"--awb-bg-size:cover;--awb-width-large:100%;--awb-margin-top-large:0px;--awb-spacing-right-large:1.92%;--awb-margin-bottom-large:0px;--awb-spacing-left-large:1.92%;--awb-width-medium:100%;--awb-order-medium:0;--awb-spacing-right-medium:1.92%;--awb-spacing-left-medium:1.92%;--awb-width-small:100%;--awb-order-small:0;--awb-spacing-right-small:1.92%;--awb-spacing-left-small:1.92%;\"><div class=\"fusion-column-wrapper fusion-column-has-shadow fusion-flex-justify-content-flex-start fusion-content-layout-column\"><div class=\"fusion-text fusion-text-5\"><h5 style=\"text-align: center;\">Nous tenons \u00e0 remercier le <strong>Consortium Acc\u00e9l\u00e9rer les Essais Cliniques<\/strong>, <strong>Alberta Transplant Institute<\/strong>,\u00a0<strong>Astellas Pharma Canada, Inc.<\/strong>,\u00a0<strong>AstraZeneca, la Soci\u00e9t\u00e9 canadienne du sang, <\/strong><strong>Paladin Labs Inc., Takeda <\/strong>et le<strong>\u00a0UHN Ajmera Transplant Centre\u00a0<\/strong>pour leur soutien \u00e0 cet \u00e9v\u00e9nement !<\/h5>\n<p style=\"text-align: center;\"><img decoding=\"async\" class=\"lazyload  wp-image-26255 aligncenter\" src=\"https:\/\/cdtrp.ca\/wp-content\/uploads\/2023\/11\/ASM-Sponsors-V5-e1699539401431-1024x289.png\" data-orig-src=\"https:\/\/cdtrp.ca\/wp-content\/uploads\/2023\/11\/ASM-Sponsors-V5-e1699539401431-1024x289.png\" alt=\"\" width=\"985\" height=\"278\" srcset=\"data:image\/svg+xml,%3Csvg%20xmlns%3D%27http%3A%2F%2Fwww.w3.org%2F2000%2Fsvg%27%20width%3D%27985%27%20height%3D%27278%27%20viewBox%3D%270%200%20985%20278%27%3E%3Crect%20width%3D%27985%27%20height%3D%27278%27%20fill-opacity%3D%220%22%2F%3E%3C%2Fsvg%3E\" data-srcset=\"https:\/\/cdtrp.ca\/wp-content\/uploads\/2023\/11\/ASM-Sponsors-V5-e1699539401431-200x56.png 200w, https:\/\/cdtrp.ca\/wp-content\/uploads\/2023\/11\/ASM-Sponsors-V5-e1699539401431-300x85.png 300w, https:\/\/cdtrp.ca\/wp-content\/uploads\/2023\/11\/ASM-Sponsors-V5-e1699539401431-400x113.png 400w, https:\/\/cdtrp.ca\/wp-content\/uploads\/2023\/11\/ASM-Sponsors-V5-e1699539401431-600x169.png 600w, https:\/\/cdtrp.ca\/wp-content\/uploads\/2023\/11\/ASM-Sponsors-V5-e1699539401431-768x217.png 768w, https:\/\/cdtrp.ca\/wp-content\/uploads\/2023\/11\/ASM-Sponsors-V5-e1699539401431-800x226.png 800w, https:\/\/cdtrp.ca\/wp-content\/uploads\/2023\/11\/ASM-Sponsors-V5-e1699539401431-1024x289.png 1024w, https:\/\/cdtrp.ca\/wp-content\/uploads\/2023\/11\/ASM-Sponsors-V5-e1699539401431-1200x338.png 1200w, https:\/\/cdtrp.ca\/wp-content\/uploads\/2023\/11\/ASM-Sponsors-V5-e1699539401431.png 1500w\" data-sizes=\"auto\" data-orig-sizes=\"(max-width: 985px) 100vw, 985px\" \/><\/p>\n<\/div><div class=\"fusion-separator fusion-full-width-sep\" style=\"align-self: center;margin-left: auto;margin-right: auto;margin-top:30px;margin-bottom:30px;width:100%;\"><div class=\"fusion-separator-border sep-single sep-solid\" style=\"--awb-height:20px;--awb-amount:20px;border-color:#e0dede;border-top-width:1px;\"><\/div><\/div><div class=\"fusion-text fusion-text-6\"><h6 style=\"text-align: center;\">Les Caf\u00e9s scientifiques organis\u00e9s dans le cadre du Congr\u00e8s scientifique annuel et la session intitul\u00e9e \u00ab <em>A National Approach to Prioritizing Emerging Issues in COVID-19 in Transplantation<\/em> \u00bb sont soutenus par les<strong> Instituts de recherche en sant\u00e9 du Canada<\/strong> (IRSC).<\/h6>\n<h6 style=\"text-align: center;\"><img decoding=\"async\" class=\"lazyload wp-image-25336 aligncenter\" src=\"https:\/\/cdtrp.ca\/wp-content\/uploads\/2023\/08\/leaf-cihr-colour-portrait-en.jpg\" data-orig-src=\"https:\/\/cdtrp.ca\/wp-content\/uploads\/2023\/08\/leaf-cihr-colour-portrait-en.jpg\" alt=\"\" width=\"337\" height=\"84\" srcset=\"data:image\/svg+xml,%3Csvg%20xmlns%3D%27http%3A%2F%2Fwww.w3.org%2F2000%2Fsvg%27%20width%3D%27337%27%20height%3D%2784%27%20viewBox%3D%270%200%20337%2084%27%3E%3Crect%20width%3D%27337%27%20height%3D%2784%27%20fill-opacity%3D%220%22%2F%3E%3C%2Fsvg%3E\" data-srcset=\"https:\/\/cdtrp.ca\/wp-content\/uploads\/2023\/08\/leaf-cihr-colour-portrait-en-200x50.jpg 200w, https:\/\/cdtrp.ca\/wp-content\/uploads\/2023\/08\/leaf-cihr-colour-portrait-en-300x75.jpg 300w, https:\/\/cdtrp.ca\/wp-content\/uploads\/2023\/08\/leaf-cihr-colour-portrait-en-400x100.jpg 400w, https:\/\/cdtrp.ca\/wp-content\/uploads\/2023\/08\/leaf-cihr-colour-portrait-en.jpg 522w\" data-sizes=\"auto\" data-orig-sizes=\"(max-width: 337px) 100vw, 337px\" \/><\/h6>\n<\/div><\/div><\/div><\/div><\/div><div class=\"fusion-fullwidth fullwidth-box fusion-builder-row-4 hundred-percent-fullwidth non-hundred-percent-height-scrolling fusion-equal-height-columns\" style=\"--awb-background-position:left top;--awb-border-sizes-top:0px;--awb-border-sizes-bottom:0px;--awb-border-sizes-left:0px;--awb-border-sizes-right:0px;--awb-border-radius-top-left:0px;--awb-border-radius-top-right:0px;--awb-border-radius-bottom-right:0px;--awb-border-radius-bottom-left:0px;--awb-padding-top:1rem;--awb-padding-right:0px;--awb-padding-bottom:0px;--awb-padding-left:0px;--awb-flex-wrap:wrap;\" ><div class=\"fusion-builder-row fusion-row\"><div class=\"fusion-layout-column fusion_builder_column fusion-builder-column-3 fusion_builder_column_1_3 1_3 fusion-one-third fusion-column-first\" style=\"--awb-padding-top:8%;--awb-padding-right:6%;--awb-padding-bottom:10%;--awb-padding-left:6%;--awb-bg-color:#58aaad;--awb-bg-color-hover:#58aaad;--awb-bg-position:center center;--awb-bg-size:cover;\"><div class=\"fusion-column-wrapper fusion-column-has-shadow fusion-flex-column-wrapper-legacy\"><div class=\"fusion-column-content-centered\"><div class=\"fusion-column-content\"><div class=\"fusion-fa-align-center\"><i class=\"fb-icon-element-1 fb-icon-element fontawesome-icon fa-clipboard-list fas circle-no\" style=\"--awb-font-size:48px;\"><\/i><\/div><div class=\"fusion-sep-clear\"><\/div><div class=\"fusion-separator fusion-full-width-sep\" style=\"margin-left: auto;margin-right: auto;margin-top:1rem;margin-bottom:1rem;width:100%;\"><\/div><div class=\"fusion-sep-clear\"><\/div><div class=\"fusion-text fusion-text-7\"><h3 style=\"text-align: center; font-weight: 400; color: #fff;\">Programme<\/h3>\n<\/div><div class=\"fusion-sep-clear\"><\/div><div class=\"fusion-separator fusion-full-width-sep\" style=\"margin-left: auto;margin-right: auto;margin-top:1rem;margin-bottom:1rem;width:100%;\"><\/div><div class=\"fusion-sep-clear\"><\/div><div class=\"fusion-text fusion-text-8\"><p style=\"text-align: center; color: #fff;\">Cliquez ici pour consulter le programme complet, les activit\u00e9s sociales et de r\u00e9seautage et bien plus !<\/p>\n<\/div><div class=\"fusion-sep-clear\"><\/div><div class=\"fusion-separator fusion-full-width-sep\" style=\"margin-left: auto;margin-right: auto;margin-top:30px;width:100%;\"><\/div><div class=\"fusion-sep-clear\"><\/div><div class=\"fusion-aligncenter\"><a class=\"fusion-button button-flat button-large button-custom fusion-button-default button-1 fusion-button-span-no fusion-button-default-type\" style=\"--button_accent_color:#ffffff;--button_border_color:#ffffff;--button_accent_hover_color:#327ec7;--button_border_hover_color:#327ec7;--button_border_width-top:2px;--button_border_width-right:2px;--button_border_width-bottom:2px;--button_border_width-left:2px;--button-border-radius-top-left:0;--button-border-radius-top-right:0;--button-border-radius-bottom-right:0;--button-border-radius-bottom-left:0;--button_gradient_top_color:ghost;--button_gradient_bottom_color:ghost;--button_gradient_top_color_hover:ghost;--button_gradient_bottom_color_hover:ghost;--button_text_transform:uppercase;\" target=\"_self\" href=\"https:\/\/app.groupize.com\/a\/cdtrp-10th-annual-scientific-meeting\/agenda\"><span class=\"fusion-button-text\">Consulter le programme<\/span><\/a><\/div><\/div><\/div><div class=\"fusion-clearfix\"><\/div><\/div><\/div><div class=\"fusion-layout-column fusion_builder_column fusion-builder-column-4 fusion_builder_column_1_3 1_3 fusion-one-third\" style=\"--awb-padding-top:8%;--awb-padding-right:6%;--awb-padding-bottom:10%;--awb-padding-left:6%;--awb-bg-color:#d93833;--awb-bg-color-hover:#d93833;--awb-bg-position:center center;--awb-bg-size:cover;\"><div class=\"fusion-column-wrapper fusion-column-has-shadow fusion-flex-column-wrapper-legacy\"><div class=\"fusion-column-content-centered\"><div class=\"fusion-column-content\"><div class=\"fusion-fa-align-center\"><i class=\"fb-icon-element-2 fb-icon-element fontawesome-icon fa-file-video far circle-no\" style=\"--awb-font-size:48px;\"><\/i><\/div><div class=\"fusion-sep-clear\"><\/div><div class=\"fusion-separator fusion-full-width-sep\" style=\"margin-left: auto;margin-right: auto;margin-top:1rem;margin-bottom:1rem;width:100%;\"><\/div><div class=\"fusion-sep-clear\"><\/div><div class=\"fusion-text fusion-text-9\"><h3 style=\"text-align: center; font-weight: 400; color: #fff;\">Enregistrements<\/h3>\n<\/div><div class=\"fusion-sep-clear\"><\/div><div class=\"fusion-separator fusion-full-width-sep\" style=\"margin-left: auto;margin-right: auto;margin-top:1rem;margin-bottom:1rem;width:100%;\"><\/div><div class=\"fusion-sep-clear\"><\/div><div class=\"fusion-text fusion-text-10\"><p style=\"text-align: center;\"><span style=\"color: #ffffff;\">Si vous avez manqu\u00e9 certaines des sessions et que vous souhaitez les visionner, des enregistrements sont d\u00e9sormais disponibles !<\/span><\/p>\n<\/div><div class=\"fusion-sep-clear\"><\/div><div class=\"fusion-separator fusion-full-width-sep\" style=\"margin-left: auto;margin-right: auto;margin-top:1rem;margin-bottom:1rem;width:100%;\"><\/div><div class=\"fusion-sep-clear\"><\/div><div class=\"fusion-aligncenter\"><a class=\"fusion-button button-flat button-large button-custom fusion-button-default button-2 fusion-button-span-no fusion-button-default-type\" style=\"--button_accent_color:#ffffff;--button_border_color:#ffffff;--button_accent_hover_color:#3697c3;--button_border_hover_color:#3697c3;--button_border_width-top:2px;--button_border_width-right:2px;--button_border_width-bottom:2px;--button_border_width-left:2px;--button-border-radius-top-left:0;--button-border-radius-top-right:0;--button-border-radius-bottom-right:0;--button-border-radius-bottom-left:0;--button_gradient_top_color:ghost;--button_gradient_bottom_color:ghost;--button_gradient_top_color_hover:ghost;--button_gradient_bottom_color_hover:ghost;--button_text_transform:uppercase;\" target=\"_self\" href=\"https:\/\/www.youtube.com\/playlist?list=PLhBJGRs7ZhR9iNdmfbLHxZP-pYnhnQ8ei\"><span class=\"fusion-button-text\">Voir les enregistrements<\/span><\/a><\/div><\/div><\/div><div class=\"fusion-clearfix\"><\/div><\/div><\/div><div class=\"fusion-layout-column fusion_builder_column fusion-builder-column-5 fusion_builder_column_1_3 1_3 fusion-one-third fusion-column-last\" style=\"--awb-padding-top:8%;--awb-padding-right:6%;--awb-padding-bottom:10%;--awb-padding-left:6%;--awb-bg-color:#2b4257;--awb-bg-color-hover:#2b4257;--awb-bg-position:center center;--awb-bg-size:cover;\"><div class=\"fusion-column-wrapper fusion-column-has-shadow fusion-flex-column-wrapper-legacy\"><div class=\"fusion-column-content-centered\"><div class=\"fusion-column-content\"><div class=\"fusion-fa-align-center\"><i class=\"fb-icon-element-3 fb-icon-element fontawesome-icon fa-chalkboard-teacher fas circle-no\" style=\"--awb-font-size:48px;\"><\/i><\/div><div class=\"fusion-sep-clear\"><\/div><div class=\"fusion-separator fusion-full-width-sep\" style=\"margin-left: auto;margin-right: auto;margin-top:1rem;margin-bottom:1rem;width:100%;\"><\/div><div class=\"fusion-sep-clear\"><\/div><div class=\"fusion-text fusion-text-11\"><h3 class=\"fusion-responsive-typography-calculated\" style=\"text-align: center; font-weight: 400; color: #ffffff; --fontsize: 28; line-height: 1.5;\" data-fontsize=\"28\" data-lineheight=\"42px\">Code de conduite et politiques<\/h3>\n<\/div><div class=\"fusion-sep-clear\"><\/div><div class=\"fusion-separator fusion-full-width-sep\" style=\"margin-left: auto;margin-right: auto;margin-top:1rem;margin-bottom:1rem;width:100%;\"><\/div><div class=\"fusion-sep-clear\"><\/div><div class=\"fusion-text fusion-text-12\"><p style=\"text-align: center;\"><span style=\"color: #ffffff;\">Veuillez consulter les politiques du congr\u00e8s avant d&rsquo;y assister (anglais seulement)<\/span><\/p>\n<\/div><div class=\"fusion-sep-clear\"><\/div><div class=\"fusion-separator fusion-full-width-sep\" style=\"margin-left: auto;margin-right: auto;margin-top:1rem;margin-bottom:1rem;width:100%;\"><\/div><div class=\"fusion-sep-clear\"><\/div><div class=\"fusion-aligncenter\"><a class=\"fusion-button button-flat button-large button-custom fusion-button-default button-3 fusion-button-span-no fusion-button-default-type\" style=\"--button_accent_color:#ffffff;--button_border_color:#ffffff;--button_accent_hover_color:#327ec7;--button_border_hover_color:#327ec7;--button_border_width-top:2px;--button_border_width-right:2px;--button_border_width-bottom:2px;--button_border_width-left:2px;--button-border-radius-top-left:0;--button-border-radius-top-right:0;--button-border-radius-bottom-right:0;--button-border-radius-bottom-left:0;--button_gradient_top_color:ghost;--button_gradient_bottom_color:ghost;--button_gradient_top_color_hover:ghost;--button_gradient_bottom_color_hover:ghost;--button_text_transform:uppercase;\" target=\"_self\" href=\"https:\/\/cdtrp.ca\/fr\/?page_id=24581\"><span class=\"fusion-button-text\">Code de conduite et politiques<\/span><\/a><\/div><\/div><\/div><div class=\"fusion-clearfix\"><\/div><\/div><\/div><\/div><\/div><\/p>\n","protected":false},"excerpt":{"rendered":"","protected":false},"author":6,"featured_media":0,"parent":2830,"menu_order":21,"comment_status":"closed","ping_status":"closed","template":"100-width.php","meta":{"footnotes":""},"class_list":["post-23409","page","type-page","status-publish","hentry"],"_links":{"self":[{"href":"https:\/\/cdtrp.ca\/fr\/wp-json\/wp\/v2\/pages\/23409"}],"collection":[{"href":"https:\/\/cdtrp.ca\/fr\/wp-json\/wp\/v2\/pages"}],"about":[{"href":"https:\/\/cdtrp.ca\/fr\/wp-json\/wp\/v2\/types\/page"}],"author":[{"embeddable":true,"href":"https:\/\/cdtrp.ca\/fr\/wp-json\/wp\/v2\/users\/6"}],"replies":[{"embeddable":true,"href":"https:\/\/cdtrp.ca\/fr\/wp-json\/wp\/v2\/comments?post=23409"}],"version-history":[{"count":37,"href":"https:\/\/cdtrp.ca\/fr\/wp-json\/wp\/v2\/pages\/23409\/revisions"}],"predecessor-version":[{"id":26538,"href":"https:\/\/cdtrp.ca\/fr\/wp-json\/wp\/v2\/pages\/23409\/revisions\/26538"}],"up":[{"embeddable":true,"href":"https:\/\/cdtrp.ca\/fr\/wp-json\/wp\/v2\/pages\/2830"}],"wp:attachment":[{"href":"https:\/\/cdtrp.ca\/fr\/wp-json\/wp\/v2\/media?parent=23409"}],"curies":[{"name":"wp","href":"https:\/\/api.w.org\/{rel}","templated":true}]}}