{"id":22714,"date":"2023-04-04T08:12:55","date_gmt":"2023-04-04T13:12:55","guid":{"rendered":"https:\/\/cdtrp.ca\/?page_id=22714"},"modified":"2023-06-08T10:28:17","modified_gmt":"2023-06-08T15:28:17","slug":"supporters","status":"publish","type":"page","link":"https:\/\/cdtrp.ca\/fr\/evenements\/pfdrf2023\/supporters\/","title":{"rendered":"Nos supporters"},"content":{"rendered":"<div class=\"fusion-fullwidth fullwidth-box fusion-builder-row-1 nonhundred-percent-fullwidth non-hundred-percent-height-scrolling\" style=\"--awb-background-position:left top;--awb-border-sizes-top:0px;--awb-border-sizes-bottom:0px;--awb-border-sizes-left:0px;--awb-border-sizes-right:0px;--awb-border-radius-top-left:0px;--awb-border-radius-top-right:0px;--awb-border-radius-bottom-right:0px;--awb-border-radius-bottom-left:0px;--awb-flex-wrap:wrap;\" ><div class=\"fusion-builder-row fusion-row\"><div class=\"fusion-layout-column fusion_builder_column fusion-builder-column-0 fusion_builder_column_1_1 1_1 fusion-one-full fusion-column-first fusion-column-last fusion-no-small-visibility fusion-no-medium-visibility\" style=\"--awb-padding-top:6rem;--awb-padding-right:3rem;--awb-padding-bottom:6rem;--awb-padding-left:3rem;--awb-bg-color:#ffffff;--awb-bg-color-hover:#ffffff;--awb-bg-size:cover;--awb-box-shadow:0px 0px 25px 0px rgba(0,0,0,0.5);;--awb-margin-top:-12rem;\"><div class=\"fusion-column-wrapper fusion-column-has-shadow fusion-flex-column-wrapper-legacy\"><div class=\"fusion-text fusion-text-1\"><p><img decoding=\"async\" class=\"lazyload size-large wp-image-23488 aligncenter\" src=\"https:\/\/cdtrp.ca\/wp-content\/uploads\/2023\/05\/PFD-Forum-2023-Supporters-V6_FR-1024x576.png\" data-orig-src=\"https:\/\/cdtrp.ca\/wp-content\/uploads\/2023\/05\/PFD-Forum-2023-Supporters-V6_FR-1024x576.png\" alt=\"\" width=\"1024\" height=\"576\" srcset=\"data:image\/svg+xml,%3Csvg%20xmlns%3D%27http%3A%2F%2Fwww.w3.org%2F2000%2Fsvg%27%20width%3D%271024%27%20height%3D%27576%27%20viewBox%3D%270%200%201024%20576%27%3E%3Crect%20width%3D%271024%27%20height%3D%27576%27%20fill-opacity%3D%220%22%2F%3E%3C%2Fsvg%3E\" data-srcset=\"https:\/\/cdtrp.ca\/wp-content\/uploads\/2023\/05\/PFD-Forum-2023-Supporters-V6_FR-200x113.png 200w, https:\/\/cdtrp.ca\/wp-content\/uploads\/2023\/05\/PFD-Forum-2023-Supporters-V6_FR-300x169.png 300w, https:\/\/cdtrp.ca\/wp-content\/uploads\/2023\/05\/PFD-Forum-2023-Supporters-V6_FR-400x225.png 400w, https:\/\/cdtrp.ca\/wp-content\/uploads\/2023\/05\/PFD-Forum-2023-Supporters-V6_FR-600x338.png 600w, https:\/\/cdtrp.ca\/wp-content\/uploads\/2023\/05\/PFD-Forum-2023-Supporters-V6_FR-768x432.png 768w, https:\/\/cdtrp.ca\/wp-content\/uploads\/2023\/05\/PFD-Forum-2023-Supporters-V6_FR-800x450.png 800w, https:\/\/cdtrp.ca\/wp-content\/uploads\/2023\/05\/PFD-Forum-2023-Supporters-V6_FR-1024x576.png 1024w, https:\/\/cdtrp.ca\/wp-content\/uploads\/2023\/05\/PFD-Forum-2023-Supporters-V6_FR-1200x675.png 1200w, https:\/\/cdtrp.ca\/wp-content\/uploads\/2023\/05\/PFD-Forum-2023-Supporters-V6_FR-1536x864.png 1536w, https:\/\/cdtrp.ca\/wp-content\/uploads\/2023\/05\/PFD-Forum-2023-Supporters-V6_FR.png 1600w\" data-sizes=\"auto\" data-orig-sizes=\"(max-width: 1024px) 100vw, 1024px\" \/><\/p>\n<\/div><div class=\"fusion-sep-clear\"><\/div><div class=\"fusion-separator fusion-full-width-sep\" style=\"margin-left: auto;margin-right: auto;margin-top:1rem;margin-bottom:1rem;width:100%;\"><\/div><div class=\"fusion-sep-clear\"><\/div><div class=\"fusion-text fusion-text-2\"><h5 class=\"fusion-responsive-typography-calculated\" style=\"text-align: center;\" data-fontsize=\"20\" data-lineheight=\"30px\">Nous tenons \u00e0 remercier\u00a0<strong>AstraZeneca<\/strong>\u00a0pour leur soutien \u00e0 cet \u00e9v\u00e9nement.<\/h5>\n<p><img decoding=\"async\" class=\"lazyload size-medium wp-image-19393 aligncenter\" src=\"https:\/\/cdtrp.ca\/wp-content\/uploads\/2022\/09\/AstraZeneca-300x75.png\" data-orig-src=\"https:\/\/cdtrp.ca\/wp-content\/uploads\/2022\/09\/AstraZeneca-300x75.png\" alt=\"\" width=\"300\" height=\"75\" srcset=\"data:image\/svg+xml,%3Csvg%20xmlns%3D%27http%3A%2F%2Fwww.w3.org%2F2000%2Fsvg%27%20width%3D%27300%27%20height%3D%2775%27%20viewBox%3D%270%200%20300%2075%27%3E%3Crect%20width%3D%27300%27%20height%3D%2775%27%20fill-opacity%3D%220%22%2F%3E%3C%2Fsvg%3E\" data-srcset=\"https:\/\/cdtrp.ca\/wp-content\/uploads\/2022\/09\/AstraZeneca-200x50.png 200w, https:\/\/cdtrp.ca\/wp-content\/uploads\/2022\/09\/AstraZeneca-300x75.png 300w, https:\/\/cdtrp.ca\/wp-content\/uploads\/2022\/09\/AstraZeneca-400x100.png 400w, https:\/\/cdtrp.ca\/wp-content\/uploads\/2022\/09\/AstraZeneca.png 449w\" data-sizes=\"auto\" data-orig-sizes=\"(max-width: 300px) 100vw, 300px\" \/><\/p>\n<\/div><div class=\"fusion-sep-clear\"><\/div><div class=\"fusion-separator fusion-full-width-sep\" style=\"margin-left: auto;margin-right: auto;margin-top:1rem;margin-bottom:1rem;width:100%;\"><\/div><div class=\"fusion-sep-clear\"><\/div><div class=\"fusion-text fusion-text-3\"><p>Nous tenons \u00e0 remercier les institutions, fondations et associations suivantes pour leur soutien dans la promotion du Forum de recherche des patients, familles et donneurs 2023 du PRDTC (<em>en ordre alphab\u00e9tique<\/em>) :<\/p>\n<ul>\n<li><a href=\"https:\/\/www.ualberta.ca\/alberta-transplant-institute\/index.html\">Alberta Transplant Institute<\/a> (site en anglais)<\/li>\n<li><a href=\"http:\/\/www.transplant.bc.ca\/\">BC Transplant<\/a> (site en anglais)<\/li>\n<li><a href=\"https:\/\/www.canadiantransplant.com\/\">Canadian Transplant Association<\/a> (site en anglais)<\/li>\n<li><a href=\"https:\/\/canrestore.wordpress.com\/\">CAN-RESTORE<\/a> (site en anglais)<\/li>\n<li><a href=\"https:\/\/cansolveckd.ca\/\">Can-SOLVE CKD Network<\/a> (site en anglais)<\/li>\n<li><a href=\"https:\/\/www.liver.ca\/fr\/\">Fondation canadienne du foie<\/a><\/li>\n<li><a href=\"https:\/\/rein.ca\/\">Fondation canadienne du rein<\/a><\/li>\n<li><a href=\"https:\/\/www.nlsupport.ca\/home.aspx\">Newfoundland and Labrador SPOR SUPPORT Unit<\/a> (site en anglais)<\/li>\n<li><a href=\"https:\/\/www.scpor.ca\/\">Saskatchewan Centre for Patient-Oriented Research (SCPOR)<\/a> (site en anglais)<\/li>\n<li><a href=\"https:\/\/www.blood.ca\/fr\">Soci\u00e9t\u00e9 canadienne du sang<\/a><\/li>\n<li><a href=\"https:\/\/www.cst-transplant.ca\/index_fr.html\">Soci\u00e9t\u00e9 canadienne de transplantation<\/a><\/li>\n<li><a href=\"http:\/\/stemcellclub.ca\/\">Stem Cell Club<\/a> (site en anglais)<\/li>\n<li><a href=\"https:\/\/swabtheworld.com\/fr\/\">Swab the World<\/a><\/li>\n<li><a href=\"https:\/\/transplantambassadors.ca\/\">Transplant Ambassador Program<\/a> (site en anglais)<\/li>\n<li><a href=\"https:\/\/www.transplantfamilies.org\/\">Transplant Families<\/a> (site en anglais)<\/li>\n<li><a href=\"https:\/\/www.transplantmanitoba.ca\/decide\/gift-of-life\">Transplant Manitoba &#8211; Gift of Life<\/a> (site en anglais)<\/li>\n<li><a href=\"https:\/\/www.trfbc.org\/\">Transplant Research Foundation of British Columbia<\/a> (site en anglais)<\/li>\n<li><a href=\"https:\/\/www.uhn.ca\/Transplant\">University Health Network &#8211; Ajmera Transplant Centre<\/a> (site en anglais)<\/li>\n<li><a href=\"https:\/\/www.uhn.ca\/Transplant\/Living_Donor_Program\/Centre_for_Living_Organ_Donation\">University Health Network &#8211; Centre for Living Organ Donation<\/a> (site en anglais)<\/li>\n<\/ul>\n<\/div><div class=\"fusion-clearfix\"><\/div><\/div><\/div><div class=\"fusion-layout-column fusion_builder_column fusion-builder-column-1 fusion_builder_column_1_1 1_1 fusion-one-full fusion-column-first fusion-column-last fusion-no-large-visibility\" style=\"--awb-bg-size:cover;\"><div class=\"fusion-column-wrapper fusion-column-has-shadow fusion-flex-column-wrapper-legacy\"><div class=\"fusion-text fusion-text-4\"><p><img decoding=\"async\" class=\"lazyload size-large wp-image-23488 aligncenter\" src=\"https:\/\/cdtrp.ca\/wp-content\/uploads\/2023\/05\/PFD-Forum-2023-Supporters-V6_FR-1024x576.png\" data-orig-src=\"https:\/\/cdtrp.ca\/wp-content\/uploads\/2023\/05\/PFD-Forum-2023-Supporters-V6_FR-1024x576.png\" alt=\"\" width=\"1024\" height=\"576\" srcset=\"data:image\/svg+xml,%3Csvg%20xmlns%3D%27http%3A%2F%2Fwww.w3.org%2F2000%2Fsvg%27%20width%3D%271024%27%20height%3D%27576%27%20viewBox%3D%270%200%201024%20576%27%3E%3Crect%20width%3D%271024%27%20height%3D%27576%27%20fill-opacity%3D%220%22%2F%3E%3C%2Fsvg%3E\" data-srcset=\"https:\/\/cdtrp.ca\/wp-content\/uploads\/2023\/05\/PFD-Forum-2023-Supporters-V6_FR-200x113.png 200w, https:\/\/cdtrp.ca\/wp-content\/uploads\/2023\/05\/PFD-Forum-2023-Supporters-V6_FR-300x169.png 300w, https:\/\/cdtrp.ca\/wp-content\/uploads\/2023\/05\/PFD-Forum-2023-Supporters-V6_FR-400x225.png 400w, https:\/\/cdtrp.ca\/wp-content\/uploads\/2023\/05\/PFD-Forum-2023-Supporters-V6_FR-600x338.png 600w, https:\/\/cdtrp.ca\/wp-content\/uploads\/2023\/05\/PFD-Forum-2023-Supporters-V6_FR-768x432.png 768w, https:\/\/cdtrp.ca\/wp-content\/uploads\/2023\/05\/PFD-Forum-2023-Supporters-V6_FR-800x450.png 800w, https:\/\/cdtrp.ca\/wp-content\/uploads\/2023\/05\/PFD-Forum-2023-Supporters-V6_FR-1024x576.png 1024w, https:\/\/cdtrp.ca\/wp-content\/uploads\/2023\/05\/PFD-Forum-2023-Supporters-V6_FR-1200x675.png 1200w, https:\/\/cdtrp.ca\/wp-content\/uploads\/2023\/05\/PFD-Forum-2023-Supporters-V6_FR-1536x864.png 1536w, https:\/\/cdtrp.ca\/wp-content\/uploads\/2023\/05\/PFD-Forum-2023-Supporters-V6_FR.png 1600w\" data-sizes=\"auto\" data-orig-sizes=\"(max-width: 1024px) 100vw, 1024px\" \/><\/p>\n<\/div><div class=\"fusion-sep-clear\"><\/div><div class=\"fusion-separator fusion-full-width-sep\" style=\"margin-left: auto;margin-right: auto;margin-top:1rem;margin-bottom:1rem;width:100%;\"><\/div><div class=\"fusion-sep-clear\"><\/div><div class=\"fusion-text fusion-text-5\"><h5 class=\"fusion-responsive-typography-calculated\" style=\"text-align: center;\" data-fontsize=\"20\" data-lineheight=\"30px\">Nous tenons \u00e0 remercier\u00a0<strong>AstraZeneca<\/strong>\u00a0pour leur soutien \u00e0 cet \u00e9v\u00e9nement.<\/h5>\n<p><img decoding=\"async\" class=\"lazyload alignnone size-medium wp-image-19393 aligncenter\" src=\"https:\/\/cdtrp.ca\/wp-content\/uploads\/2022\/09\/AstraZeneca-300x75.png\" data-orig-src=\"https:\/\/cdtrp.ca\/wp-content\/uploads\/2022\/09\/AstraZeneca-300x75.png\" alt=\"\" width=\"300\" height=\"75\" srcset=\"data:image\/svg+xml,%3Csvg%20xmlns%3D%27http%3A%2F%2Fwww.w3.org%2F2000%2Fsvg%27%20width%3D%27300%27%20height%3D%2775%27%20viewBox%3D%270%200%20300%2075%27%3E%3Crect%20width%3D%27300%27%20height%3D%2775%27%20fill-opacity%3D%220%22%2F%3E%3C%2Fsvg%3E\" data-srcset=\"https:\/\/cdtrp.ca\/wp-content\/uploads\/2022\/09\/AstraZeneca-200x50.png 200w, https:\/\/cdtrp.ca\/wp-content\/uploads\/2022\/09\/AstraZeneca-300x75.png 300w, https:\/\/cdtrp.ca\/wp-content\/uploads\/2022\/09\/AstraZeneca-400x100.png 400w, https:\/\/cdtrp.ca\/wp-content\/uploads\/2022\/09\/AstraZeneca.png 449w\" data-sizes=\"auto\" data-orig-sizes=\"(max-width: 300px) 100vw, 300px\" \/><\/p>\n<\/div><div class=\"fusion-sep-clear\"><\/div><div class=\"fusion-separator fusion-full-width-sep\" style=\"margin-left: auto;margin-right: auto;margin-top:1rem;margin-bottom:1rem;width:100%;\"><\/div><div class=\"fusion-sep-clear\"><\/div><div class=\"fusion-text fusion-text-6\"><p>Nous tenons \u00e0 remercier les institutions, fondations et associations suivantes pour leur soutien dans la promotion du Forum de recherche des patients, familles et donneurs 2023 du PRDTC (<em>en ordre alphab\u00e9tique<\/em>) :<\/p>\n<ul>\n<li><a href=\"https:\/\/www.ualberta.ca\/alberta-transplant-institute\/index.html\">Alberta Transplant Institute<\/a> (site en anglais)<\/li>\n<li><a href=\"http:\/\/www.transplant.bc.ca\/\">BC Transplant<\/a> (site en anglais)<\/li>\n<li><a href=\"https:\/\/www.canadiantransplant.com\/\">Canadian Transplant Association<\/a> (site en anglais)<\/li>\n<li><a href=\"https:\/\/canrestore.wordpress.com\/\">CAN-RESTORE<\/a> (site en anglais)<\/li>\n<li><a href=\"https:\/\/cansolveckd.ca\/\">Can-SOLVE CKD Network<\/a> (site en anglais)<\/li>\n<li><a href=\"https:\/\/www.liver.ca\/fr\/\">Fondation canadienne du foie<\/a><\/li>\n<li><a href=\"https:\/\/rein.ca\/\">Fondation canadienne du rein<\/a><\/li>\n<li><a href=\"https:\/\/www.nlsupport.ca\/home.aspx\">Newfoundland and Labrador SPOR SUPPORT Unit<\/a> (site en anglais)<\/li>\n<li><a href=\"https:\/\/www.scpor.ca\/\">Saskatchewan Centre for Patient-Oriented Research (SCPOR)<\/a> (site en anglais)<\/li>\n<li><a href=\"https:\/\/www.blood.ca\/fr\">Soci\u00e9t\u00e9 canadienne du sang<\/a><\/li>\n<li><a href=\"https:\/\/www.cst-transplant.ca\/index_fr.html\">Soci\u00e9t\u00e9 canadienne de transplantation<\/a><\/li>\n<li><a href=\"http:\/\/stemcellclub.ca\/\">Stem Cell Club<\/a> (site en anglais)<\/li>\n<li><a href=\"https:\/\/swabtheworld.com\/fr\/\">Swab the World<\/a><\/li>\n<li><a href=\"https:\/\/transplantambassadors.ca\/\">Transplant Ambassador Program<\/a> (site en anglais)<\/li>\n<li><a href=\"https:\/\/www.transplantfamilies.org\/\">Transplant Families<\/a> (site en anglais)<\/li>\n<li><a href=\"https:\/\/www.transplantmanitoba.ca\/decide\/gift-of-life\">Transplant Manitoba &#8211; Gift of Life<\/a> (site en anglais)<\/li>\n<li><a href=\"https:\/\/www.trfbc.org\/\">Transplant Research Foundation of British Columbia<\/a> (site en anglais)<\/li>\n<li><a href=\"https:\/\/www.uhn.ca\/Transplant\">University Health Network &#8211; Ajmera Transplant Centre<\/a> (site en anglais)<\/li>\n<li><a href=\"https:\/\/www.uhn.ca\/Transplant\/Living_Donor_Program\/Centre_for_Living_Organ_Donation\">University Health Network &#8211; Centre for Living Organ Donation<\/a> (site en anglais)<\/li>\n<\/ul>\n<\/div><div class=\"fusion-clearfix\"><\/div><\/div><\/div><\/div><\/div>\n","protected":false},"excerpt":{"rendered":"","protected":false},"author":6,"featured_media":0,"parent":22221,"menu_order":5,"comment_status":"closed","ping_status":"closed","template":"","meta":{"footnotes":""},"class_list":["post-22714","page","type-page","status-publish","hentry"],"_links":{"self":[{"href":"https:\/\/cdtrp.ca\/fr\/wp-json\/wp\/v2\/pages\/22714"}],"collection":[{"href":"https:\/\/cdtrp.ca\/fr\/wp-json\/wp\/v2\/pages"}],"about":[{"href":"https:\/\/cdtrp.ca\/fr\/wp-json\/wp\/v2\/types\/page"}],"author":[{"embeddable":true,"href":"https:\/\/cdtrp.ca\/fr\/wp-json\/wp\/v2\/users\/6"}],"replies":[{"embeddable":true,"href":"https:\/\/cdtrp.ca\/fr\/wp-json\/wp\/v2\/comments?post=22714"}],"version-history":[{"count":10,"href":"https:\/\/cdtrp.ca\/fr\/wp-json\/wp\/v2\/pages\/22714\/revisions"}],"predecessor-version":[{"id":24179,"href":"https:\/\/cdtrp.ca\/fr\/wp-json\/wp\/v2\/pages\/22714\/revisions\/24179"}],"up":[{"embeddable":true,"href":"https:\/\/cdtrp.ca\/fr\/wp-json\/wp\/v2\/pages\/22221"}],"wp:attachment":[{"href":"https:\/\/cdtrp.ca\/fr\/wp-json\/wp\/v2\/media?parent=22714"}],"curies":[{"name":"wp","href":"https:\/\/api.w.org\/{rel}","templated":true}]}}