{"id":17523,"date":"2022-05-23T10:08:49","date_gmt":"2022-05-23T15:08:49","guid":{"rendered":"https:\/\/cdtrp.ca\/?page_id=17523"},"modified":"2022-06-28T12:23:44","modified_gmt":"2022-06-28T17:23:44","slug":"23-juin","status":"publish","type":"page","link":"https:\/\/cdtrp.ca\/fr\/evenements\/pfdrf2022\/programme\/23-juin\/","title":{"rendered":"Programme Jour 2 &#8211; Jeudi 23 juin"},"content":{"rendered":"<div class=\"fusion-fullwidth fullwidth-box fusion-builder-row-1 fusion-flex-container nonhundred-percent-fullwidth non-hundred-percent-height-scrolling\" style=\"--awb-border-radius-top-left:0px;--awb-border-radius-top-right:0px;--awb-border-radius-bottom-right:0px;--awb-border-radius-bottom-left:0px;--awb-flex-wrap:wrap;\" ><div class=\"fusion-builder-row fusion-row fusion-flex-align-items-flex-start fusion-flex-content-wrap\" style=\"max-width:1216.8px;margin-left: calc(-4% \/ 2 );margin-right: calc(-4% \/ 2 );\"><div class=\"fusion-layout-column fusion_builder_column fusion-builder-column-0 fusion_builder_column_1_1 1_1 fusion-flex-column\" style=\"--awb-bg-size:cover;--awb-width-large:100%;--awb-margin-top-large:0px;--awb-spacing-right-large:1.92%;--awb-margin-bottom-large:0px;--awb-spacing-left-large:1.92%;--awb-width-medium:100%;--awb-order-medium:0;--awb-spacing-right-medium:1.92%;--awb-spacing-left-medium:1.92%;--awb-width-small:100%;--awb-order-small:0;--awb-spacing-right-small:1.92%;--awb-spacing-left-small:1.92%;\"><div class=\"fusion-column-wrapper fusion-column-has-shadow fusion-flex-justify-content-flex-start fusion-content-layout-column\"><div class=\"fusion-image-element \" style=\"text-align:center;--awb-caption-title-font-family:var(--h2_typography-font-family);--awb-caption-title-font-weight:var(--h2_typography-font-weight);--awb-caption-title-font-style:var(--h2_typography-font-style);--awb-caption-title-size:var(--h2_typography-font-size);--awb-caption-title-transform:var(--h2_typography-text-transform);--awb-caption-title-line-height:var(--h2_typography-line-height);--awb-caption-title-letter-spacing:var(--h2_typography-letter-spacing);\"><span class=\" fusion-imageframe imageframe-dropshadow imageframe-1 hover-type-none\" style=\"-webkit-box-shadow: 3px 3px 7px rgba(0,0,0,0.3);box-shadow: 3px 3px 7px rgba(0,0,0,0.3);\"><img decoding=\"async\" width=\"1024\" height=\"341\" title=\"Program Day 2_FR\" src=\"https:\/\/cdtrp.ca\/wp-content\/uploads\/2022\/05\/Program-Day-2_FR.png\" data-orig-src=\"https:\/\/cdtrp.ca\/wp-content\/uploads\/2022\/05\/Program-Day-2_FR-1024x341.png\" alt class=\"lazyload img-responsive wp-image-17668\" srcset=\"data:image\/svg+xml,%3Csvg%20xmlns%3D%27http%3A%2F%2Fwww.w3.org%2F2000%2Fsvg%27%20width%3D%271500%27%20height%3D%27500%27%20viewBox%3D%270%200%201500%20500%27%3E%3Crect%20width%3D%271500%27%20height%3D%27500%27%20fill-opacity%3D%220%22%2F%3E%3C%2Fsvg%3E\" data-srcset=\"https:\/\/cdtrp.ca\/wp-content\/uploads\/2022\/05\/Program-Day-2_FR-200x67.png 200w, https:\/\/cdtrp.ca\/wp-content\/uploads\/2022\/05\/Program-Day-2_FR-400x133.png 400w, https:\/\/cdtrp.ca\/wp-content\/uploads\/2022\/05\/Program-Day-2_FR-600x200.png 600w, https:\/\/cdtrp.ca\/wp-content\/uploads\/2022\/05\/Program-Day-2_FR-800x267.png 800w, https:\/\/cdtrp.ca\/wp-content\/uploads\/2022\/05\/Program-Day-2_FR-1200x400.png 1200w, https:\/\/cdtrp.ca\/wp-content\/uploads\/2022\/05\/Program-Day-2_FR.png 1500w\" data-sizes=\"auto\" data-orig-sizes=\"(max-width: 1024px) 100vw, (max-width: 640px) 100vw, 1200px\" \/><\/span><\/div><div class=\"fusion-separator fusion-full-width-sep\" style=\"align-self: center;margin-left: auto;margin-right: auto;margin-top:1rem;margin-bottom:1rem;width:100%;\"><\/div><div class=\"fusion-text fusion-text-1\"><h5 style=\"text-align: center;\">Veuillez noter que l&rsquo;horaire suivant est en heure avanc\u00e9e de l&rsquo;Est (HAE).<\/h5>\n<\/div><div class=\"fusion-separator fusion-full-width-sep\" style=\"align-self: center;margin-left: auto;margin-right: auto;margin-top:1rem;margin-bottom:1rem;width:100%;\"><\/div><\/div><\/div><div class=\"fusion-layout-column fusion_builder_column fusion-builder-column-1 fusion_builder_column_1_4 1_4 fusion-flex-column\" style=\"--awb-bg-size:cover;--awb-width-large:25%;--awb-margin-top-large:0px;--awb-spacing-right-large:7.68%;--awb-margin-bottom-large:0px;--awb-spacing-left-large:7.68%;--awb-width-medium:100%;--awb-order-medium:0;--awb-spacing-right-medium:1.92%;--awb-spacing-left-medium:1.92%;--awb-width-small:100%;--awb-order-small:0;--awb-spacing-right-small:1.92%;--awb-spacing-left-small:1.92%;\"><div class=\"fusion-column-wrapper fusion-column-has-shadow fusion-flex-justify-content-flex-start fusion-content-layout-column\"><\/div><\/div><div class=\"fusion-layout-column fusion_builder_column fusion-builder-column-2 fusion_builder_column_1_4 1_4 fusion-flex-column\" style=\"--awb-bg-size:cover;--awb-width-large:25%;--awb-margin-top-large:0px;--awb-spacing-right-large:7.68%;--awb-margin-bottom-large:0px;--awb-spacing-left-large:7.68%;--awb-width-medium:100%;--awb-order-medium:0;--awb-spacing-right-medium:1.92%;--awb-spacing-left-medium:1.92%;--awb-width-small:100%;--awb-order-small:0;--awb-spacing-right-small:1.92%;--awb-spacing-left-small:1.92%;\"><div class=\"fusion-column-wrapper fusion-column-has-shadow fusion-flex-justify-content-flex-start fusion-content-layout-column\"><div style=\"text-align:center;\"><a class=\"fusion-button button-flat fusion-button-default-size button-custom fusion-button-default button-1 fusion-button-default-span fusion-button-default-type\" style=\"--button_accent_color:#ffffff;--button_border_color:#ffffff;--button_accent_hover_color:#edf2f7;--button_border_hover_color:#ffffff;--button_gradient_top_color:#aa0e13;--button_gradient_bottom_color:#aa0e13;--button_gradient_top_color_hover:#aa0e13;--button_gradient_bottom_color_hover:#aa0e13;--button_text_transform:uppercase;\" target=\"_self\" href=\"https:\/\/cdtrp.ca\/fr\/evenements\/pfdrf2022\/enregistrements\/\"><i class=\"fa-video fas button-icon-left\" aria-hidden=\"true\"><\/i><span class=\"fusion-button-text\">Visionnez les enregistrements<\/span><\/a><\/div><\/div><\/div><div class=\"fusion-layout-column fusion_builder_column fusion-builder-column-3 fusion_builder_column_1_4 1_4 fusion-flex-column\" style=\"--awb-bg-size:cover;--awb-width-large:25%;--awb-margin-top-large:0px;--awb-spacing-right-large:7.68%;--awb-margin-bottom-large:0px;--awb-spacing-left-large:7.68%;--awb-width-medium:100%;--awb-order-medium:0;--awb-spacing-right-medium:1.92%;--awb-spacing-left-medium:1.92%;--awb-width-small:100%;--awb-order-small:0;--awb-spacing-right-small:1.92%;--awb-spacing-left-small:1.92%;\"><div class=\"fusion-column-wrapper fusion-column-has-shadow fusion-flex-justify-content-flex-start fusion-content-layout-column\"><div style=\"text-align:center;\"><a class=\"fusion-button button-flat fusion-button-default-size button-custom fusion-button-default button-2 fusion-button-default-span fusion-button-default-type\" style=\"--button_accent_color:#ffffff;--button_border_color:#ffffff;--button_accent_hover_color:#edf2f7;--button_border_hover_color:#ffffff;--button_gradient_top_color:#aa0e13;--button_gradient_bottom_color:#aa0e13;--button_gradient_top_color_hover:#aa0e13;--button_gradient_bottom_color_hover:#aa0e13;--button_text_transform:uppercase;\" target=\"_self\" href=\"https:\/\/cdtrp.ca\/fr\/evenements\/pfdrf2022\/programme\/22-juin\/\"><i class=\"fa-book-open fas button-icon-left\" aria-hidden=\"true\"><\/i><span class=\"fusion-button-text\">Programme Jour 1<\/span><\/a><\/div><\/div><\/div><div class=\"fusion-layout-column fusion_builder_column fusion-builder-column-4 fusion_builder_column_1_4 1_4 fusion-flex-column\" style=\"--awb-bg-size:cover;--awb-width-large:25%;--awb-margin-top-large:0px;--awb-spacing-right-large:7.68%;--awb-margin-bottom-large:0px;--awb-spacing-left-large:7.68%;--awb-width-medium:100%;--awb-order-medium:0;--awb-spacing-right-medium:1.92%;--awb-spacing-left-medium:1.92%;--awb-width-small:100%;--awb-order-small:0;--awb-spacing-right-small:1.92%;--awb-spacing-left-small:1.92%;\"><div class=\"fusion-column-wrapper fusion-column-has-shadow fusion-flex-justify-content-flex-start fusion-content-layout-column\"><\/div><\/div><div class=\"fusion-layout-column fusion_builder_column fusion-builder-column-5 fusion_builder_column_1_1 1_1 fusion-flex-column\" style=\"--awb-bg-size:cover;--awb-width-large:100%;--awb-margin-top-large:0px;--awb-spacing-right-large:1.92%;--awb-margin-bottom-large:0px;--awb-spacing-left-large:1.92%;--awb-width-medium:100%;--awb-order-medium:0;--awb-spacing-right-medium:1.92%;--awb-spacing-left-medium:1.92%;--awb-width-small:100%;--awb-order-small:0;--awb-spacing-right-small:1.92%;--awb-spacing-left-small:1.92%;\"><div class=\"fusion-column-wrapper fusion-column-has-shadow fusion-flex-justify-content-flex-start fusion-content-layout-column\"><div class=\"fusion-separator fusion-full-width-sep\" style=\"align-self: center;margin-left: auto;margin-right: auto;margin-top:1rem;margin-bottom:1rem;width:100%;\"><\/div><div class=\"accordian fusion-accordian\" style=\"--awb-border-size:1px;--awb-icon-size:13px;--awb-content-font-size:1rem;--awb-icon-alignment:left;--awb-hover-color:#f9f9f9;--awb-border-color:#cccccc;--awb-background-color:#ffffff;--awb-divider-color:#e0dede;--awb-divider-hover-color:#e0dede;--awb-icon-color:#ffffff;--awb-title-color:#aa0e13;--awb-content-color:#7e8890;--awb-icon-box-color:#333333;--awb-toggle-hover-accent-color:#ab8b65;--awb-title-font-family:&quot;Open Sans&quot;;--awb-title-font-weight:regular;--awb-title-font-style:normal;--awb-title-font-size:18px;--awb-content-font-family:&quot;Open Sans&quot;;--awb-content-font-style:normal;--awb-content-font-weight:regular;\"><div class=\"panel-group fusion-toggle-icon-boxed\" id=\"accordion-17523-1\"><div class=\"fusion-panel panel-default panel-a588dc7d4e12f67ef fusion-toggle-has-divider\"><div class=\"panel-heading\"><h4 class=\"panel-title toggle\" id=\"toggle_a588dc7d4e12f67ef\"><a aria-expanded=\"false\" aria-controls=\"a588dc7d4e12f67ef\" role=\"button\" data-toggle=\"collapse\" data-parent=\"#accordion-17523-1\" data-target=\"#a588dc7d4e12f67ef\" href=\"#a588dc7d4e12f67ef\"><span class=\"fusion-toggle-icon-wrapper\" aria-hidden=\"true\"><i class=\"fa-fusion-box active-icon awb-icon-minus\" aria-hidden=\"true\"><\/i><i class=\"fa-fusion-box inactive-icon awb-icon-plus\" aria-hidden=\"true\"><\/i><\/span><span class=\"fusion-toggle-heading\">10:15 - 10:45 | PR\u00c9-\u00c9V\u00c9NEMENT - SESSION DE R\u00c9SEAUTAGE<\/span><\/a><\/h4><\/div><div id=\"a588dc7d4e12f67ef\" class=\"panel-collapse collapse \" aria-labelledby=\"toggle_a588dc7d4e12f67ef\"><div class=\"panel-body toggle-content fusion-clearfix\">\n<p>Joignez-vous \u00e0 nous pour un caf\u00e9 avec les patients, familles et donneurs partenaires du PRDTC !<\/p>\n<\/div><\/div><\/div><div class=\"fusion-panel panel-default panel-ea70df0d2fe7f5bc9 fusion-toggle-has-divider\"><div class=\"panel-heading\"><h4 class=\"panel-title toggle\" id=\"toggle_ea70df0d2fe7f5bc9\"><a aria-expanded=\"false\" aria-controls=\"ea70df0d2fe7f5bc9\" role=\"button\" data-toggle=\"collapse\" data-parent=\"#accordion-17523-1\" data-target=\"#ea70df0d2fe7f5bc9\" href=\"#ea70df0d2fe7f5bc9\"><span class=\"fusion-toggle-icon-wrapper\" aria-hidden=\"true\"><i class=\"fa-fusion-box active-icon awb-icon-minus\" aria-hidden=\"true\"><\/i><i class=\"fa-fusion-box inactive-icon awb-icon-plus\" aria-hidden=\"true\"><\/i><\/span><span class=\"fusion-toggle-heading\">Matin\u00e9e | L\u2019engagement patient dans la recherche<\/span><\/a><\/h4><\/div><div id=\"ea70df0d2fe7f5bc9\" class=\"panel-collapse collapse \" aria-labelledby=\"toggle_ea70df0d2fe7f5bc9\"><div class=\"panel-body toggle-content fusion-clearfix\">\n\n<table id=\"tablepress-180\" class=\"tablepress tablepress-id-180\">\n<thead>\n<tr class=\"row-1\">\n\t<th class=\"column-1\">Time (EDT)<\/th><th class=\"column-2\">Content<\/th><th class=\"column-3\">Speaker<\/th>\n<\/tr>\n<\/thead>\n<tbody class=\"row-striping row-hover\">\n<tr class=\"row-2\">\n\t<td class=\"column-1\">11:00 - 11:10<\/td><td class=\"column-2\">WELCOME REMARKS<\/td><td class=\"column-3\"><a href=\"#\" class=\"spu-open-16553\">Mary Beaucage<\/a> &amp; <a href=\"#\" class=\"spu-open-13689\">Dr. Marie-Chantal Fortin<\/a><\/td>\n<\/tr>\n<tr class=\"row-3\">\n\t<td class=\"column-1\">11:10 - 11:30<\/td><td class=\"column-2\">Mindfulness Retreat Intervention for Mothers of Heart Transplant Recipients<\/td><td class=\"column-3\"><a href=\"#\" class=\"spu-open-13765\">Dr. Samantha J. Anthony<\/a> &amp; <a href=\"#\" class=\"spu-open-17736\">Joanna Mitchell<\/a><\/td>\n<\/tr>\n<tr class=\"row-4\">\n\t<td class=\"column-1\">11:30 - 11:40<\/td><td class=\"column-2\">Q&amp;A<\/td><td class=\"column-3\"><\/td>\n<\/tr>\n<tr class=\"row-5\">\n\t<td class=\"column-1\">11:40 - 12:00<\/td><td class=\"column-2\">A Video Series to Improve Transplant Education: What We Learned About Patient Engagement<\/td><td class=\"column-3\"><a href=\"#\" class=\"spu-open-17589\">Dr. Holly Mansell<\/a>, <a href=\"#\" class=\"spu-open-18163\">Nicola Rosaasen<\/a>, <a href=\"#\" class=\"spu-open-18157\">Paraag Trivedi<\/a> &amp; <a href=\"#\" class=\"spu-open-18160\">Terry Steeves-Gurnsey<\/a><\/td>\n<\/tr>\n<tr class=\"row-6\">\n\t<td class=\"column-1\">12:00 - 12:10<\/td><td class=\"column-2\">Q&amp;A<\/td><td class=\"column-3\"><\/td>\n<\/tr>\n<tr class=\"row-7\">\n\t<td class=\"column-1\">12:10 - 12:20<\/td><td class=\"column-2\">BREAK<\/td><td class=\"column-3\"><\/td>\n<\/tr>\n<tr class=\"row-8\">\n\t<td class=\"column-1\">12:20 - 12:55<\/td><td class=\"column-2\">Patient Panel: Experiences with Patient Engagement<\/td><td class=\"column-3\"><a href=\"#\" class=\"spu-open-13874\">Sherrie Logan<\/a>, <a href=\"#\" class=\"spu-open-17968\">Sylvain B\u00e9dard<\/a> &amp; <a href=\"#\" class=\"spu-open-17967\">Heather Badenoch<\/a><br \/>\nModerator: <a href=\"#\" class=\"spu-open-16553\">Mary Beaucage<\/a><\/td>\n<\/tr>\n<\/tbody>\n<\/table>\n<!-- #tablepress-180 from cache -->\n<\/div><\/div><\/div><div class=\"fusion-panel panel-default panel-57a82dd1249166cba fusion-toggle-has-divider\"><div class=\"panel-heading\"><h4 class=\"panel-title toggle\" id=\"toggle_57a82dd1249166cba\"><a aria-expanded=\"false\" aria-controls=\"57a82dd1249166cba\" role=\"button\" data-toggle=\"collapse\" data-parent=\"#accordion-17523-1\" data-target=\"#57a82dd1249166cba\" href=\"#57a82dd1249166cba\"><span class=\"fusion-toggle-icon-wrapper\" aria-hidden=\"true\"><i class=\"fa-fusion-box active-icon awb-icon-minus\" aria-hidden=\"true\"><\/i><i class=\"fa-fusion-box inactive-icon awb-icon-plus\" aria-hidden=\"true\"><\/i><\/span><span class=\"fusion-toggle-heading\">12:55 - 13:35 | PAUSE REPAS<\/span><\/a><\/h4><\/div><div id=\"57a82dd1249166cba\" class=\"panel-collapse collapse \" aria-labelledby=\"toggle_57a82dd1249166cba\"><div class=\"panel-body toggle-content fusion-clearfix\">\n<p>\ud83c\udf74\ud83e\uddc6\ud83e\udd64<\/p>\n<\/div><\/div><\/div><div class=\"fusion-panel panel-default panel-e138f90439c7a6c96 fusion-toggle-has-divider\"><div class=\"panel-heading\"><h4 class=\"panel-title toggle\" id=\"toggle_e138f90439c7a6c96\"><a aria-expanded=\"false\" aria-controls=\"e138f90439c7a6c96\" role=\"button\" data-toggle=\"collapse\" data-parent=\"#accordion-17523-1\" data-target=\"#e138f90439c7a6c96\" href=\"#e138f90439c7a6c96\"><span class=\"fusion-toggle-icon-wrapper\" aria-hidden=\"true\"><i class=\"fa-fusion-box active-icon awb-icon-minus\" aria-hidden=\"true\"><\/i><i class=\"fa-fusion-box inactive-icon awb-icon-plus\" aria-hidden=\"true\"><\/i><\/span><span class=\"fusion-toggle-heading\">Apr\u00e8s-midi | L\u2019\u00e9volution de la recherche avec les patients, familles et donneurs partenaires<\/span><\/a><\/h4><\/div><div id=\"e138f90439c7a6c96\" class=\"panel-collapse collapse \" aria-labelledby=\"toggle_e138f90439c7a6c96\"><div class=\"panel-body toggle-content fusion-clearfix\">\n\n<table id=\"tablepress-181\" class=\"tablepress tablepress-id-181\">\n<thead>\n<tr class=\"row-1\">\n\t<th class=\"column-1\">Time (EDT)<\/th><th class=\"column-2\">Content<\/th><th class=\"column-3\">Speaker<\/th>\n<\/tr>\n<\/thead>\n<tbody class=\"row-striping row-hover\">\n<tr class=\"row-2\">\n\t<td class=\"column-1\">13:35 - 14:05<\/td><td class=\"column-2\">Panel discussion - Building Capacity for Patient and Family Partners as Grant Reviewers: Learnings from our experiences in British Columbia<\/td><td class=\"column-3\"><a href=\"#\" class=\"spu-open-17870\">Dr. Lynne Feehan<\/a>, <a href=\"#\" class=\"spu-open-17873\">Dr. Larry Mr\u00f3z<\/a>, <a href=\"#\" class=\"spu-open-17583\">Kristi Coldwell<\/a> &amp; <a href=\"#\" class=\"spu-open-17876\">Aggie Black<\/a><\/td>\n<\/tr>\n<tr class=\"row-3\">\n\t<td class=\"column-1\">14:05 - 14:25<\/td><td class=\"column-2\">The Patient and Community Engagement Research (PaCER) Program<\/td><td class=\"column-3\"><a href=\"#\" class=\"spu-open-17591\">Dr. Maria J. Santana<\/a><\/td>\n<\/tr>\n<tr class=\"row-4\">\n\t<td class=\"column-1\">14:25 - 14:35<\/td><td class=\"column-2\">Q&amp;A<\/td><td class=\"column-3\"><\/td>\n<\/tr>\n<tr class=\"row-5\">\n\t<td class=\"column-1\">14:35 - 14:45<\/td><td class=\"column-2\">BREAK<\/td><td class=\"column-3\"><\/td>\n<\/tr>\n<tr class=\"row-6\">\n\t<td class=\"column-1\">14:45 - 16:25<\/td><td class=\"column-2\">Breakout session: PFD perspectives on COVID-19 and Mental Health<\/td><td class=\"column-3\">Moderators: <a href=\"#\" class=\"spu-open-13874\">Sherrie Logan<\/a> &amp; <a href=\"#\" class=\"spu-open-17849\">Rienk de Vries<\/a><\/td>\n<\/tr>\n<tr class=\"row-7\">\n\t<td class=\"column-1\">16:25 - 16:30<\/td><td class=\"column-2\">CLOSING REMARKS<\/td><td class=\"column-3\"><a href=\"#\" class=\"spu-open-14157\">Dr. Lori West<\/a> <\/td>\n<\/tr>\n<\/tbody>\n<\/table>\n<!-- #tablepress-181 from cache -->\n<\/div><\/div><\/div><\/div><\/div><\/div><\/div><\/div><\/div>\n","protected":false},"excerpt":{"rendered":"","protected":false},"author":6,"featured_media":0,"parent":17499,"menu_order":3,"comment_status":"closed","ping_status":"closed","template":"","meta":{"footnotes":""},"class_list":["post-17523","page","type-page","status-publish","hentry"],"_links":{"self":[{"href":"https:\/\/cdtrp.ca\/fr\/wp-json\/wp\/v2\/pages\/17523"}],"collection":[{"href":"https:\/\/cdtrp.ca\/fr\/wp-json\/wp\/v2\/pages"}],"about":[{"href":"https:\/\/cdtrp.ca\/fr\/wp-json\/wp\/v2\/types\/page"}],"author":[{"embeddable":true,"href":"https:\/\/cdtrp.ca\/fr\/wp-json\/wp\/v2\/users\/6"}],"replies":[{"embeddable":true,"href":"https:\/\/cdtrp.ca\/fr\/wp-json\/wp\/v2\/comments?post=17523"}],"version-history":[{"count":10,"href":"https:\/\/cdtrp.ca\/fr\/wp-json\/wp\/v2\/pages\/17523\/revisions"}],"predecessor-version":[{"id":18383,"href":"https:\/\/cdtrp.ca\/fr\/wp-json\/wp\/v2\/pages\/17523\/revisions\/18383"}],"up":[{"embeddable":true,"href":"https:\/\/cdtrp.ca\/fr\/wp-json\/wp\/v2\/pages\/17499"}],"wp:attachment":[{"href":"https:\/\/cdtrp.ca\/fr\/wp-json\/wp\/v2\/media?parent=17523"}],"curies":[{"name":"wp","href":"https:\/\/api.w.org\/{rel}","templated":true}]}}