{"id":15652,"date":"2022-05-02T15:57:13","date_gmt":"2022-05-02T20:57:13","guid":{"rendered":"https:\/\/cdtrp.ca\/?page_id=15652"},"modified":"2022-05-11T07:35:47","modified_gmt":"2022-05-11T12:35:47","slug":"prevent-covid","status":"publish","type":"page","link":"https:\/\/cdtrp.ca\/fr\/prevent-covid\/","title":{"rendered":"PRospective Evaluation of COVID-19 Vaccine in Transplant Recipients (PREVenT-COVID): Une \u00e9tude nationale"},"content":{"rendered":"<p><div class=\"fusion-fullwidth fullwidth-box fusion-builder-row-1 nonhundred-percent-fullwidth non-hundred-percent-height-scrolling\" style=\"--awb-border-radius-top-left:0px;--awb-border-radius-top-right:0px;--awb-border-radius-bottom-right:0px;--awb-border-radius-bottom-left:0px;--awb-flex-wrap:wrap;\" ><div class=\"fusion-builder-row fusion-row\"><div class=\"fusion-layout-column fusion_builder_column fusion-builder-column-0 fusion_builder_column_1_1 1_1 fusion-one-full fusion-column-first fusion-column-last\" style=\"--awb-bg-size:cover;\"><div class=\"fusion-column-wrapper fusion-column-has-shadow fusion-flex-column-wrapper-legacy\"><div class=\"fusion-text fusion-text-1\"><h5><strong>Description de l&rsquo;\u00e9tude<\/strong><\/h5>\n<p>Les receveurs de greffes d&rsquo;organes pr\u00e9sentent un risque accru d&rsquo;infections et de complications graves li\u00e9es \u00e0 la COVID-19. L&rsquo;objectif premier de l&rsquo;\u00e9tude PREVenT-COVID est d&rsquo;examiner l&rsquo;immunog\u00e9nicit\u00e9 et l\u2019innocuit\u00e9 des vaccins contre la COVID-19 dans le contexte de transplantations d&rsquo;organes solides et de cellules souches h\u00e9matopo\u00ef\u00e9tiques. Cette \u00e9tude nationale implique actuellement neuf centres de transplantation dans quatre provinces.<\/p>\n<p>Ce projet est financ\u00e9 par l&rsquo;Agence de la sant\u00e9 publique du Canada, par l&rsquo;interm\u00e9diaire du R\u00e9seau national canadien de s\u00e9curit\u00e9 vaccinale (CANVAS) et du Groupe de travail sur l\u2019immunit\u00e9 face \u00e0 la COVID-19 (CITF). La chercheuse principale, la Dre Deepali Kumar, est m\u00e9decin sp\u00e9cialiste des maladies infectieuses li\u00e9es aux transplantations au <em>Ajmera Transplant Center<\/em> au <em>University Health Network<\/em> (UHN) \u00e0 Toronto. Cette \u00e9tude est \u00e9galement codirig\u00e9e par de nombreux chercheurs de l&rsquo;Ontario, du Qu\u00e9bec, de la Colombie-Britannique et de l&rsquo;Alberta. Gr\u00e2ce aux efforts de collaboration du PRDTC, cette \u00e9tude r\u00e9unit des adultes et des enfants ayant re\u00e7u une greffe d&rsquo;organe solide ou de cellules souches h\u00e9matopo\u00ef\u00e9tiques de tout le pays.<\/p>\n<\/div><div class=\"fusion-sep-clear\"><\/div><div class=\"fusion-separator fusion-full-width-sep\" style=\"margin-left: auto;margin-right: auto;margin-top:30px;margin-bottom:30px;width:100%;\"><div class=\"fusion-separator-border sep-double sep-solid\" style=\"--awb-height:20px;--awb-amount:20px;border-color:#e0dede;border-top-width:1px;border-bottom-width:1px;\"><\/div><\/div><div class=\"fusion-sep-clear\"><\/div><div class=\"fusion-text fusion-text-2\"><h5 style=\"text-align: center;\"><strong>Objectifs globaux de l&rsquo;\u00e9tude<\/strong><\/h5>\n<\/div><div class=\"fusion-clearfix\"><\/div><\/div><\/div><div class=\"fusion-layout-column fusion_builder_column fusion-builder-column-1 fusion_builder_column_1_3 1_3 fusion-one-third fusion-column-first fusion-column-inner-bg-wrapper fusion-animated\" style=\"--awb-inner-bg-size:cover;width:33.333333333333%;width:calc(33.333333333333% - ( ( 4% ) * 0.33333333333333 ) );margin-right: 4%;\" data-animationType=\"fadeInLeft\" data-animationDuration=\"0.8\" data-animationOffset=\"top-into-view\"><span class=\"fusion-column-inner-bg hover-type-zoomin\"><span class=\"fusion-column-anchor\"><span class=\"fusion-column-inner-bg-image\"><\/span><\/span><\/span><div class=\"fusion-column-wrapper fusion-column-has-shadow fusion-flex-column-wrapper-legacy\"><div class=\"fusion-image-element in-legacy-container\" style=\"--awb-caption-title-font-family:var(--h2_typography-font-family);--awb-caption-title-font-weight:var(--h2_typography-font-weight);--awb-caption-title-font-style:var(--h2_typography-font-style);--awb-caption-title-size:var(--h2_typography-font-size);--awb-caption-title-transform:var(--h2_typography-text-transform);--awb-caption-title-line-height:var(--h2_typography-line-height);--awb-caption-title-letter-spacing:var(--h2_typography-letter-spacing);\"><span class=\" fusion-imageframe imageframe-none imageframe-1 hover-type-none\"><img decoding=\"async\" width=\"500\" height=\"500\" title=\"Website &#8211; Expertise\" src=\"https:\/\/cdtrp.ca\/wp-content\/uploads\/2022\/05\/Website-Expertise.png\" data-orig-src=\"https:\/\/cdtrp.ca\/wp-content\/uploads\/2022\/05\/Website-Expertise.png\" alt class=\"lazyload img-responsive wp-image-17018\" srcset=\"data:image\/svg+xml,%3Csvg%20xmlns%3D%27http%3A%2F%2Fwww.w3.org%2F2000%2Fsvg%27%20width%3D%27500%27%20height%3D%27500%27%20viewBox%3D%270%200%20500%20500%27%3E%3Crect%20width%3D%27500%27%20height%3D%27500%27%20fill-opacity%3D%220%22%2F%3E%3C%2Fsvg%3E\" data-srcset=\"https:\/\/cdtrp.ca\/wp-content\/uploads\/2022\/05\/Website-Expertise-200x200.png 200w, https:\/\/cdtrp.ca\/wp-content\/uploads\/2022\/05\/Website-Expertise-400x400.png 400w, https:\/\/cdtrp.ca\/wp-content\/uploads\/2022\/05\/Website-Expertise.png 500w\" data-sizes=\"auto\" data-orig-sizes=\"(max-width: 1024px) 100vw, 400px\" \/><\/span><\/div><div class=\"fusion-clearfix\"><\/div><\/div><\/div><div class=\"fusion-layout-column fusion_builder_column fusion-builder-column-2 fusion_builder_column_2_3 2_3 fusion-two-third fusion-column-last\" style=\"--awb-bg-size:cover;width:66.666666666667%;width:calc(66.666666666667% - ( ( 4% ) * 0.66666666666667 ) );\"><div class=\"fusion-column-wrapper fusion-column-has-shadow fusion-flex-column-wrapper-legacy\"><ul style=\"--awb-line-height:28.9px;--awb-icon-width:28.9px;--awb-icon-height:28.9px;--awb-icon-margin:11.9px;--awb-content-margin:40.8px;--awb-circlecolor:#aa0e13;--awb-circle-yes-font-size:14.96px;\" class=\"fusion-checklist fusion-checklist-1 fusion-checklist-default type-icons\"><li class=\"fusion-li-item\" style=\"\"><span class=\"icon-wrapper circle-yes\"><i class=\"fusion-li-icon fa-arrow-right fas\" aria-hidden=\"true\"><\/i><\/span><div class=\"fusion-li-item-content\">\n<p>\u00c9valuer l&rsquo;immunog\u00e9nicit\u00e9 et l&rsquo;innocuit\u00e9 des vaccins contre la COVID-19, en \u00e9valuant les niveaux de r\u00e9ponse des anticorps IgG contre le domaine de liaison au r\u00e9cepteur (anti-RBD) de la prot\u00e9ine de pointe COVID-19. D&rsquo;autres r\u00e9ponses immunologiques telles que les anticorps neutralisants et l&rsquo;immunit\u00e9 m\u00e9di\u00e9e par les cellules T CD4+ et CD8+ sont \u00e9galement \u00e9valu\u00e9es.<\/p>\n<\/div><\/li><li class=\"fusion-li-item\" style=\"\"><span class=\"icon-wrapper circle-yes\"><i class=\"fusion-li-icon fa-arrow-right fas\" aria-hidden=\"true\"><\/i><\/span><div class=\"fusion-li-item-content\">\n<p>D\u00e9velopper un syst\u00e8me national de surveillance de la s\u00e9curit\u00e9 de la vaccination contre la COVID-19 chez les transplant\u00e9s.<\/p>\n<\/div><\/li><li class=\"fusion-li-item\" style=\"\"><span class=\"icon-wrapper circle-yes\"><i class=\"fusion-li-icon fa-arrow-right fas\" aria-hidden=\"true\"><\/i><\/span><div class=\"fusion-li-item-content\">\n<p>Coordonner les efforts des organisations nationales et provinciales qui participent \u00e0 la recherche sur la sant\u00e9 publique et la vaccination afin de partager les donn\u00e9es actuelles et \u00e9mergentes.<\/p>\n<\/div><\/li><li class=\"fusion-li-item\" style=\"\"><span class=\"icon-wrapper circle-yes\"><i class=\"fusion-li-icon fa-arrow-right fas\" aria-hidden=\"true\"><\/i><\/span><div class=\"fusion-li-item-content\">\n<p>B\u00e2tir une plateforme durable de transfert de connaissances pour diffuser rapidement les r\u00e9sultats de la recherche aux patients partenaires ainsi qu&rsquo;aux agences de sant\u00e9 publique.<\/p>\n<\/div><\/li><\/ul><div class=\"fusion-clearfix\"><\/div><\/div><\/div><div class=\"fusion-layout-column fusion_builder_column fusion-builder-column-3 fusion_builder_column_1_1 1_1 fusion-one-full fusion-column-first fusion-column-last\" style=\"--awb-bg-size:cover;\"><div class=\"fusion-column-wrapper fusion-column-has-shadow fusion-flex-column-wrapper-legacy\"><div class=\"fusion-sep-clear\"><\/div><div class=\"fusion-separator fusion-full-width-sep\" style=\"margin-left: auto;margin-right: auto;margin-top:30px;margin-bottom:30px;width:100%;\"><div class=\"fusion-separator-border sep-double sep-solid\" style=\"--awb-height:20px;--awb-amount:20px;border-color:#e0dede;border-top-width:1px;border-bottom-width:1px;\"><\/div><\/div><div class=\"fusion-sep-clear\"><\/div><div class=\"fusion-text fusion-text-3\"><p>\u00c0 partir d&rsquo;avril 2021, des patients ayant subi une greffe de rein, de foie, de poumon, de c\u0153ur, de pancr\u00e9as, d&rsquo;\u00eelots de Langerhans et\/ou de cellules souches ont \u00e9t\u00e9 inscrits \u00e0 l&rsquo;\u00e9tude PREVenT-COVID dans <strong>neuf centres de transplantation au Canada<\/strong>.<\/p>\n<p>Pour \u00e9valuer l&rsquo;immunog\u00e9nicit\u00e9, des \u00e9chantillons de sang ont \u00e9t\u00e9 pr\u00e9lev\u00e9s \u00e0 plusieurs moments, dans le but de saisir la tol\u00e9rance \u00e0 la COVID-19 en mesurant la production d&rsquo;anticorps anti-SARS-CoV-2 (anti-RBD) dans le sang. Il faut environ deux semaines pour qu&rsquo;une r\u00e9ponse anticorps devienne syst\u00e9mique, ainsi, pour mesurer les anticorps anti-RBD apr\u00e8s la vaccination, la collecte de sang a eu lieu avant la premi\u00e8re dose, et 3 \u00e0 6 semaines apr\u00e8s chaque dose. Ce calendrier permet de mesurer les r\u00e9ponses en anticorps \u00e0 court et \u00e0 long terme apr\u00e8s la vaccination, car les derni\u00e8res collectes de sang devraient se situer entre 6 et 12 mois apr\u00e8s la premi\u00e8re dose re\u00e7ue. Des pr\u00e9l\u00e8vements sanguins seront \u00e9galement effectu\u00e9s sur des t\u00e9moins sains, non transplant\u00e9s, afin de permettre une comparaison relative avec notre cohorte de transplant\u00e9s. \u00c0 partir de ces \u00e9chantillons sanguins, le s\u00e9rum et les cellules mononucl\u00e9aires du sang p\u00e9riph\u00e9rique (PBMC) seront isol\u00e9s pour des \u00e9tudes plus approfondies.<\/p>\n<p>Des \u00e9tudes ont d\u00e9montr\u00e9 que les transplant\u00e9s produisent des r\u00e9ponses insuffisantes en anticorps contre la COVID-19, ind\u00e9pendamment de la vaccination. Afin d&rsquo;\u00e9valuer les raisons de ce ph\u00e9nom\u00e8ne, des variables telles que l&rsquo;\u00e2ge, le sexe, le temps \u00e9coul\u00e9 depuis la transplantation, les intervalles entre les doses, les r\u00e9gimes immunosuppresseurs, les maladies r\u00e9nales chroniques et autres comorbidit\u00e9s, seront analys\u00e9es et corr\u00e9l\u00e9es \u00e0 la r\u00e9ponse en anticorps.<\/p>\n<\/div><div class=\"fusion-clearfix\"><\/div><\/div><\/div><\/div><\/div><div class=\"fusion-fullwidth fullwidth-box fusion-builder-row-2 fusion-flex-container nonhundred-percent-fullwidth non-hundred-percent-height-scrolling\" style=\"--awb-border-radius-top-left:0px;--awb-border-radius-top-right:0px;--awb-border-radius-bottom-right:0px;--awb-border-radius-bottom-left:0px;--awb-background-color:#77a290;--awb-flex-wrap:wrap;\" ><div class=\"fusion-builder-row fusion-row fusion-flex-align-items-flex-start fusion-flex-content-wrap\" style=\"max-width:1216.8px;margin-left: calc(-4% \/ 2 );margin-right: calc(-4% \/ 2 );\"><div class=\"fusion-layout-column fusion_builder_column fusion-builder-column-4 fusion_builder_column_1_1 1_1 fusion-flex-column fusion-animated\" style=\"--awb-bg-size:cover;--awb-width-large:100%;--awb-margin-top-large:0px;--awb-spacing-right-large:1.92%;--awb-margin-bottom-large:0px;--awb-spacing-left-large:1.92%;--awb-width-medium:100%;--awb-order-medium:0;--awb-spacing-right-medium:1.92%;--awb-spacing-left-medium:1.92%;--awb-width-small:100%;--awb-order-small:0;--awb-spacing-right-small:1.92%;--awb-spacing-left-small:1.92%;\" data-animationType=\"fadeInUp\" data-animationDuration=\"0.6\" data-animationOffset=\"top-into-view\"><div class=\"fusion-column-wrapper fusion-column-has-shadow fusion-flex-justify-content-flex-start fusion-content-layout-column\"><div class=\"fusion-text fusion-text-4\"><h5 style=\"text-align: center;\"><span style=\"color: #ffffff;\"><em>Avec environ <strong>550 transplant\u00e9s inscrits<\/strong>, y compris des receveurs d&rsquo;organes solides et de cellules souches h\u00e9matopo\u00ef\u00e9tiques, chez les adultes et les enfants, PREVenT-COVID est extr\u00eamement unique et fournira un large \u00e9ventail de nouvelles connaissances \u00e0 la communaut\u00e9 du don et de la transplantation.<\/em><\/span><\/h5>\n<\/div><\/div><\/div><\/div><\/div><div class=\"fusion-fullwidth fullwidth-box fusion-builder-row-3 nonhundred-percent-fullwidth non-hundred-percent-height-scrolling\" style=\"--awb-border-radius-top-left:0px;--awb-border-radius-top-right:0px;--awb-border-radius-bottom-right:0px;--awb-border-radius-bottom-left:0px;--awb-flex-wrap:wrap;\" ><div class=\"fusion-builder-row fusion-row\"><div class=\"fusion-layout-column fusion_builder_column fusion-builder-column-5 fusion_builder_column_1_1 1_1 fusion-one-full fusion-column-first fusion-column-last\" style=\"--awb-bg-size:cover;\"><div class=\"fusion-column-wrapper fusion-column-has-shadow fusion-flex-column-wrapper-legacy\"><div class=\"fusion-text fusion-text-5\"><h5 style=\"text-align: left;\"><strong>Strat\u00e9gie de transfert des connaissances (TC)<\/strong><\/h5>\n<p>Les r\u00e9sultats de cette \u00e9tude seront partag\u00e9s publiquement lorsque cela sera possible avec pour objectifs de :<\/p>\n<ol>\n<li>Promouvoir une action politique fond\u00e9e sur des donn\u00e9es probantes concernant le vaccin contre la COVID-19 pour les patients transplant\u00e9s ;<\/li>\n<li>Engager et informer les patients transplant\u00e9s et leur famille sur la s\u00e9curit\u00e9 et la r\u00e9ponse immunitaire aux vaccins contre la COVID-19.<\/li>\n<\/ol>\n<p>Cela se fera par le biais de divers canaux de communication, par l&rsquo;interm\u00e9diaire des patients, familles et donneurs partenaires du PRDTC, des m\u00e9dias sociaux, des m\u00e9dias de masse, des publications scientifiques, des documents \u00e9crits, des conf\u00e9rences et des s\u00e9ries de s\u00e9minaires locaux.<\/p>\n<\/div><div class=\"fusion-sep-clear\"><\/div><div class=\"fusion-separator fusion-full-width-sep\" style=\"margin-left: auto;margin-right: auto;margin-top:50px;margin-bottom:50px;width:100%;\"><div class=\"fusion-separator-border sep-shadow\" style=\"--awb-height:20px;--awb-amount:20px;background:radial-gradient(ellipse at 50% -50% , #e0dede 0px, rgba(255, 255, 255, 0) 80%) repeat scroll 0 0 rgba(0, 0, 0, 0);background:-webkit-radial-gradient(ellipse at 50% -50% , #e0dede 0px, rgba(255, 255, 255, 0) 80%) repeat scroll 0 0 rgba(0, 0, 0, 0);background:-moz-radial-gradient(ellipse at 50% -50% , #e0dede 0px, rgba(255, 255, 255, 0) 80%) repeat scroll 0 0 rgba(0, 0, 0, 0);background:-o-radial-gradient(ellipse at 50% -50% , #e0dede 0px, rgba(255, 255, 255, 0) 80%) repeat scroll 0 0 rgba(0, 0, 0, 0);\"><\/div><\/div><div class=\"fusion-sep-clear\"><\/div><div class=\"fusion-image-element fusion-image-align-center in-legacy-container\" style=\"text-align:center;--awb-caption-title-font-family:var(--h2_typography-font-family);--awb-caption-title-font-weight:var(--h2_typography-font-weight);--awb-caption-title-font-style:var(--h2_typography-font-style);--awb-caption-title-size:var(--h2_typography-font-size);--awb-caption-title-transform:var(--h2_typography-text-transform);--awb-caption-title-line-height:var(--h2_typography-line-height);--awb-caption-title-letter-spacing:var(--h2_typography-letter-spacing);\"><div class=\"imageframe-align-center\"><span class=\" fusion-imageframe imageframe-dropshadow imageframe-2 hover-type-none\" style=\"-webkit-box-shadow: 3px 3px 7px rgba(0,0,0,0.3);box-shadow: 3px 3px 7px rgba(0,0,0,0.3);\"><img decoding=\"async\" width=\"1024\" height=\"576\" title=\"PREVenT-COVID Particpating sites_FR\" src=\"https:\/\/cdtrp.ca\/wp-content\/uploads\/2022\/05\/PREVenT-COVID-Particpating-sites_FR.png\" data-orig-src=\"https:\/\/cdtrp.ca\/wp-content\/uploads\/2022\/05\/PREVenT-COVID-Particpating-sites_FR-1024x576.png\" alt class=\"lazyload img-responsive wp-image-17386\" srcset=\"data:image\/svg+xml,%3Csvg%20xmlns%3D%27http%3A%2F%2Fwww.w3.org%2F2000%2Fsvg%27%20width%3D%271600%27%20height%3D%27900%27%20viewBox%3D%270%200%201600%20900%27%3E%3Crect%20width%3D%271600%27%20height%3D%27900%27%20fill-opacity%3D%220%22%2F%3E%3C%2Fsvg%3E\" data-srcset=\"https:\/\/cdtrp.ca\/wp-content\/uploads\/2022\/05\/PREVenT-COVID-Particpating-sites_FR-200x113.png 200w, https:\/\/cdtrp.ca\/wp-content\/uploads\/2022\/05\/PREVenT-COVID-Particpating-sites_FR-400x225.png 400w, https:\/\/cdtrp.ca\/wp-content\/uploads\/2022\/05\/PREVenT-COVID-Particpating-sites_FR-600x338.png 600w, https:\/\/cdtrp.ca\/wp-content\/uploads\/2022\/05\/PREVenT-COVID-Particpating-sites_FR-800x450.png 800w, https:\/\/cdtrp.ca\/wp-content\/uploads\/2022\/05\/PREVenT-COVID-Particpating-sites_FR-1200x675.png 1200w, https:\/\/cdtrp.ca\/wp-content\/uploads\/2022\/05\/PREVenT-COVID-Particpating-sites_FR.png 1600w\" data-sizes=\"auto\" data-orig-sizes=\"(max-width: 1024px) 100vw, 1200px\" \/><\/span><\/div><\/div><div class=\"fusion-sep-clear\"><\/div><div class=\"fusion-separator fusion-full-width-sep\" style=\"margin-left: auto;margin-right: auto;margin-top:50px;margin-bottom:50px;width:100%;\"><div class=\"fusion-separator-border sep-double sep-solid\" style=\"--awb-height:20px;--awb-amount:20px;border-color:#e0dede;border-top-width:1px;border-bottom-width:1px;\"><\/div><\/div><div class=\"fusion-sep-clear\"><\/div><div class=\"fusion-text fusion-text-6\"><h5 style=\"text-align: center;\"><strong>Liste des collaborateurs et leur site d&rsquo;affiliation<\/strong><\/h5>\n<p style=\"text-align: center;\">(en ordre alphab\u00e9tique | Mise \u00e0 jour : 27 avril 2022)<\/p>\n<\/div><div class=\"fusion-sep-clear\"><\/div><div class=\"fusion-separator fusion-full-width-sep\" style=\"margin-left: auto;margin-right: auto;margin-top:20px;margin-bottom:20px;width:100%;\"><\/div><div class=\"fusion-sep-clear\"><\/div><div class=\"fusion-clearfix\"><\/div><\/div><\/div><div class=\"fusion-layout-column fusion_builder_column fusion-builder-column-6 fusion_builder_column_1_3 1_3 fusion-one-third fusion-column-first\" style=\"--awb-bg-size:cover;width:33.333333333333%;width:calc(33.333333333333% - ( ( 4% + 4% ) * 0.33333333333333 ) );margin-right: 4%;\"><div class=\"fusion-column-wrapper fusion-column-has-shadow fusion-flex-column-wrapper-legacy\"><div class=\"fusion-text fusion-text-7\"><p><strong>Canadian Donation and Transplantation Research Program (CDTRP)<\/strong><\/p>\n<ul>\n<li>Lori West &#8211; Principal Investigator<\/li>\n<li>Patricia Gongal \u2013 Executive Director<\/li>\n<li>Demitra Yotis \u2013 Clinical Data Coordinator<\/li>\n<li>Kristian Stephens \u2013 Knowledge Translation Coordinator<\/li>\n<\/ul>\n<p><strong>Centre Hospitalier de l&rsquo;Universit\u00e9 de Montr\u00e9al (CHUM)<\/strong><\/p>\n<ul>\n<li>Marie-Jos\u00e9e H\u00e9bert &#8211; Principal Investigator<\/li>\n<li>H\u00e9lo\u00efse Cardinal \u2013\u00a0Principal Investigator<\/li>\n<li>Zineb Khrifi \u2013 Clinical Coordinator<\/li>\n<li>Julie Turgeon \u2013 Clinical Coordinator<\/li>\n<\/ul>\n<p><strong>Dalhousie University<\/strong><\/p>\n<ul>\n<li>Karina Top &#8211; Principal Investigator<\/li>\n<\/ul>\n<p><strong>H\u00e9ma-Qu\u00e9bec<\/strong><\/p>\n<ul>\n<li>M\u00e9lanie Dieud\u00e9 &#8211; Principal Investigator<\/li>\n<li>Marc Cloutier &#8211; Scientist<\/li>\n<li>Ren\u00e9e Bazin &#8211; Scientist<\/li>\n<li>\u00c9ric Ducas\u00a0\u2013 Research Professional<\/li>\n<li>Sahra Fonseca \u2013 Research Professional<\/li>\n<li>Marie-Jos\u00e9e Fournier \u2013 Research Professional<\/li>\n<li>Patricia Landry \u2013 Research Professional<\/li>\n<li>Nathalie Dussault \u2013 Research Professional<\/li>\n<li>Audrey Laforce-Lavoie \u2013 Research Professional<\/li>\n<\/ul>\n<p><strong>H\u00f4pital Maisonneuve-Rosemont (HMR)<\/strong><\/p>\n<ul>\n<li>Jean-S\u00e9bastien Delisle \u2013 Principal Investigator<\/li>\n<li>C\u00e9dric Carli \u2013 Sample Processing<\/li>\n<li>Gabrielle Boudreau \u2013 Sample Processing<\/li>\n<li>C\u00e9line Nkou\u00e9 \u2013 Research Coordinator<\/li>\n<li>Imran Ahmad \u2013 Local co-investigators<\/li>\n<li>Olivier Veilleux \u2013 Local co-investigators<\/li>\n<li>Jean Roy \u2013 Local co-investigators<\/li>\n<\/ul>\n<\/div><div class=\"fusion-clearfix\"><\/div><\/div><\/div><div class=\"fusion-layout-column fusion_builder_column fusion-builder-column-7 fusion_builder_column_1_3 1_3 fusion-one-third\" style=\"--awb-bg-size:cover;width:33.333333333333%;width:calc(33.333333333333% - ( ( 4% + 4% ) * 0.33333333333333 ) );margin-right: 4%;\"><div class=\"fusion-column-wrapper fusion-column-has-shadow fusion-flex-column-wrapper-legacy\"><div class=\"fusion-text fusion-text-8\"><p><strong>The Hospital for Sick Children (SickKids)<\/strong><\/p>\n<ul>\n<li>Shaun Morris \u2013 Principal Investigator<\/li>\n<li>Upton Allen \u2013 Principal Investigator<\/li>\n<li>Chia Wei Teoh \u2013 Principal Investigator<\/li>\n<li>Joerg Krueger \u2013 BMT recruitment<\/li>\n<\/ul>\n<p><strong>Institut de cardiologie de Montr\u00e9al (ICM)<\/strong><\/p>\n<ul>\n<li>Normand Racine \u2013 Principal Investigator<\/li>\n<li>Maryse Desjardins \u2013 Clinical Coordinator<\/li>\n<li>H\u00e9l\u00e8ne Brown \u2013 Clinical Coordinator<\/li>\n<li>Johanne Doiron \u2013 Administrative Agent<\/li>\n<\/ul>\n<p><strong>Institut national de sant\u00e9 publique du Qu\u00e9bec (INSPQ)<\/strong><\/p>\n<ul>\n<li>Gaston DeSerres \u2013 Principal Investigator<\/li>\n<\/ul>\n<p><strong>London Health Sciences Centre (LHSC)<\/strong><\/p>\n<ul>\n<li>Cadence Baker \u2013 Research Manager<\/li>\n<li>Sarah Shalhoub \u2013 Principal Investigator<\/li>\n<li>Grant Luke \u2013 Research Assistant<\/li>\n<\/ul>\n<p><strong>Universit\u00e9 Laval<\/strong><\/p>\n<ul>\n<li>Christopher Lemieux \u2013 Principal Investigator<\/li>\n<li>Sacha De Serres \u2013 Principal Investigator<\/li>\n<li>France Samson \u2013 Clinical Coordinator<\/li>\n<li>Margarita Becerra Perez \u2013 Research Coordinator<\/li>\n<li>Melanie Bradley \u2013 Research Coordinator<\/li>\n<\/ul>\n<p><strong>University Health Network (UHN)<\/strong><\/p>\n<ul>\n<li>Deepali Kumar \u2013 Lead Investigator<\/li>\n<li>Atul Humar &#8211; Principal Investigator<\/li>\n<li>Victor Ferreira &#8211; Principal Investigator<\/li>\n<li>Sasan Hosseini-Moghaddam \u2013 Principal Investigator<\/li>\n<li>Natalia Pinzon \u2013 Clinical Coordinator<\/li>\n<li>Matthew Ierullo \u2013 Research Technician<\/li>\n<\/ul>\n<\/div><div class=\"fusion-clearfix\"><\/div><\/div><\/div><div class=\"fusion-layout-column fusion_builder_column fusion-builder-column-8 fusion_builder_column_1_3 1_3 fusion-one-third fusion-column-last\" style=\"--awb-bg-size:cover;width:33.333333333333%;width:calc(33.333333333333% - ( ( 4% + 4% ) * 0.33333333333333 ) );\"><div class=\"fusion-column-wrapper fusion-column-has-shadow fusion-flex-column-wrapper-legacy\"><div class=\"fusion-text fusion-text-9\"><p><strong>University of Alberta (UofA)<\/strong><\/p>\n<ul>\n<li>Dima Kabbani &#8211; Principal Investigator<\/li>\n<li>Kimberly Robertson \u2013 Clinical Coordinator<\/li>\n<li>Heather Mangan \u2013 Clinical Coordinator<\/li>\n<li>Varalika Tyagi \u2013 Undergraduate Student<\/li>\n<\/ul>\n<p><strong>University of Alberta (UofA) | Pediatrics<\/strong><\/p>\n<ul>\n<li>Catherine Burton \u2013 Principal Investigator<\/li>\n<li>Sneha Suresh \u2013 Principal Investigator<\/li>\n<li>Joan Robinson \u2013 Principal Investigator<\/li>\n<li>Cheri Robert \u2013 Clinical Coordinator<\/li>\n<\/ul>\n<p><strong>University of British Columbia (UBC)<\/strong><\/p>\n<ul>\n<li>Sara Belga \u2013\u00a0Principal Investigator<\/li>\n<li>Megan Levings \u2013 Principal Investigator<\/li>\n<li>Gale Ladua \u2013 Clinical Coordinator<\/li>\n<\/ul>\n<p><strong>University of British Columbia (UBC) | Pediatrics<\/strong><\/p>\n<ul>\n<li>Hana Mitchell \u2013 Principal Investigator<\/li>\n<li>Candice Weidman \u2013 Clinical Coordinator<\/li>\n<li>Tom Blydt-Hansen \u2013 Principal Investigator<\/li>\n<li>Manish Sadarangani \u2013 Principal Investigator<\/li>\n<li>Amanda Li \u2013 BMT recruitment<\/li>\n<li>Monica Ho \u2013 Clinical Coordinator<\/li>\n<\/ul>\n<p><strong>Vancouver Coastal Health Research Institute (VCH)<\/strong><\/p>\n<ul>\n<li>Allison Mah \u2013 Principal Investigator<\/li>\n<\/ul>\n<\/div><div class=\"fusion-clearfix\"><\/div><\/div><\/div><\/div><\/div><\/p>\n","protected":false},"excerpt":{"rendered":"","protected":false},"author":6,"featured_media":0,"parent":0,"menu_order":35,"comment_status":"closed","ping_status":"closed","template":"100-width.php","meta":{"footnotes":""},"class_list":["post-15652","page","type-page","status-publish","hentry"],"_links":{"self":[{"href":"https:\/\/cdtrp.ca\/fr\/wp-json\/wp\/v2\/pages\/15652"}],"collection":[{"href":"https:\/\/cdtrp.ca\/fr\/wp-json\/wp\/v2\/pages"}],"about":[{"href":"https:\/\/cdtrp.ca\/fr\/wp-json\/wp\/v2\/types\/page"}],"author":[{"embeddable":true,"href":"https:\/\/cdtrp.ca\/fr\/wp-json\/wp\/v2\/users\/6"}],"replies":[{"embeddable":true,"href":"https:\/\/cdtrp.ca\/fr\/wp-json\/wp\/v2\/comments?post=15652"}],"version-history":[{"count":14,"href":"https:\/\/cdtrp.ca\/fr\/wp-json\/wp\/v2\/pages\/15652\/revisions"}],"predecessor-version":[{"id":17400,"href":"https:\/\/cdtrp.ca\/fr\/wp-json\/wp\/v2\/pages\/15652\/revisions\/17400"}],"wp:attachment":[{"href":"https:\/\/cdtrp.ca\/fr\/wp-json\/wp\/v2\/media?parent=15652"}],"curies":[{"name":"wp","href":"https:\/\/api.w.org\/{rel}","templated":true}]}}