{"id":14005,"date":"2021-11-03T09:38:27","date_gmt":"2021-11-03T14:38:27","guid":{"rendered":"https:\/\/cdtrp.ca\/?page_id=14005"},"modified":"2023-08-09T10:02:27","modified_gmt":"2023-08-09T14:02:27","slug":"groupes-de-travail","status":"publish","type":"page","link":"https:\/\/cdtrp.ca\/fr\/recherche\/groupes-de-travail\/","title":{"rendered":"Groupes de travail du PRDTC"},"content":{"rendered":"<p><div class=\"fusion-fullwidth fullwidth-box fusion-builder-row-1 hundred-percent-fullwidth non-hundred-percent-height-scrolling\" style=\"--awb-background-position:left top;--awb-border-sizes-top:0px;--awb-border-sizes-bottom:0px;--awb-border-sizes-left:0px;--awb-border-sizes-right:0px;--awb-border-radius-top-left:0px;--awb-border-radius-top-right:0px;--awb-border-radius-bottom-right:0px;--awb-border-radius-bottom-left:0px;--awb-padding-top:100px;--awb-padding-bottom:100px;--awb-flex-wrap:wrap;\" ><div class=\"fusion-builder-row fusion-row\"><div class=\"fusion-layout-column fusion_builder_column fusion-builder-column-0 fusion_builder_column_1_6 1_6 fusion-one-sixth fusion-column-first fusion-no-small-visibility\" style=\"--awb-bg-size:cover;width:13.3333%; margin-right: 4%;\"><div class=\"fusion-column-wrapper fusion-flex-column-wrapper-legacy\"><div class=\"fusion-clearfix\"><\/div><\/div><\/div><div class=\"fusion-layout-column fusion_builder_column fusion-builder-column-1 fusion_builder_column_2_3 2_3 fusion-two-third\" style=\"--awb-bg-size:cover;width:65.3333%; margin-right: 4%;\"><div class=\"fusion-column-wrapper fusion-flex-column-wrapper-legacy\"><div class=\"fusion-text fusion-text-1\"><h3 style=\"text-align: center;\">En plus de ses cinq th\u00e8mes de recherche, le PRDTC dispose de plusieurs groupes de travail ouverts \u00e0 tous les membres de sa communaut\u00e9. Si vous souhaitez vous joindre \u00e0 l&rsquo;un d&rsquo;eux ou en savoir plus, veuillez nous envoyer un courriel \u00e0 <a href=\"mailto:info@cdtrp.ca\">info@cdtrp.ca<\/a>.<\/h3>\n<\/div><div class=\"fusion-clearfix\"><\/div><\/div><\/div><div class=\"fusion-layout-column fusion_builder_column fusion-builder-column-2 fusion_builder_column_1_6 1_6 fusion-one-sixth fusion-column-last fusion-no-small-visibility\" style=\"--awb-bg-size:cover;width:13.3333%;\"><div class=\"fusion-column-wrapper fusion-flex-column-wrapper-legacy\"><div class=\"fusion-clearfix\"><\/div><\/div><\/div><div class=\"fusion-layout-column fusion_builder_column fusion-builder-column-3 fusion_builder_column_1_1 1_1 fusion-one-full fusion-column-first fusion-column-last fusion-column-no-min-height\" style=\"--awb-bg-size:cover;\"><div class=\"fusion-column-wrapper fusion-flex-column-wrapper-legacy\"><div class=\"fusion-clearfix\"><\/div><\/div><\/div><\/div><\/div><div class=\"fusion-fullwidth fullwidth-box fusion-builder-row-2 hundred-percent-fullwidth non-hundred-percent-height-scrolling fusion-equal-height-columns\" style=\"--awb-background-position:center top;--awb-background-blend-mode:overlay;--awb-border-sizes-top:0px;--awb-border-sizes-bottom:0px;--awb-border-sizes-left:0px;--awb-border-sizes-right:0px;--awb-border-radius-top-left:0px;--awb-border-radius-top-right:0px;--awb-border-radius-bottom-right:0px;--awb-border-radius-bottom-left:0px;--awb-padding-top:0px;--awb-padding-right:0px;--awb-padding-bottom:0px;--awb-padding-left:0px;--awb-margin-bottom:0px;--awb-background-color:#f5f5f5;--awb-flex-wrap:wrap;\" ><div class=\"fusion-builder-row fusion-row\"><div class=\"fusion-layout-column fusion_builder_column fusion-builder-column-4 fusion_builder_column_1_2 1_2 fusion-one-half fusion-column-first\" style=\"--awb-padding-top:8rem;--awb-padding-right:6rem;--awb-padding-bottom:8rem;--awb-padding-left:6rem;--awb-bg-size:cover;--awb-border-color:#607d8b;--awb-border-top:0;--awb-border-right:0;--awb-border-bottom:0;--awb-border-left:0;--awb-border-style:solid;\"><div class=\"fusion-column-wrapper fusion-column-has-shadow fusion-flex-column-wrapper-legacy\"><div class=\"fusion-column-content-centered\"><div class=\"fusion-column-content\"><div class=\"fusion-text fusion-text-2 fusion-animated\" data-animationType=\"fadeInLeft\" data-animationDuration=\"0.3\" data-animationOffset=\"top-into-view\"><h3>Groupe de travail du PRDTC sur la sant\u00e9 mentale et le bien-\u00eatre<\/h3>\n<\/div><div class=\"fusion-sep-clear\"><\/div><div class=\"fusion-separator fusion-full-width-sep\" style=\"margin-left: auto;margin-right: auto;margin-top:1rem;margin-bottom:1rem;width:100%;\"><\/div><div class=\"fusion-sep-clear\"><\/div><ul style=\"--awb-line-height:28.9px;--awb-icon-width:28.9px;--awb-icon-height:28.9px;--awb-icon-margin:11.9px;--awb-content-margin:40.8px;--awb-circlecolor:#aa0e13;--awb-circle-yes-font-size:14.96px;\" class=\"fusion-checklist fusion-checklist-1 fusion-checklist-default type-icons\"><li class=\"fusion-li-item\" style=\"\"><span class=\"icon-wrapper circle-yes\"><i class=\"fusion-li-icon fa-arrow-right fas\" aria-hidden=\"true\"><\/i><\/span><div class=\"fusion-li-item-content\">\n<p><strong>Leadership int\u00e9rimaire :<\/strong> Dr Tom Blydt-Hansen, Dre Sunita Mathur, Mme Sandra Holdsworth<\/p>\n<\/div><\/li><li class=\"fusion-li-item\" style=\"\"><span class=\"icon-wrapper circle-yes\"><i class=\"fusion-li-icon fa-arrow-right fas\" aria-hidden=\"true\"><\/i><\/span><div class=\"fusion-li-item-content\">\n<p><strong>Th\u00e8me parent :<\/strong> Th\u00e8me 5 \u2013 R\u00e9tablir la sant\u00e9 \u00e0 long terme<\/p>\n<\/div><\/li><\/ul><div class=\"fusion-sep-clear\"><\/div><div class=\"fusion-separator fusion-full-width-sep\" style=\"margin-left: auto;margin-right: auto;margin-top:1rem;margin-bottom:1rem;width:100%;\"><\/div><div class=\"fusion-sep-clear\"><\/div><div class=\"fusion-text fusion-text-3\"><h5><strong>Description<\/strong><\/h5>\n<p>Le Groupe de travail sur la sant\u00e9 mentale et le bien-\u00eatre du PRDTC est un groupe cibl\u00e9 qui se concentre sp\u00e9cifiquement sur l\u2019\u00e9change d\u2019id\u00e9es, les initiatives visant \u00e0 renforcer la capacit\u00e9 de recherche \u00e0 travers le Canada, le d\u00e9veloppement de subventions collaboratives et le soutien de projets. L&rsquo;objectif est de d\u00e9velopper et de soumettre une subvention d&rsquo;\u00e9quipe pour un financement national. Ce groupe se concentre sur les r\u00e9sultats en mati\u00e8re de sant\u00e9 mentale et les conditions qui y sont associ\u00e9es chez les transplant\u00e9s \u2013 une priorit\u00e9 insuffisamment \u00e9tudi\u00e9e pour les patients et les soignants. Les premi\u00e8res sessions de r\u00e9unions comprendront de courtes pr\u00e9sentations de chercheurs du PRDTC qui font un travail remarquable en mati\u00e8re de sant\u00e9 mentale et de transplantation. Les pr\u00e9sentations seront suivies de discussions sur la fa\u00e7on dont le Groupe de travail sur la sant\u00e9 mentale et le bien-\u00eatre peut faire avancer le travail dans ce domaine. En somme, les r\u00e9unions permettront le d\u00e9veloppement de subventions, l&rsquo;examen et le soutien des \u00e9quipes pr\u00e9paration des demandes de financement.<\/p>\n<\/div><\/div><\/div><div class=\"fusion-clearfix\"><\/div><\/div><\/div><div class=\"fusion-layout-column fusion_builder_column fusion-builder-column-5 fusion_builder_column_1_2 1_2 fusion-one-half fusion-column-last\" style=\"--awb-padding-top:0px;--awb-padding-right:0px;--awb-padding-bottom:0px;--awb-padding-left:0px;--awb-bg-position:center center;--awb-bg-size:cover;\"><div class=\"fusion-column-wrapper lazyload fusion-column-has-shadow fusion-flex-column-wrapper-legacy fusion-empty-column-bg-image fusion-column-has-bg-image\" data-bg-url=\"https:\/\/cdtrp.ca\/wp-content\/uploads\/2021\/11\/Website-6-1024x576.png\" data-bg=\"https:\/\/cdtrp.ca\/wp-content\/uploads\/2021\/11\/Website-6-1024x576.png\"><img decoding=\"async\" class=\"fusion-empty-dims-img-placeholder fusion-no-large-visibility\" src=\"data:image\/svg+xml,%3Csvg%20xmlns%3D%27http%3A%2F%2Fwww.w3.org%2F2000%2Fsvg%27%20width%3D%271024%27%20height%3D%27576%27%20viewBox%3D%270%200%201024%20576%27%3E%3Crect%20width%3D%271024%27%20height%3D%27576%27%20fill-opacity%3D%220%22%2F%3E%3C%2Fsvg%3E\"><div class=\"fusion-clearfix\"><\/div><\/div><\/div><\/div><\/div><div class=\"fusion-fullwidth fullwidth-box fusion-builder-row-3 hundred-percent-fullwidth non-hundred-percent-height-scrolling fusion-equal-height-columns\" style=\"--awb-background-position:center top;--awb-background-blend-mode:overlay;--awb-border-sizes-top:0px;--awb-border-sizes-bottom:0px;--awb-border-sizes-left:0px;--awb-border-sizes-right:0px;--awb-border-radius-top-left:0px;--awb-border-radius-top-right:0px;--awb-border-radius-bottom-right:0px;--awb-border-radius-bottom-left:0px;--awb-padding-top:0px;--awb-padding-right:0px;--awb-padding-bottom:0px;--awb-padding-left:0px;--awb-margin-bottom:0px;--awb-background-color:#ffffff;--awb-flex-wrap:wrap;\" ><div class=\"fusion-builder-row fusion-row\"><div class=\"fusion-layout-column fusion_builder_column fusion-builder-column-6 fusion_builder_column_1_2 1_2 fusion-one-half fusion-column-first\" style=\"--awb-padding-top:0px;--awb-padding-right:0px;--awb-padding-bottom:0px;--awb-padding-left:0px;--awb-bg-position:center center;--awb-bg-size:cover;\"><div class=\"fusion-column-wrapper lazyload fusion-column-has-shadow fusion-flex-column-wrapper-legacy fusion-empty-column-bg-image fusion-column-has-bg-image\" data-bg-url=\"https:\/\/cdtrp.ca\/wp-content\/uploads\/2021\/11\/Website-3-1024x576.png\" data-bg=\"https:\/\/cdtrp.ca\/wp-content\/uploads\/2021\/11\/Website-3-1024x576.png\"><img decoding=\"async\" class=\"fusion-empty-dims-img-placeholder fusion-no-large-visibility\" src=\"data:image\/svg+xml,%3Csvg%20xmlns%3D%27http%3A%2F%2Fwww.w3.org%2F2000%2Fsvg%27%20width%3D%271024%27%20height%3D%27576%27%20viewBox%3D%270%200%201024%20576%27%3E%3Crect%20width%3D%271024%27%20height%3D%27576%27%20fill-opacity%3D%220%22%2F%3E%3C%2Fsvg%3E\"><div class=\"fusion-clearfix\"><\/div><\/div><\/div><div class=\"fusion-layout-column fusion_builder_column fusion-builder-column-7 fusion_builder_column_1_2 1_2 fusion-one-half fusion-column-last\" style=\"--awb-padding-top:13%;--awb-padding-right:13%;--awb-padding-bottom:13%;--awb-padding-left:13%;--awb-bg-size:cover;--awb-border-color:#607d8b;--awb-border-top:0;--awb-border-right:0;--awb-border-bottom:0;--awb-border-left:0;--awb-border-style:solid;\"><div class=\"fusion-column-wrapper fusion-column-has-shadow fusion-flex-column-wrapper-legacy\"><div class=\"fusion-column-content-centered\"><div class=\"fusion-column-content\"><div class=\"fusion-text fusion-text-4 fusion-animated\" data-animationType=\"fadeInLeft\" data-animationDuration=\"0.3\" data-animationOffset=\"top-into-view\"><h3>Groupe de travail du PRDTC sur l\u2019exercice<\/h3>\n<\/div><div class=\"fusion-sep-clear\"><\/div><div class=\"fusion-separator fusion-full-width-sep\" style=\"margin-left: auto;margin-right: auto;margin-top:1rem;margin-bottom:1rem;width:100%;\"><\/div><div class=\"fusion-sep-clear\"><\/div><ul style=\"--awb-line-height:28.9px;--awb-icon-width:28.9px;--awb-icon-height:28.9px;--awb-icon-margin:11.9px;--awb-content-margin:40.8px;--awb-circlecolor:#aa0e13;--awb-circle-yes-font-size:14.96px;\" class=\"fusion-checklist fusion-checklist-2 fusion-checklist-default type-icons\"><li class=\"fusion-li-item\" style=\"\"><span class=\"icon-wrapper circle-yes\"><i class=\"fusion-li-icon fa-arrow-right fas\" aria-hidden=\"true\"><\/i><\/span><div class=\"fusion-li-item-content\">\n<p><strong>Responsables :<\/strong> Mme Sherrie Logan, Dre Sunita Mathur, Dr Dmity Rozenberg<\/p>\n<\/div><\/li><li class=\"fusion-li-item\" style=\"\"><span class=\"icon-wrapper circle-yes\"><i class=\"fusion-li-icon fa-arrow-right fas\" aria-hidden=\"true\"><\/i><\/span><div class=\"fusion-li-item-content\">\n<p><strong>Th\u00e8me parent :<\/strong> Th\u00e8me 5 \u2013 R\u00e9tablir la sant\u00e9 \u00e0 long terme<\/p>\n<\/div><\/li><\/ul><div class=\"fusion-sep-clear\"><\/div><div class=\"fusion-separator fusion-full-width-sep\" style=\"margin-left: auto;margin-right: auto;margin-top:1rem;margin-bottom:1rem;width:100%;\"><\/div><div class=\"fusion-sep-clear\"><\/div><div class=\"fusion-text fusion-text-5\"><h5><strong>Description<\/strong><\/h5>\n<p>Le Groupe de travail sur l\u2019exercice du PRDTC est un groupe cibl\u00e9 qui se concentre sp\u00e9cifiquement sur le soutien de projets, le d\u00e9veloppement de subventions en collaboration et les initiatives visant \u00e0 renforcer la capacit\u00e9 de recherche au Canada. Ce groupe de travail vise \u00e0 permettre une discussion cibl\u00e9e sur l\u2019exercice, la pr\u00e9adaptation, la r\u00e9adaptation et la sarcop\u00e9nie, ainsi que sur la fa\u00e7on dont ils sont li\u00e9s au patient transplant\u00e9, avant et apr\u00e8s la chirurgie. En somme, les r\u00e9unions permettront le d\u00e9veloppement de subventions, l&rsquo;examen et le soutien des \u00e9quipes pr\u00e9paration des demandes de financement.<\/p>\n<\/div><\/div><\/div><div class=\"fusion-clearfix\"><\/div><\/div><\/div><\/div><\/div><div class=\"fusion-fullwidth fullwidth-box fusion-builder-row-4 hundred-percent-fullwidth non-hundred-percent-height-scrolling fusion-equal-height-columns\" style=\"--awb-background-position:center top;--awb-background-blend-mode:overlay;--awb-border-sizes-top:0px;--awb-border-sizes-bottom:0px;--awb-border-sizes-left:0px;--awb-border-sizes-right:0px;--awb-border-radius-top-left:0px;--awb-border-radius-top-right:0px;--awb-border-radius-bottom-right:0px;--awb-border-radius-bottom-left:0px;--awb-padding-top:0px;--awb-padding-right:0px;--awb-padding-bottom:0px;--awb-padding-left:0px;--awb-margin-bottom:0px;--awb-background-color:#f5f5f5;--awb-flex-wrap:wrap;\" ><div class=\"fusion-builder-row fusion-row\"><div class=\"fusion-layout-column fusion_builder_column fusion-builder-column-8 fusion_builder_column_1_2 1_2 fusion-one-half fusion-column-first\" style=\"--awb-padding-top:8rem;--awb-padding-right:6rem;--awb-padding-bottom:8rem;--awb-padding-left:6rem;--awb-bg-size:cover;--awb-border-color:#607d8b;--awb-border-top:0;--awb-border-right:0;--awb-border-bottom:0;--awb-border-left:0;--awb-border-style:solid;\"><div class=\"fusion-column-wrapper fusion-column-has-shadow fusion-flex-column-wrapper-legacy\"><div class=\"fusion-column-content-centered\"><div class=\"fusion-column-content\"><div class=\"fusion-text fusion-text-6 fusion-animated\" data-animationType=\"fadeInLeft\" data-animationDuration=\"0.3\" data-animationOffset=\"top-into-view\"><h3>Le Groupe de travail ARDOT<\/h3>\n<\/div><div class=\"fusion-sep-clear\"><\/div><div class=\"fusion-separator fusion-full-width-sep\" style=\"margin-left: auto;margin-right: auto;margin-top:1rem;margin-bottom:1rem;width:100%;\"><\/div><div class=\"fusion-sep-clear\"><\/div><ul style=\"--awb-line-height:28.9px;--awb-icon-width:28.9px;--awb-icon-height:28.9px;--awb-icon-margin:11.9px;--awb-content-margin:40.8px;--awb-circlecolor:#aa0e13;--awb-circle-yes-font-size:14.96px;\" class=\"fusion-checklist fusion-checklist-3 fusion-checklist-default type-icons\"><li class=\"fusion-li-item\" style=\"\"><span class=\"icon-wrapper circle-yes\"><i class=\"fusion-li-icon fa-arrow-right fas\" aria-hidden=\"true\"><\/i><\/span><div class=\"fusion-li-item-content\">\n<p><strong>Responsables :<\/strong> Vanessa Silva e Silva, Dr Sonny Dhanani<\/p>\n<\/div><\/li><li class=\"fusion-li-item\" style=\"\"><span class=\"icon-wrapper circle-yes\"><i class=\"fusion-li-icon fa-arrow-right fas\" aria-hidden=\"true\"><\/i><\/span><div class=\"fusion-li-item-content\">\n<p><strong>Th\u00e8me parent :<\/strong> Th\u00e8me 1 &#8211; Am\u00e9liorer la culture du don<\/p>\n<\/div><\/li><\/ul><div class=\"fusion-sep-clear\"><\/div><div class=\"fusion-separator fusion-full-width-sep\" style=\"margin-left: auto;margin-right: auto;margin-top:1rem;margin-bottom:1rem;width:100%;\"><\/div><div class=\"fusion-sep-clear\"><\/div><div class=\"fusion-text fusion-text-7\"><h5><strong>Description<\/strong><\/h5>\n<p>Il est commun \u00e0 tous les chercheurs dans le domaine du don et de la transplantation d&rsquo;organes de chercher \u00e0 am\u00e9liorer les r\u00e9sultats de leur pratique. La plupart de ces processus impliquent tr\u00e8s souvent des soins et proc\u00e9dures infirmiers. Les professionnels param\u00e9dicaux (infirmi\u00e8res autoris\u00e9es, inhaloth\u00e9rapeutes, ergoth\u00e9rapeutes, psychologues, etc.) qui travaillent dans le domaine du don ou de la transplantation d&rsquo;organes font face \u00e0 des d\u00e9fis quotidiens dans le syst\u00e8me de sant\u00e9 et pourraient contribuer \u00e0 la recherche dans ce domaine. Cependant, leur vie clinique charg\u00e9e et le manque d&rsquo;acc\u00e8s aux ressources de recherche les emp\u00eachent souvent de contribuer \u00e0 la science.<\/p>\n<h5><strong>Objectifs<\/strong><\/h5>\n<ul>\n<li>L&rsquo;objectif principal de ce groupe de travail est de faire le lien entre les contributions des professionnels de la sant\u00e9 et les progr\u00e8s cliniques par le biais de la recherche.<\/li>\n<li>Fournir un soutien \u00e0 la recherche aux cliniciens des professions param\u00e9dicales et aux cliniciens menant des recherches sur les populations des professions param\u00e9dicales.<\/li>\n<li>Promouvoir la collaboration interprofessionnelle entre les professionnels de la sant\u00e9 dans les domaines cliniques et universitaires afin de faire progresser la recherche sur le don d&rsquo;organes au niveau international.<\/li>\n<li>Promouvoir une approche participative de la recherche r\u00e9pondant aux besoins r\u00e9els des utilisateurs des connaissances au stade final des soins.<\/li>\n<\/ul>\n<\/div><\/div><\/div><div class=\"fusion-clearfix\"><\/div><\/div><\/div><div class=\"fusion-layout-column fusion_builder_column fusion-builder-column-9 fusion_builder_column_1_2 1_2 fusion-one-half fusion-column-last\" style=\"--awb-padding-top:0px;--awb-padding-right:0px;--awb-padding-bottom:0px;--awb-padding-left:0px;--awb-bg-position:center center;--awb-bg-size:cover;\"><div class=\"fusion-column-wrapper lazyload fusion-column-has-shadow fusion-flex-column-wrapper-legacy fusion-empty-column-bg-image fusion-column-has-bg-image\" data-bg-url=\"https:\/\/cdtrp.ca\/wp-content\/uploads\/2021\/11\/Website-5-1024x576.png\" data-bg=\"https:\/\/cdtrp.ca\/wp-content\/uploads\/2021\/11\/Website-5-1024x576.png\"><img decoding=\"async\" class=\"fusion-empty-dims-img-placeholder fusion-no-large-visibility\" src=\"data:image\/svg+xml,%3Csvg%20xmlns%3D%27http%3A%2F%2Fwww.w3.org%2F2000%2Fsvg%27%20width%3D%271024%27%20height%3D%27576%27%20viewBox%3D%270%200%201024%20576%27%3E%3Crect%20width%3D%271024%27%20height%3D%27576%27%20fill-opacity%3D%220%22%2F%3E%3C%2Fsvg%3E\"><div class=\"fusion-clearfix\"><\/div><\/div><\/div><\/div><\/div><div class=\"fusion-fullwidth fullwidth-box fusion-builder-row-5 hundred-percent-fullwidth non-hundred-percent-height-scrolling fusion-equal-height-columns\" style=\"--awb-background-position:center top;--awb-background-blend-mode:overlay;--awb-border-sizes-top:0px;--awb-border-sizes-bottom:0px;--awb-border-sizes-left:0px;--awb-border-sizes-right:0px;--awb-border-radius-top-left:0px;--awb-border-radius-top-right:0px;--awb-border-radius-bottom-right:0px;--awb-border-radius-bottom-left:0px;--awb-padding-top:0px;--awb-padding-right:0px;--awb-padding-bottom:0px;--awb-padding-left:0px;--awb-margin-bottom:0px;--awb-background-color:#ffffff;--awb-flex-wrap:wrap;\" ><div class=\"fusion-builder-row fusion-row\"><div class=\"fusion-layout-column fusion_builder_column fusion-builder-column-10 fusion_builder_column_1_2 1_2 fusion-one-half fusion-column-first\" style=\"--awb-padding-top:0px;--awb-padding-right:0px;--awb-padding-bottom:0px;--awb-padding-left:0px;--awb-bg-position:center center;--awb-bg-size:cover;\"><div class=\"fusion-column-wrapper lazyload fusion-column-has-shadow fusion-flex-column-wrapper-legacy fusion-empty-column-bg-image fusion-column-has-bg-image\" data-bg-url=\"https:\/\/cdtrp.ca\/wp-content\/uploads\/2021\/11\/CDTRP-Website-1024x576.png\" data-bg=\"https:\/\/cdtrp.ca\/wp-content\/uploads\/2021\/11\/CDTRP-Website-1024x576.png\"><img decoding=\"async\" class=\"fusion-empty-dims-img-placeholder fusion-no-large-visibility\" src=\"data:image\/svg+xml,%3Csvg%20xmlns%3D%27http%3A%2F%2Fwww.w3.org%2F2000%2Fsvg%27%20width%3D%271024%27%20height%3D%27576%27%20viewBox%3D%270%200%201024%20576%27%3E%3Crect%20width%3D%271024%27%20height%3D%27576%27%20fill-opacity%3D%220%22%2F%3E%3C%2Fsvg%3E\"><div class=\"fusion-clearfix\"><\/div><\/div><\/div><div class=\"fusion-layout-column fusion_builder_column fusion-builder-column-11 fusion_builder_column_1_2 1_2 fusion-one-half fusion-column-last\" style=\"--awb-padding-top:13%;--awb-padding-right:13%;--awb-padding-bottom:13%;--awb-padding-left:13%;--awb-bg-size:cover;--awb-border-color:#607d8b;--awb-border-top:0;--awb-border-right:0;--awb-border-bottom:0;--awb-border-left:0;--awb-border-style:solid;\"><div class=\"fusion-column-wrapper fusion-column-has-shadow fusion-flex-column-wrapper-legacy\"><div class=\"fusion-column-content-centered\"><div class=\"fusion-column-content\"><div class=\"fusion-text fusion-text-8 fusion-animated\" data-animationType=\"fadeInLeft\" data-animationDuration=\"0.3\" data-animationOffset=\"top-into-view\"><h3>Comit\u00e9 de recherche et d&rsquo;innovation sur les yeux et les tissus du PRDTC <em><strong>(en d\u00e9veloppement)<\/strong><\/em><\/h3>\n<\/div><div class=\"fusion-sep-clear\"><\/div><div class=\"fusion-separator fusion-full-width-sep\" style=\"margin-left: auto;margin-right: auto;margin-top:1rem;margin-bottom:1rem;width:100%;\"><\/div><div class=\"fusion-sep-clear\"><\/div><div class=\"fusion-text fusion-text-9\"><h5><strong>Description<\/strong><\/h5>\n<p>Dans le but de combler le foss\u00e9 entre les groupes de recherche clinique\/fondamentale et les banques de yeux et tissus, nous lan\u00e7ons le Comit\u00e9 de recherche et d&rsquo;innovation sur les yeux et les tissus du PRDTC. Ce nouveau comit\u00e9 de recherche fait partie de la strat\u00e9gie globale visant \u00e0 faire progresser et \u00e0 d\u00e9velopper un cadre de gouvernance national pour la communaut\u00e9 des yeux et des tissus que le PRDTC soutient en partenariat avec la Soci\u00e9t\u00e9 canadienne d&rsquo;ophtalmologie et la Soci\u00e9t\u00e9 canadienne du sang. Notre vision pour ce comit\u00e9 de recherche est de permettre des efforts de recherche collaborative pour combler les lacunes dans les connaissances identifi\u00e9es par la communaut\u00e9 des yeux et des tissus humains et d&rsquo;\u00e9tablir des liens avec d&rsquo;autres structures de gouvernance nationales pour informer et am\u00e9liorer les pratiques cliniques.<\/p>\n<p>Nous vous serions reconnaissants de bien vouloir prendre quelques instants pour r\u00e9pondre \u00e0 quelques questions qui nous aideront \u00e0 orienter nos activit\u00e9s.<\/p>\n<\/div><\/div><\/div><div class=\"fusion-clearfix\"><\/div><\/div><\/div><\/div><\/div><\/p>\n","protected":false},"excerpt":{"rendered":"","protected":false},"author":6,"featured_media":0,"parent":1642,"menu_order":69,"comment_status":"closed","ping_status":"closed","template":"100-width.php","meta":{"footnotes":""},"class_list":["post-14005","page","type-page","status-publish","hentry"],"_links":{"self":[{"href":"https:\/\/cdtrp.ca\/fr\/wp-json\/wp\/v2\/pages\/14005"}],"collection":[{"href":"https:\/\/cdtrp.ca\/fr\/wp-json\/wp\/v2\/pages"}],"about":[{"href":"https:\/\/cdtrp.ca\/fr\/wp-json\/wp\/v2\/types\/page"}],"author":[{"embeddable":true,"href":"https:\/\/cdtrp.ca\/fr\/wp-json\/wp\/v2\/users\/6"}],"replies":[{"embeddable":true,"href":"https:\/\/cdtrp.ca\/fr\/wp-json\/wp\/v2\/comments?post=14005"}],"version-history":[{"count":19,"href":"https:\/\/cdtrp.ca\/fr\/wp-json\/wp\/v2\/pages\/14005\/revisions"}],"predecessor-version":[{"id":23385,"href":"https:\/\/cdtrp.ca\/fr\/wp-json\/wp\/v2\/pages\/14005\/revisions\/23385"}],"up":[{"embeddable":true,"href":"https:\/\/cdtrp.ca\/fr\/wp-json\/wp\/v2\/pages\/1642"}],"wp:attachment":[{"href":"https:\/\/cdtrp.ca\/fr\/wp-json\/wp\/v2\/media?parent=14005"}],"curies":[{"name":"wp","href":"https:\/\/api.w.org\/{rel}","templated":true}]}}