{"id":13366,"date":"2021-10-19T11:21:30","date_gmt":"2021-10-19T16:21:30","guid":{"rendered":"https:\/\/cdtrp.ca\/?page_id=13366"},"modified":"2021-12-17T08:25:17","modified_gmt":"2021-12-17T13:25:17","slug":"asm-2021","status":"publish","type":"page","link":"https:\/\/cdtrp.ca\/fr\/evenements\/asm-2021\/","title":{"rendered":"Congr\u00e8s Scientifique Annuel 2021 du PRDTC"},"content":{"rendered":"<p><div class=\"fusion-fullwidth fullwidth-box fusion-builder-row-1 nonhundred-percent-fullwidth non-hundred-percent-height-scrolling fusion-no-small-visibility fusion-no-medium-visibility\" style=\"--awb-background-position:left top;--awb-border-sizes-top:0px;--awb-border-sizes-bottom:0px;--awb-border-sizes-left:0px;--awb-border-sizes-right:0px;--awb-border-radius-top-left:0px;--awb-border-radius-top-right:0px;--awb-border-radius-bottom-right:0px;--awb-border-radius-bottom-left:0px;--awb-flex-wrap:wrap;\" ><div class=\"fusion-builder-row fusion-row\"><div class=\"fusion-layout-column fusion_builder_column fusion-builder-column-0 fusion_builder_column_1_1 1_1 fusion-one-full fusion-column-first fusion-column-last fusion-no-small-visibility fusion-no-medium-visibility\" style=\"--awb-padding-top:6rem;--awb-padding-right:3rem;--awb-padding-bottom:6rem;--awb-padding-left:3rem;--awb-bg-color:#ffffff;--awb-bg-color-hover:#ffffff;--awb-bg-size:cover;--awb-box-shadow:0px 0px 25px 0px rgba(0,0,0,0.5);;--awb-margin-top:-12rem;\"><div class=\"fusion-column-wrapper fusion-column-has-shadow fusion-flex-column-wrapper-legacy\"><div class=\"fusion-image-element fusion-image-align-center in-legacy-container\" style=\"text-align:center;--awb-caption-title-font-family:var(--h2_typography-font-family);--awb-caption-title-font-weight:var(--h2_typography-font-weight);--awb-caption-title-font-style:var(--h2_typography-font-style);--awb-caption-title-size:var(--h2_typography-font-size);--awb-caption-title-transform:var(--h2_typography-text-transform);--awb-caption-title-line-height:var(--h2_typography-line-height);--awb-caption-title-letter-spacing:var(--h2_typography-letter-spacing);\"><div class=\"imageframe-align-center\"><span class=\" fusion-imageframe imageframe-dropshadow imageframe-1 hover-type-none\" style=\"-webkit-box-shadow: 3px 3px 7px rgba(0,0,0,0.3);box-shadow: 3px 3px 7px rgba(0,0,0,0.3);\"><img decoding=\"async\" width=\"1500\" height=\"500\" title=\"Annual Meeting 2021 &#8211; Twitter Banner\" src=\"data:image\/svg+xml,%3Csvg%20xmlns%3D%27http%3A%2F%2Fwww.w3.org%2F2000%2Fsvg%27%20width%3D%271500%27%20height%3D%27500%27%20viewBox%3D%270%200%201500%20500%27%3E%3Crect%20width%3D%271500%27%20height%3D%27500%27%20fill-opacity%3D%220%22%2F%3E%3C%2Fsvg%3E\" data-orig-src=\"https:\/\/cdtrp.ca\/wp-content\/uploads\/2021\/10\/Annual-Meeting-2021-Twitter-Banner-2.png\" alt class=\"lazyload img-responsive wp-image-13368\"\/><\/span><\/div><\/div><div class=\"fusion-sep-clear\"><\/div><div class=\"fusion-separator fusion-full-width-sep\" style=\"margin-left: auto;margin-right: auto;margin-top:10px;margin-bottom:10px;width:100%;\"><\/div><div class=\"fusion-sep-clear\"><\/div><div class=\"fusion-text fusion-text-1\"><p>Le <strong>Programme de recherche en don et transplantation du Canada\u00a0<\/strong>a tenu son <strong>8\u00e8me Congr\u00e8s scientifique annuel du 8 au 10 d\u00e9cembre 2021.<\/strong><\/p>\n<p>Le riche programme a \u00e9t\u00e9 \u00e9labor\u00e9 par le <strong>Comit\u00e9 de planification du Congr\u00e8s scientifique annuel du PRDTC<\/strong>, copr\u00e9sid\u00e9 par <strong>Lorraine Hamiwka<\/strong> (Th\u00e8me 5) et <strong>Marat Slessarev<\/strong> (Th\u00e8mes 1 &amp; 2) avec l&rsquo;appui des responsables des Th\u00e8mes et de la communaut\u00e9 du PRDTC. Les autres membres du comit\u00e9 de planification sont :<\/p>\n<ul>\n<li style=\"text-align: left;\">Sabine Ivison (Th\u00e8mes 4 &amp; 5)<\/li>\n<li style=\"text-align: left;\">Warren Fingrut (Th\u00e8mes 1, 2 &amp; 3)<\/li>\n<li style=\"text-align: left;\">Vanessa Silva e Silva (Th\u00e8mes 1 &amp; 2)<\/li>\n<li style=\"text-align: left;\">Nicholas Murphy (Trainee, Th\u00e8me 2)<\/li>\n<li style=\"text-align: left;\">Ke Fan Bei (PFD partner, Th\u00e8mes 1, 3 &amp; 4)<\/li>\n<\/ul>\n<h5 style=\"text-align: center;\"><a href=\"https:\/\/cdtrp.ca\/fr\/evenements\/asm-2021\/enregistrements\/\"><strong>VOYEZ LES ENREGISTREMENTS DE L&rsquo;\u00c9DITION 2021 ICI.<\/strong><\/a><\/h5>\n<h5 style=\"text-align: center;\"><a href=\"https:\/\/cdtrp.ca\/fr\/evenements\/congres-scientifique-annuel-2020-du-prdtc\/\">Vous pouvez acc\u00e9der au contenu de l&rsquo;\u00e9dition 2020 ici<\/a>.<\/h5>\n<\/div><div class=\"fusion-clearfix\"><\/div><\/div><\/div><\/div><\/div><div class=\"fusion-fullwidth fullwidth-box fusion-builder-row-2 nonhundred-percent-fullwidth non-hundred-percent-height-scrolling fusion-no-medium-visibility fusion-no-large-visibility\" style=\"--awb-background-position:left top;--awb-border-sizes-top:0px;--awb-border-sizes-bottom:0px;--awb-border-sizes-left:0px;--awb-border-sizes-right:0px;--awb-border-radius-top-left:0px;--awb-border-radius-top-right:0px;--awb-border-radius-bottom-right:0px;--awb-border-radius-bottom-left:0px;--awb-flex-wrap:wrap;\" ><div class=\"fusion-builder-row fusion-row\"><div class=\"fusion-layout-column fusion_builder_column fusion-builder-column-1 fusion_builder_column_1_1 1_1 fusion-one-full fusion-column-first fusion-column-last fusion-no-large-visibility\" style=\"--awb-bg-size:cover;\"><div class=\"fusion-column-wrapper fusion-column-has-shadow fusion-flex-column-wrapper-legacy\"><div class=\"fusion-image-element fusion-image-align-center in-legacy-container\" style=\"text-align:center;--awb-caption-title-font-family:var(--h2_typography-font-family);--awb-caption-title-font-weight:var(--h2_typography-font-weight);--awb-caption-title-font-style:var(--h2_typography-font-style);--awb-caption-title-size:var(--h2_typography-font-size);--awb-caption-title-transform:var(--h2_typography-text-transform);--awb-caption-title-line-height:var(--h2_typography-line-height);--awb-caption-title-letter-spacing:var(--h2_typography-letter-spacing);\"><div class=\"imageframe-align-center\"><span class=\" fusion-imageframe imageframe-dropshadow imageframe-2 hover-type-none\" style=\"-webkit-box-shadow: 3px 3px 7px rgba(0,0,0,0.3);box-shadow: 3px 3px 7px rgba(0,0,0,0.3);\"><img decoding=\"async\" width=\"1500\" height=\"500\" title=\"Annual Meeting 2021 &#8211; Twitter Banner\" src=\"data:image\/svg+xml,%3Csvg%20xmlns%3D%27http%3A%2F%2Fwww.w3.org%2F2000%2Fsvg%27%20width%3D%271500%27%20height%3D%27500%27%20viewBox%3D%270%200%201500%20500%27%3E%3Crect%20width%3D%271500%27%20height%3D%27500%27%20fill-opacity%3D%220%22%2F%3E%3C%2Fsvg%3E\" data-orig-src=\"https:\/\/cdtrp.ca\/wp-content\/uploads\/2021\/10\/Annual-Meeting-2021-Twitter-Banner-2.png\" alt class=\"lazyload img-responsive wp-image-13368\"\/><\/span><\/div><\/div><div class=\"fusion-sep-clear\"><\/div><div class=\"fusion-separator fusion-full-width-sep\" style=\"margin-left: auto;margin-right: auto;margin-top:10px;margin-bottom:10px;width:100%;\"><\/div><div class=\"fusion-sep-clear\"><\/div><div class=\"fusion-text fusion-text-2\"><p>Le <strong>Programme de recherche en don et transplantation du Canada<\/strong> a tenu son <strong>8\u00e8me Congr\u00e8s scientifique annuel du 8 au 10 d\u00e9cembre 2021.<\/strong><\/p>\n<p>Le riche programme a \u00e9t\u00e9 \u00e9labor\u00e9 par le comit\u00e9 de planification du Congr\u00e8s scientifique annuel du PRDTC, copr\u00e9sid\u00e9 par <strong>Lorrainne Hamiwka<\/strong> (Th\u00e8me 5) and <strong>Marat Slessarev<\/strong> (Th\u00e8mes 1 &amp; 2) avec l&rsquo;appui des responsables des Th\u00e8mes. Les autres membres du comit\u00e9 de planification sont :<\/p>\n<ul>\n<li style=\"text-align: left;\">Sabine Ivison (Th\u00e8mes 4 &amp; 5)<\/li>\n<li style=\"text-align: left;\">Warren Fingrut (Th\u00e8mes 1, 2 &amp; 3)<\/li>\n<li style=\"text-align: left;\">Vanessa Silva e Silva (Th\u00e8mes 1 &amp; 2)<\/li>\n<li style=\"text-align: left;\">Nicholas Murphy (Trainee, Th\u00e8me 2)<\/li>\n<li style=\"text-align: left;\">Ke Fan Bei (PFD partner, Th\u00e8mes 1, 3 &amp; 4)<\/li>\n<\/ul>\n<h5 style=\"text-align: center;\"><a href=\"https:\/\/cdtrp.ca\/fr\/evenements\/asm-2021\/enregistrements\/\"><strong>VOYEZ LES ENREGISTREMENTS DE L&rsquo;\u00c9DITION 2021 ICI.<\/strong><\/a><\/h5>\n<h5 style=\"text-align: center;\"><a href=\"https:\/\/cdtrp.ca\/fr\/evenements\/congres-scientifique-annuel-2020-du-prdtc\/\">Vous pouvez acc\u00e9der au contenu de l&rsquo;\u00e9dition 2020 ici<\/a>.<\/h5>\n<\/div><div class=\"fusion-clearfix\"><\/div><\/div><\/div><\/div><\/div><div class=\"fusion-fullwidth fullwidth-box fusion-builder-row-3 hundred-percent-fullwidth non-hundred-percent-height-scrolling fusion-equal-height-columns\" style=\"--awb-background-position:left top;--awb-border-sizes-top:0px;--awb-border-sizes-bottom:0px;--awb-border-sizes-left:0px;--awb-border-sizes-right:0px;--awb-border-radius-top-left:0px;--awb-border-radius-top-right:0px;--awb-border-radius-bottom-right:0px;--awb-border-radius-bottom-left:0px;--awb-padding-top:1rem;--awb-padding-right:0px;--awb-padding-bottom:0px;--awb-padding-left:0px;--awb-flex-wrap:wrap;\" ><div class=\"fusion-builder-row fusion-row\"><div class=\"fusion-layout-column fusion_builder_column fusion-builder-column-2 fusion_builder_column_1_3 1_3 fusion-one-third fusion-column-first\" style=\"--awb-padding-top:8%;--awb-padding-right:6%;--awb-padding-bottom:10%;--awb-padding-left:6%;--awb-bg-color:#284b70;--awb-bg-color-hover:#284b70;--awb-bg-position:center center;--awb-bg-size:cover;\"><div class=\"fusion-column-wrapper fusion-column-has-shadow fusion-flex-column-wrapper-legacy\"><div class=\"fusion-column-content-centered\"><div class=\"fusion-column-content\"><div class=\"fusion-fa-align-center\"><i class=\"fb-icon-element-1 fb-icon-element fontawesome-icon fa-caret-square-right far circle-no\" style=\"--awb-font-size:48px;\"><\/i><\/div><div class=\"fusion-sep-clear\"><\/div><div class=\"fusion-separator fusion-full-width-sep\" style=\"margin-left: auto;margin-right: auto;margin-top:1rem;margin-bottom:1rem;width:100%;\"><\/div><div class=\"fusion-sep-clear\"><\/div><div class=\"fusion-text fusion-text-3\"><h3 style=\"text-align: center; font-weight: 400; color: #fff;\">Enregistrements<\/h3>\n<\/div><div class=\"fusion-sep-clear\"><\/div><div class=\"fusion-separator fusion-full-width-sep\" style=\"margin-left: auto;margin-right: auto;margin-top:1rem;margin-bottom:1rem;width:100%;\"><\/div><div class=\"fusion-sep-clear\"><\/div><div class=\"fusion-text fusion-text-4\"><p style=\"text-align: center;\"><span style=\"color: #ffffff;\">Voyez les enregistrements des pr\u00e9sentations (page prot\u00e9g\u00e9e)<\/span><\/p>\n<\/div><div class=\"fusion-sep-clear\"><\/div><div class=\"fusion-separator fusion-full-width-sep\" style=\"margin-left: auto;margin-right: auto;margin-top:1rem;margin-bottom:1rem;width:100%;\"><\/div><div class=\"fusion-sep-clear\"><\/div><div class=\"fusion-aligncenter\"><a class=\"fusion-button button-flat button-large button-custom fusion-button-default button-1 fusion-button-span-no fusion-button-default-type\" style=\"--button_accent_color:#ffffff;--button_border_color:#ffffff;--button_accent_hover_color:#3697c3;--button_border_hover_color:#3697c3;--button_border_width-top:2px;--button_border_width-right:2px;--button_border_width-bottom:2px;--button_border_width-left:2px;--button-border-radius-top-left:0;--button-border-radius-top-right:0;--button-border-radius-bottom-right:0;--button-border-radius-bottom-left:0;--button_gradient_top_color:ghost;--button_gradient_bottom_color:ghost;--button_gradient_top_color_hover:ghost;--button_gradient_bottom_color_hover:ghost;--button_text_transform:uppercase;\" target=\"_self\" href=\"https:\/\/cdtrp.ca\/fr\/evenements\/asm-2021\/enregistrements\/\"><span class=\"fusion-button-text\">Enregistrements<\/span><\/a><\/div><\/div><\/div><div class=\"fusion-clearfix\"><\/div><\/div><\/div><div class=\"fusion-layout-column fusion_builder_column fusion-builder-column-3 fusion_builder_column_1_3 1_3 fusion-one-third\" style=\"--awb-padding-top:8%;--awb-padding-right:6%;--awb-padding-bottom:10%;--awb-padding-left:6%;--awb-bg-color:#fdd05a;--awb-bg-color-hover:#fdd05a;--awb-bg-position:center center;--awb-bg-size:cover;\"><div class=\"fusion-column-wrapper fusion-column-has-shadow fusion-flex-column-wrapper-legacy\"><div class=\"fusion-column-content-centered\"><div class=\"fusion-column-content\"><div class=\"fusion-fa-align-center\"><i class=\"fb-icon-element-2 fb-icon-element fontawesome-icon fa-clipboard-list fas circle-no\" style=\"--awb-font-size:48px;\"><\/i><\/div><div class=\"fusion-sep-clear\"><\/div><div class=\"fusion-separator fusion-full-width-sep\" style=\"margin-left: auto;margin-right: auto;margin-top:1rem;margin-bottom:1rem;width:100%;\"><\/div><div class=\"fusion-sep-clear\"><\/div><div class=\"fusion-text fusion-text-5\"><h3 style=\"text-align: center; font-weight: 400; color: #fff;\">Programme<\/h3>\n<\/div><div class=\"fusion-sep-clear\"><\/div><div class=\"fusion-separator fusion-full-width-sep\" style=\"margin-left: auto;margin-right: auto;margin-top:1rem;margin-bottom:1rem;width:100%;\"><\/div><div class=\"fusion-sep-clear\"><\/div><div class=\"fusion-text fusion-text-6\"><p style=\"text-align: center; color: #fff;\">Cliquez ici pour consulter le programme complet, les activit\u00e9s sociales et les r\u00e9sum\u00e9s.<\/p>\n<\/div><div class=\"fusion-sep-clear\"><\/div><div class=\"fusion-separator fusion-full-width-sep\" style=\"margin-left: auto;margin-right: auto;margin-top:30px;width:100%;\"><\/div><div class=\"fusion-sep-clear\"><\/div><div class=\"fusion-aligncenter\"><a class=\"fusion-button button-flat button-large button-custom fusion-button-default button-2 fusion-button-span-no fusion-button-default-type\" style=\"--button_accent_color:#ffffff;--button_border_color:#ffffff;--button_accent_hover_color:#327ec7;--button_border_hover_color:#327ec7;--button_border_width-top:2px;--button_border_width-right:2px;--button_border_width-bottom:2px;--button_border_width-left:2px;--button-border-radius-top-left:0;--button-border-radius-top-right:0;--button-border-radius-bottom-right:0;--button-border-radius-bottom-left:0;--button_gradient_top_color:ghost;--button_gradient_bottom_color:ghost;--button_gradient_top_color_hover:ghost;--button_gradient_bottom_color_hover:ghost;--button_text_transform:uppercase;\" target=\"_self\" href=\"https:\/\/cdtrp.ca\/fr\/evenements\/asm-2021\/programme\/\"><span class=\"fusion-button-text\">Acc\u00e9dez ici<\/span><\/a><\/div><\/div><\/div><div class=\"fusion-clearfix\"><\/div><\/div><\/div><div class=\"fusion-layout-column fusion_builder_column fusion-builder-column-4 fusion_builder_column_1_3 1_3 fusion-one-third fusion-column-last\" style=\"--awb-padding-top:8%;--awb-padding-right:6%;--awb-padding-bottom:10%;--awb-padding-left:6%;--awb-bg-color:#77a290;--awb-bg-color-hover:#77a290;--awb-bg-position:center center;--awb-bg-size:cover;\"><div class=\"fusion-column-wrapper fusion-column-has-shadow fusion-flex-column-wrapper-legacy\"><div class=\"fusion-column-content-centered\"><div class=\"fusion-column-content\"><div class=\"fusion-fa-align-center\"><i class=\"fb-icon-element-3 fb-icon-element fontawesome-icon fa-chalkboard-teacher fas circle-no\" style=\"--awb-font-size:48px;\"><\/i><\/div><div class=\"fusion-sep-clear\"><\/div><div class=\"fusion-separator fusion-full-width-sep\" style=\"margin-left: auto;margin-right: auto;margin-top:1rem;margin-bottom:1rem;width:100%;\"><\/div><div class=\"fusion-sep-clear\"><\/div><div class=\"fusion-text fusion-text-7\"><h3 class=\"fusion-responsive-typography-calculated\" style=\"text-align: center; font-weight: 400; color: #ffffff; --fontsize: 28; line-height: 1.5;\" data-fontsize=\"28\" data-lineheight=\"42px\">Code de conduite et politiques<\/h3>\n<\/div><div class=\"fusion-sep-clear\"><\/div><div class=\"fusion-separator fusion-full-width-sep\" style=\"margin-left: auto;margin-right: auto;margin-top:1rem;margin-bottom:1rem;width:100%;\"><\/div><div class=\"fusion-sep-clear\"><\/div><div class=\"fusion-text fusion-text-8\"><p style=\"text-align: center;\"><span style=\"color: #ffffff;\">Veuillez consulter les politiques de la r\u00e9union avant d&rsquo;y assister (anglais seulement)<\/span><\/p>\n<\/div><div class=\"fusion-sep-clear\"><\/div><div class=\"fusion-separator fusion-full-width-sep\" style=\"margin-left: auto;margin-right: auto;margin-top:1rem;margin-bottom:1rem;width:100%;\"><\/div><div class=\"fusion-sep-clear\"><\/div><div class=\"fusion-aligncenter\"><a class=\"fusion-button button-flat button-large button-custom fusion-button-default button-3 fusion-button-span-no fusion-button-default-type\" style=\"--button_accent_color:#ffffff;--button_border_color:#ffffff;--button_accent_hover_color:#327ec7;--button_border_hover_color:#327ec7;--button_border_width-top:2px;--button_border_width-right:2px;--button_border_width-bottom:2px;--button_border_width-left:2px;--button-border-radius-top-left:0;--button-border-radius-top-right:0;--button-border-radius-bottom-right:0;--button-border-radius-bottom-left:0;--button_gradient_top_color:ghost;--button_gradient_bottom_color:ghost;--button_gradient_top_color_hover:ghost;--button_gradient_bottom_color_hover:ghost;\" target=\"_self\" href=\"https:\/\/cdtrp.ca\/fr\/evenements\/asm-2021\/code-de-conduite-et-politiques\/\"><span class=\"fusion-button-text\">Code de conduite et politiques<\/span><\/a><\/div><\/div><\/div><div class=\"fusion-clearfix\"><\/div><\/div><\/div><\/div><\/div><\/p>\n","protected":false},"excerpt":{"rendered":"","protected":false},"author":6,"featured_media":0,"parent":2830,"menu_order":21,"comment_status":"closed","ping_status":"closed","template":"100-width.php","meta":{"footnotes":""},"class_list":["post-13366","page","type-page","status-publish","hentry"],"_links":{"self":[{"href":"https:\/\/cdtrp.ca\/fr\/wp-json\/wp\/v2\/pages\/13366"}],"collection":[{"href":"https:\/\/cdtrp.ca\/fr\/wp-json\/wp\/v2\/pages"}],"about":[{"href":"https:\/\/cdtrp.ca\/fr\/wp-json\/wp\/v2\/types\/page"}],"author":[{"embeddable":true,"href":"https:\/\/cdtrp.ca\/fr\/wp-json\/wp\/v2\/users\/6"}],"replies":[{"embeddable":true,"href":"https:\/\/cdtrp.ca\/fr\/wp-json\/wp\/v2\/comments?post=13366"}],"version-history":[{"count":16,"href":"https:\/\/cdtrp.ca\/fr\/wp-json\/wp\/v2\/pages\/13366\/revisions"}],"predecessor-version":[{"id":14989,"href":"https:\/\/cdtrp.ca\/fr\/wp-json\/wp\/v2\/pages\/13366\/revisions\/14989"}],"up":[{"embeddable":true,"href":"https:\/\/cdtrp.ca\/fr\/wp-json\/wp\/v2\/pages\/2830"}],"wp:attachment":[{"href":"https:\/\/cdtrp.ca\/fr\/wp-json\/wp\/v2\/media?parent=13366"}],"curies":[{"name":"wp","href":"https:\/\/api.w.org\/{rel}","templated":true}]}}