{"id":7003,"date":"2020-09-14T19:54:12","date_gmt":"2020-09-14T19:54:12","guid":{"rendered":"https:\/\/cdtrp.ca\/?page_id=7003"},"modified":"2021-06-18T10:21:54","modified_gmt":"2021-06-18T15:21:54","slug":"programday1","status":"publish","type":"page","link":"https:\/\/cdtrp.ca\/en\/programday1\/","title":{"rendered":"Program Day I &#8211; Thursday, October 15"},"content":{"rendered":"<div class=\"fusion-fullwidth fullwidth-box fusion-builder-row-1 nonhundred-percent-fullwidth non-hundred-percent-height-scrolling\" style=\"--awb-background-position:left top;--awb-border-sizes-top:0px;--awb-border-sizes-bottom:0px;--awb-border-sizes-left:0px;--awb-border-sizes-right:0px;--awb-border-radius-top-left:0px;--awb-border-radius-top-right:0px;--awb-border-radius-bottom-right:0px;--awb-border-radius-bottom-left:0px;--awb-flex-wrap:wrap;\" ><div class=\"fusion-builder-row fusion-row\"><div class=\"fusion-layout-column fusion_builder_column fusion-builder-column-0 fusion_builder_column_1_1 1_1 fusion-one-full fusion-column-first fusion-column-last\" style=\"--awb-padding-top:6rem;--awb-padding-right:3rem;--awb-padding-bottom:6rem;--awb-padding-left:3rem;--awb-bg-color:#ffffff;--awb-bg-color-hover:#ffffff;--awb-bg-size:cover;--awb-box-shadow:0px 0px 25px 0px rgba(0,0,0,0.5);;--awb-margin-top:-12rem;\"><div class=\"fusion-column-wrapper fusion-column-has-shadow fusion-flex-column-wrapper-legacy\"><div class=\"fusion-sep-clear\"><\/div><div class=\"fusion-separator fusion-full-width-sep\" style=\"margin-left: auto;margin-right: auto;margin-top:1rem;margin-bottom:1rem;width:100%;\"><\/div><div class=\"fusion-sep-clear\"><\/div><div class=\"fusion-text fusion-text-1\"><h5 style=\"text-align: center;\">Please note the following program <strong>was carried out on October 15, 2020.<\/strong><\/h5>\n<h6 style=\"text-align: center;\"><strong>\u00a0<\/strong><\/h6>\n<\/div><div class=\"accordian fusion-accordian\" style=\"--awb-border-size:1px;--awb-icon-size:13px;--awb-content-font-size:1rem;--awb-icon-alignment:left;--awb-hover-color:#f9f9f9;--awb-border-color:#cccccc;--awb-background-color:#ffffff;--awb-divider-color:#e0dede;--awb-divider-hover-color:#e0dede;--awb-icon-color:#ffffff;--awb-title-color:#aa0e13;--awb-content-color:#7e8890;--awb-icon-box-color:#333333;--awb-toggle-hover-accent-color:#ab8b65;--awb-title-font-family:&quot;Open Sans&quot;;--awb-title-font-weight:regular;--awb-title-font-style:normal;--awb-title-font-size:18px;--awb-content-font-family:&quot;Open Sans&quot;;--awb-content-font-style:normal;--awb-content-font-weight:regular;\"><div class=\"panel-group fusion-toggle-icon-boxed\" id=\"accordion-7003-1\"><div class=\"fusion-panel panel-default panel-0f6efe6e25ac7a861 fusion-toggle-has-divider\"><div class=\"panel-heading\"><h4 class=\"panel-title toggle\" id=\"toggle_0f6efe6e25ac7a861\"><a aria-expanded=\"false\" aria-controls=\"0f6efe6e25ac7a861\" role=\"button\" data-toggle=\"collapse\" data-parent=\"#accordion-7003-1\" data-target=\"#0f6efe6e25ac7a861\" href=\"#0f6efe6e25ac7a861\"><span class=\"fusion-toggle-icon-wrapper\" aria-hidden=\"true\"><i class=\"fa-fusion-box active-icon awb-icon-minus\" aria-hidden=\"true\"><\/i><i class=\"fa-fusion-box inactive-icon awb-icon-plus\" aria-hidden=\"true\"><\/i><\/span><span class=\"fusion-toggle-heading\">Morning - Family and Caregivers<\/span><\/a><\/h4><\/div><div id=\"0f6efe6e25ac7a861\" class=\"panel-collapse collapse \" aria-labelledby=\"toggle_0f6efe6e25ac7a861\"><div class=\"panel-body toggle-content fusion-clearfix\">\n<h6><strong>11:00 &#8211; 11:15 &#8211; Welcome Remarks and Overview of the Event<br \/>\n<\/strong><\/h6>\n<p><strong>11:15 &#8211; 11:25 &#8211; What it means to be a Patient, Family and Donor Research Partner &#8211; <a href=\"https:\/\/cdtrp.ca\/wp-content\/uploads\/2020\/11\/Welcome-Remarks-and-What-it-Means-to-be-a-PFD.mp4\">View Recording<\/a><\/strong><br \/>\nDr. Marie-Chantal Fortin, CDTRP <a href=\"https:\/\/cdtrp.ca\/en\/platforms\/patient-family-and-donor-researcher-partnership-platform\/\">PFD Platform<\/a> Lead and Sylvain B\u00e9dard* , CDTRP PFD Co-Lead<br \/>\n<em>In this introduction, you will learn what it means to be a part of a research project as a patient, family or donor within the CDTRP.<\/em><\/p>\n<p><strong>11:25 &#8211; 11:40 &#8211; Keynote: Projet Laurent &#8211; <a href=\"https:\/\/cdtrp.ca\/wp-content\/uploads\/2020\/11\/Project-Laurent.mp4\">View Recording<\/a><\/strong><br \/>\nDr. H\u00e9lene Tessier*, Laurent Tessier* and Dr. M\u00e9lanie Dieud\u00e9<br \/>\n<em>Enjoy a review of Projet Laurent, a research initiative that stemmed from a pediatric patient and his mother about the importance of companionship and a pet during recovery from transplant.<\/em><\/p>\n<p><strong>11:40 &#8211; 11:55 &#8211; Panel and Q&amp;A: Is there a place in research for patient, family and donor initiatives? <\/strong><br \/>\nDr. H\u00e9lene Tessier*, Sylvain B\u00e9dard* and Dr. M\u00e9lanie Dieud\u00e9<br \/>\n<em>Join in the discussion as we discuss patient-led and initiated research from a patient, family and donor standpoint.<\/em><\/p>\n<h6><strong>11:55 &#8211; 12:00 &#8211; Break<\/strong><\/h6>\n<p><strong>12:00 &#8211; 12:15 &#8211; Research 101: Family-Caregiver Focus &#8211; <a href=\"https:\/\/cdtrp.ca\/wp-content\/uploads\/2020\/11\/Research-101-Family-Caregiver-Focus.mp4\">View Recording<\/a><\/strong><br \/>\nSarah Pol and Dr. Sonny Dhanani<br \/>\n<em>Listen to a clinician and a research assistant discuss the importance of having a family-caregiver input in guiding a research project for successful outcomes.<\/em><\/p>\n<p><strong>12:15 &#8211; 12:30 &#8211; My Experience in Research and Q&amp;A &#8211; <a href=\"https:\/\/cdtrp.ca\/wp-content\/uploads\/2020\/11\/My-Experience-in-Research.mp4\">View Recording<\/a><\/strong><br \/>\nJoanna Mitchell* and Heather Talbot*<br \/>\n<em>Learn from two CDTRP Patient, Family and Donor Research partners discuss their experience as donor family and caregiver.<\/em><\/p>\n<p><strong>12:30 &#8211; 12:45 &#8211; Care Reform during COVID-19: Engaging with Patient, Family and Donor Experiences &#8211; <a href=\"https:\/\/cdtrp.ca\/wp-content\/uploads\/2020\/11\/Anna-Horton.mp4\">View Recording<\/a><br \/>\n<\/strong>Anna Horton (CDTRP Trainee)<strong><br \/>\n<\/strong><\/p>\n<h6><strong>12:45 &#8211; 13:00 &#8211; Closing Remarks and End of Block I<\/strong><\/h6>\n<p><em><span style=\"color: #800000;\">*Patient, Family and Donor Representative<\/span><\/em><\/p>\n<p><a href=\"https:\/\/cdtrp.ca\/wp-content\/uploads\/2020\/11\/GMT20201015-150008_Patient-F.transcript.vtt\">View Transcript<\/a><\/p>\n<p>Please note that transcripts are in .vtt format and are auto-scripted. There may be discrepancies.<\/p>\n<\/div><\/div><\/div><div class=\"fusion-panel panel-default panel-d28806e4e5532b1f8 fusion-toggle-has-divider\"><div class=\"panel-heading\"><h4 class=\"panel-title toggle\" id=\"toggle_d28806e4e5532b1f8\"><a aria-expanded=\"false\" aria-controls=\"d28806e4e5532b1f8\" role=\"button\" data-toggle=\"collapse\" data-parent=\"#accordion-7003-1\" data-target=\"#d28806e4e5532b1f8\" href=\"#d28806e4e5532b1f8\"><span class=\"fusion-toggle-icon-wrapper\" aria-hidden=\"true\"><i class=\"fa-fusion-box active-icon awb-icon-minus\" aria-hidden=\"true\"><\/i><i class=\"fa-fusion-box inactive-icon awb-icon-plus\" aria-hidden=\"true\"><\/i><\/span><span class=\"fusion-toggle-heading\">Afternoon - Transplant Recipients<\/span><\/a><\/h4><\/div><div id=\"d28806e4e5532b1f8\" class=\"panel-collapse collapse \" aria-labelledby=\"toggle_d28806e4e5532b1f8\"><div class=\"panel-body toggle-content fusion-clearfix\">\n<h6><strong>14:00 &#8211; 14:05 &#8211; Welcome back<\/strong><\/h6>\n<p><strong>14:05 &#8211; 14:40 &#8211; Keynote Panel and Q&amp;A: The Impact of COVID-19 on the Transplant Recipient Community &#8211; <a href=\"https:\/\/cdtrp.ca\/wp-content\/uploads\/2020\/11\/Keynote-Panel-Impact-of-COVID-19-on-the-Tx-Recipient.mp4\">View Recording<\/a><\/strong><br \/>\nDr. James Lan, Dr. Isabelle Dor\u00e9, Sherrie Logan* and Elizabeth Ingram*<br \/>\n<em>Listen and learn from two researchers and two patient and family research partners share their experiences of the impact of COVID-19 on the transplant recipient community and their families. Audience discussion and feedback will be welcome!<\/em><\/p>\n<p>Supported by Astellas Pharma Canada, Inc.\u00a0 <a href=\"https:\/\/www.astellas.com\/ca\/en\/\"><img decoding=\"async\" class=\"lazyload alignnone wp-image-7445\" src=\"https:\/\/cdtrp.ca\/wp-content\/uploads\/2020\/10\/AST_H_FC_RGB-scaled.jpg\" data-orig-src=\"https:\/\/cdtrp.ca\/wp-content\/uploads\/2020\/10\/AST_H_FC_RGB-scaled.jpg\" alt=\"\" width=\"106\" height=\"29\" srcset=\"data:image\/svg+xml,%3Csvg%20xmlns%3D%27http%3A%2F%2Fwww.w3.org%2F2000%2Fsvg%27%20width%3D%27106%27%20height%3D%2729%27%20viewBox%3D%270%200%20106%2029%27%3E%3Crect%20width%3D%27106%27%20height%3D%2729%27%20fill-opacity%3D%220%22%2F%3E%3C%2Fsvg%3E\" data-srcset=\"https:\/\/cdtrp.ca\/wp-content\/uploads\/2020\/10\/AST_H_FC_RGB-200x55.jpg 200w, https:\/\/cdtrp.ca\/wp-content\/uploads\/2020\/10\/AST_H_FC_RGB-300x82.jpg 300w, https:\/\/cdtrp.ca\/wp-content\/uploads\/2020\/10\/AST_H_FC_RGB-400x110.jpg 400w, https:\/\/cdtrp.ca\/wp-content\/uploads\/2020\/10\/AST_H_FC_RGB-600x164.jpg 600w, https:\/\/cdtrp.ca\/wp-content\/uploads\/2020\/10\/AST_H_FC_RGB-768x210.jpg 768w, https:\/\/cdtrp.ca\/wp-content\/uploads\/2020\/10\/AST_H_FC_RGB-800x219.jpg 800w, https:\/\/cdtrp.ca\/wp-content\/uploads\/2020\/10\/AST_H_FC_RGB-1024x280.jpg 1024w, https:\/\/cdtrp.ca\/wp-content\/uploads\/2020\/10\/AST_H_FC_RGB-1200x329.jpg 1200w, https:\/\/cdtrp.ca\/wp-content\/uploads\/2020\/10\/AST_H_FC_RGB-1536x421.jpg 1536w, https:\/\/cdtrp.ca\/wp-content\/uploads\/2020\/10\/AST_H_FC_RGB-scaled.jpg 2560w\" data-sizes=\"auto\" data-orig-sizes=\"(max-width: 106px) 100vw, 106px\" \/><\/a><\/p>\n<h6><strong>14:40 &#8211; 14:45 &#8211; Break<\/strong><\/h6>\n<p><strong>14:45 &#8211; 15:00 &#8211; AOG: A Community-based Initiative and Q&amp;A &#8211; <a href=\"https:\/\/cdtrp.ca\/wp-content\/uploads\/2020\/11\/AOG-A-Community-based-initiative.mp4\">View Recording<\/a><\/strong><br \/>\nLinda Powell* and Murray Wilson*<br \/>\n<em>Enjoy this presentation of a patient-led organizational and economic assessment being conducted within Alberta.<\/em><\/p>\n<p><strong>15:00 &#8211; 15:25 &#8211; Research 101: Transplant Recipient Focus and Q&amp;A &#8211; <a href=\"https:\/\/cdtrp.ca\/wp-content\/uploads\/2020\/12\/PFD-Forum-Block-2-Exercise-Talk.mp4\">View Recording<\/a><\/strong><br \/>\nLiz Schick, Brenda Brown and Donna Hart*<br \/>\n<em>Representatives from the Canadian Transplant Association and World Transplant Games Federation along with athlete and transplant recipient, Donna Hart, will discuss the history and anecdotal evidence and examples of how sport facilitates transplant health.<\/em><\/p>\n<p><strong>15:25 &#8211; 15:45 &#8211; My Experience in Research: Peer Review, Knowledge Translation and Training and Q&amp;A &#8211; <a href=\"https:\/\/cdtrp.ca\/wp-content\/uploads\/2020\/11\/B2-My-Experience-in-Research.mp4\">View Recording<\/a><\/strong><br \/>\nLarry Worfolk*, Shelby Gielen* and Dr. Leanne Stalker<br \/>\n<em>Enjoy this moderated session of two patient, family and donor research partners who will discuss their roles in research and how their own knowledge has grown.<\/em><\/p>\n<p><strong>15:45 &#8211; 16:00 &#8211; Can-Restore Intro and Dance Break<br \/>\n<\/strong>If you wish to see the dance series, <a href=\"https:\/\/youtu.be\/-dmiri4VFlE\">access the videos here.<\/a><br \/>\nDr. Sunita Mathur, Dr. Tania Janaudis-Ferreira and Manoela Ferreira (CDTRP Trainee)<br \/>\n<em>Bust some moves with us!<\/em><\/p>\n<p><strong>16:00 &#8211; 16:30 &#8211; Panel and Q&amp;A &#8211; Deemed Consent: Canada&#8217;s Vantage Point &#8211; <a href=\"https:\/\/cdtrp.ca\/wp-content\/uploads\/2020\/11\/Deemed-Consent-Canadas-Vantage-Point.mp4\">View Recording<\/a><\/strong><br \/>\nDr. Matthew Weiss, Alessandro Marcon and Hans Vorster*<br \/>\n<em>Since Nova Scotia&#8217;s new legislation of deemed consent, this panel of experts will discuss the overall objectives and evaluation of public opinion being conducted.<\/em><\/p>\n<p><strong>16:30 &#8211; 16:50 &#8211; An Introduction to Health Canada ODT Collaborative and Patient Advocate Advisory Committee and Q&amp;A &#8211; <a href=\"https:\/\/cdtrp.ca\/wp-content\/uploads\/2020\/11\/An-Introduction-to-Health-Canada-ODT-Collabo-and-PAAC.mp4\">View Recording<\/a><\/strong><br \/>\nCindy Moriarty, Randy Spensley* and Lydia Lauder<br \/>\n<em>Enjoy a brief introduction of Health Canada&#8217;s initiatives involved in donation and transplantation.<\/em><\/p>\n<h6><strong>16:50 &#8211; 17:00 &#8211; Thank you and closing remarks<\/strong><\/h6>\n<p><em><span style=\"color: #800000;\">*Patient, Family and Donor Representative<\/span><\/em><\/p>\n<p><a href=\"https:\/\/cdtrp.ca\/wp-content\/uploads\/2020\/11\/GMT20201015-180229_Patient-F.transcript.vtt\">View Transcript<\/a><\/p>\n<p>Please note that transcripts are in .vtt format and are auto-scripted. There may be discrepancies.<\/p>\n<\/div><\/div><\/div><\/div><\/div><div class=\"fusion-clearfix\"><\/div><\/div><\/div><\/div><\/div>\n","protected":false},"excerpt":{"rendered":"","protected":false},"author":6,"featured_media":0,"parent":0,"menu_order":4,"comment_status":"closed","ping_status":"closed","template":"","meta":{"footnotes":""},"class_list":["post-7003","page","type-page","status-publish","hentry"],"_links":{"self":[{"href":"https:\/\/cdtrp.ca\/en\/wp-json\/wp\/v2\/pages\/7003"}],"collection":[{"href":"https:\/\/cdtrp.ca\/en\/wp-json\/wp\/v2\/pages"}],"about":[{"href":"https:\/\/cdtrp.ca\/en\/wp-json\/wp\/v2\/types\/page"}],"author":[{"embeddable":true,"href":"https:\/\/cdtrp.ca\/en\/wp-json\/wp\/v2\/users\/6"}],"replies":[{"embeddable":true,"href":"https:\/\/cdtrp.ca\/en\/wp-json\/wp\/v2\/comments?post=7003"}],"version-history":[{"count":47,"href":"https:\/\/cdtrp.ca\/en\/wp-json\/wp\/v2\/pages\/7003\/revisions"}],"predecessor-version":[{"id":11500,"href":"https:\/\/cdtrp.ca\/en\/wp-json\/wp\/v2\/pages\/7003\/revisions\/11500"}],"wp:attachment":[{"href":"https:\/\/cdtrp.ca\/en\/wp-json\/wp\/v2\/media?parent=7003"}],"curies":[{"name":"wp","href":"https:\/\/api.w.org\/{rel}","templated":true}]}}